{"id":459,"date":"2023-10-27T11:37:07","date_gmt":"2023-10-27T09:37:07","guid":{"rendered":"https:\/\/www.boileau-music.com\/composicion-orquestacion-bandas-sonoras\/?page_id=459"},"modified":"2025-02-19T23:32:08","modified_gmt":"2025-02-19T22:32:08","slug":"el-libro","status":"publish","type":"page","link":"https:\/\/www.myscores.es\/composicion-orquestacion-bandas-sonoras\/el-libro\/","title":{"rendered":"El libro"},"content":{"rendered":"\n<p class=\"has-text-align-right has-black-color has-text-color has-background\" style=\"background-color:#d6bda4\">\u00abSi se quiere conseguir la realizaci\u00f3n de un trabajo creativo, consistente profesionalmente y de un alto nivel emocional, puedo afirmar que el libro de Llu\u00eds Verg\u00e9s ayudar\u00e1 much\u00edsimo a alcanzar este objetivo\u00bb.<br><strong>Joan Albert Amarg\u00f3s<\/strong><\/p>\n\n\n\n<p>La <strong>banda sonora<\/strong> es un elemento fundamental en cualquier audiovisual de corta o larga duraci\u00f3n. La m\u00fasica se abri\u00f3 paso desde el nacimiento del cine como base primordial para la expresi\u00f3n de emociones que el texto, por s\u00ed solo, no pod\u00eda comunicar. El actual compositor de bandas sonoras debe conocer este lenguaje que, aunque obedece a ciertas convenciones y no es ajeno a distintas modas, requiere a su vez de sobrados recursos mel\u00f3dicos, arm\u00f3nicos y orquestales.<\/p>\n\n\n\n<p>Llu\u00eds Verg\u00e9s publica su segundo libro de la Colecci\u00f3n Escuela de M\u00fasicos, <strong>Composici\u00f3n y orquestaci\u00f3n para bandas sonoras<\/strong> <strong><em>(Film Scoring)<\/em><\/strong> en el que se abarca de forma exhaustiva los procedimientos necesarios para crear m\u00fasica instrumental para el g\u00e9nero audiovisual.<\/p>\n\n\n\n<figure class=\"wp-block-embed is-type-video is-provider-youtube wp-block-embed-youtube wp-embed-aspect-16-9 wp-has-aspect-ratio\"><div class=\"wp-block-embed__wrapper\">\n<div class=\"epyt-video-wrapper\"><div  style=\"display: block; margin: 0px auto;\"  id=\"_ytid_61953\"  width=\"525\" height=\"295\"  data-origwidth=\"525\" data-origheight=\"295\" data-facadesrc=\"https:\/\/www.youtube.com\/embed\/0_rJj5S7e2I?enablejsapi=1&#038;autoplay=0&#038;cc_load_policy=0&#038;iv_load_policy=1&#038;loop=0&#038;modestbranding=0&#038;fs=1&#038;playsinline=0&#038;controls=1&#038;color=red&#038;cc_lang_pref=&#038;rel=0&#038;autohide=2&#038;theme=dark&#038;\" class=\"__youtube_prefs__ epyt-facade epyt-is-override  no-lazyload\" data-epautoplay=\"1\" ><img decoding=\"async\" data-spai-excluded=\"true\" class=\"epyt-facade-poster skip-lazy\" loading=\"lazy\"  alt=\"YouTube player\"  src=\"https:\/\/i.ytimg.com\/vi\/0_rJj5S7e2I\/maxresdefault.jpg\"  \/><button class=\"epyt-facade-play\" aria-label=\"Play\"><svg data-no-lazy=\"1\" height=\"100%\" version=\"1.1\" viewBox=\"0 0 68 48\" width=\"100%\"><path class=\"ytp-large-play-button-bg\" d=\"M66.52,7.74c-0.78-2.93-2.49-5.41-5.42-6.19C55.79,.13,34,0,34,0S12.21,.13,6.9,1.55 C3.97,2.33,2.27,4.81,1.48,7.74C0.06,13.05,0,24,0,24s0.06,10.95,1.48,16.26c0.78,2.93,2.49,5.41,5.42,6.19 C12.21,47.87,34,48,34,48s21.79-0.13,27.1-1.55c2.93-0.78,4.64-3.26,5.42-6.19C67.94,34.95,68,24,68,24S67.94,13.05,66.52,7.74z\" fill=\"#f00\"><\/path><path d=\"M 45,24 27,14 27,34\" fill=\"#fff\"><\/path><\/svg><\/button><\/div><\/div>\n<\/div><\/figure>\n\n\n\n<p>En un momento en el que la tecnolog\u00eda \u00abmidi\u00bb tiene tanto peso en todas las disciplinas musicales, el autor aboga por ofrecer un conocimiento real de la orquesta y sus t\u00e9cnicas, imprescindible para dar verosimilitud y emocionalidad a cualquier pasaje. Este libro brinda todo tipo de soluciones para la creaci\u00f3n de una m\u00fasica que requiere un alto conocimiento t\u00e9cnico y una creatividad condicionada a la dramatizaci\u00f3n de una imagen.<\/p>\n\n\n\n<blockquote class=\"wp-block-quote\">\n<p><\/p>\n<\/blockquote>\n\n\n\n<p class=\"has-text-align-center has-white-color has-black-background-color has-text-color has-background\"><strong>M\u00e1s de 700 ejemplos musicales&nbsp;en partitura seleccionados de entre m\u00e1s de 100 pel\u00edculas y obras cl\u00e1sicas del repertorio<\/strong><\/p>\n\n\n<div class=\"wp-block-image\">\n<figure class=\"aligncenter size-large\"><img decoding=\"async\" loading=\"lazy\" width=\"1024\" height=\"750\" src=\"https:\/\/www.boileau-music.com\/composicion-orquestacion-bandas-sonoras\/wp-content\/uploads\/2023\/10\/Composicio\u0301n-Orquestacion-Bandas-Sonoras-Verges-musica-1024x750.jpg\" alt=\"\" class=\"wp-image-478\" srcset=\"https:\/\/www.myscores.es\/composicion-orquestacion-bandas-sonoras\/wp-content\/uploads\/2023\/10\/Composicio\u0301n-Orquestacion-Bandas-Sonoras-Verges-musica-1024x750.jpg 1024w, https:\/\/www.myscores.es\/composicion-orquestacion-bandas-sonoras\/wp-content\/uploads\/2023\/10\/Composicio\u0301n-Orquestacion-Bandas-Sonoras-Verges-musica-300x220.jpg 300w, https:\/\/www.myscores.es\/composicion-orquestacion-bandas-sonoras\/wp-content\/uploads\/2023\/10\/Composicio\u0301n-Orquestacion-Bandas-Sonoras-Verges-musica-768x562.jpg 768w, https:\/\/www.myscores.es\/composicion-orquestacion-bandas-sonoras\/wp-content\/uploads\/2023\/10\/Composicio\u0301n-Orquestacion-Bandas-Sonoras-Verges-musica-1536x1124.jpg 1536w, https:\/\/www.myscores.es\/composicion-orquestacion-bandas-sonoras\/wp-content\/uploads\/2023\/10\/Composicio\u0301n-Orquestacion-Bandas-Sonoras-Verges-musica-2048x1499.jpg 2048w\" sizes=\"(max-width: 706px) 89vw, (max-width: 767px) 82vw, 740px\" \/><\/figure><\/div>\n\n\n<p class=\"has-text-align-center has-white-color has-black-background-color has-text-color has-background\"><strong>Gr\u00e1ficos orquestales<\/strong><\/p>\n\n\n<div class=\"wp-block-image\">\n<figure class=\"aligncenter size-full\"><img decoding=\"async\" loading=\"lazy\" width=\"2104\" height=\"1540\" src=\"https:\/\/www.boileau-music.com\/composicion-orquestacion-bandas-sonoras\/wp-content\/uploads\/2023\/10\/Composicio\u0301n-Orquestacion-Bandas-Sonoras-Verges-graficas-2.jpg\" alt=\"\" class=\"wp-image-476\" srcset=\"https:\/\/www.myscores.es\/composicion-orquestacion-bandas-sonoras\/wp-content\/uploads\/2023\/10\/Composicio\u0301n-Orquestacion-Bandas-Sonoras-Verges-graficas-2.jpg 2104w, https:\/\/www.myscores.es\/composicion-orquestacion-bandas-sonoras\/wp-content\/uploads\/2023\/10\/Composicio\u0301n-Orquestacion-Bandas-Sonoras-Verges-graficas-2-300x220.jpg 300w, https:\/\/www.myscores.es\/composicion-orquestacion-bandas-sonoras\/wp-content\/uploads\/2023\/10\/Composicio\u0301n-Orquestacion-Bandas-Sonoras-Verges-graficas-2-1024x750.jpg 1024w, https:\/\/www.myscores.es\/composicion-orquestacion-bandas-sonoras\/wp-content\/uploads\/2023\/10\/Composicio\u0301n-Orquestacion-Bandas-Sonoras-Verges-graficas-2-768x562.jpg 768w, https:\/\/www.myscores.es\/composicion-orquestacion-bandas-sonoras\/wp-content\/uploads\/2023\/10\/Composicio\u0301n-Orquestacion-Bandas-Sonoras-Verges-graficas-2-1536x1124.jpg 1536w, https:\/\/www.myscores.es\/composicion-orquestacion-bandas-sonoras\/wp-content\/uploads\/2023\/10\/Composicio\u0301n-Orquestacion-Bandas-Sonoras-Verges-graficas-2-2048x1499.jpg 2048w\" sizes=\"(max-width: 706px) 89vw, (max-width: 767px) 82vw, 740px\" \/><\/figure><\/div>\n\n\n<p class=\"has-text-align-center has-white-color has-black-background-color has-text-color has-background\"><strong>M\u00e1s de 500 audios&nbsp;online<\/strong><\/p>\n\n\n\n<div class=\"wp-block-columns is-layout-flex wp-container-3\">\n<div class=\"wp-block-column is-layout-flow\">\n<figure class=\"wp-block-embed is-type-video is-provider-youtube wp-block-embed-youtube wp-embed-aspect-16-9 wp-has-aspect-ratio\"><div class=\"wp-block-embed__wrapper\">\n<div class=\"epyt-video-wrapper\"><div  style=\"display: block; margin: 0px auto;\"  id=\"_ytid_44404\"  width=\"525\" height=\"295\"  data-origwidth=\"525\" data-origheight=\"295\" data-facadesrc=\"https:\/\/www.youtube.com\/embed\/aNnFdnoAhhc?enablejsapi=1&#038;autoplay=0&#038;cc_load_policy=0&#038;iv_load_policy=1&#038;loop=0&#038;modestbranding=0&#038;fs=1&#038;playsinline=0&#038;controls=1&#038;color=red&#038;cc_lang_pref=&#038;rel=0&#038;autohide=2&#038;theme=dark&#038;\" class=\"__youtube_prefs__ epyt-facade epyt-is-override  no-lazyload\" data-epautoplay=\"1\" ><img decoding=\"async\" data-spai-excluded=\"true\" class=\"epyt-facade-poster skip-lazy\" loading=\"lazy\"  alt=\"YouTube player\"  src=\"https:\/\/i.ytimg.com\/vi\/aNnFdnoAhhc\/maxresdefault.jpg\"  \/><button class=\"epyt-facade-play\" aria-label=\"Play\"><svg data-no-lazy=\"1\" height=\"100%\" version=\"1.1\" viewBox=\"0 0 68 48\" width=\"100%\"><path class=\"ytp-large-play-button-bg\" d=\"M66.52,7.74c-0.78-2.93-2.49-5.41-5.42-6.19C55.79,.13,34,0,34,0S12.21,.13,6.9,1.55 C3.97,2.33,2.27,4.81,1.48,7.74C0.06,13.05,0,24,0,24s0.06,10.95,1.48,16.26c0.78,2.93,2.49,5.41,5.42,6.19 C12.21,47.87,34,48,34,48s21.79-0.13,27.1-1.55c2.93-0.78,4.64-3.26,5.42-6.19C67.94,34.95,68,24,68,24S67.94,13.05,66.52,7.74z\" fill=\"#f00\"><\/path><path d=\"M 45,24 27,14 27,34\" fill=\"#fff\"><\/path><\/svg><\/button><\/div><\/div>\n<\/div><\/figure>\n<\/div>\n\n\n\n<div class=\"wp-block-column is-layout-flow\">\n<figure class=\"wp-block-embed is-type-video is-provider-youtube wp-block-embed-youtube wp-embed-aspect-16-9 wp-has-aspect-ratio\"><div class=\"wp-block-embed__wrapper\">\n<div class=\"epyt-video-wrapper\"><div  style=\"display: block; margin: 0px auto;\"  id=\"_ytid_47515\"  width=\"525\" height=\"295\"  data-origwidth=\"525\" data-origheight=\"295\" data-facadesrc=\"https:\/\/www.youtube.com\/embed\/t8uEw5meh5c?enablejsapi=1&#038;autoplay=0&#038;cc_load_policy=0&#038;iv_load_policy=1&#038;loop=0&#038;modestbranding=0&#038;fs=1&#038;playsinline=0&#038;controls=1&#038;color=red&#038;cc_lang_pref=&#038;rel=0&#038;autohide=2&#038;theme=dark&#038;\" class=\"__youtube_prefs__ epyt-facade epyt-is-override  no-lazyload\" data-epautoplay=\"1\" ><img decoding=\"async\" data-spai-excluded=\"true\" class=\"epyt-facade-poster skip-lazy\" loading=\"lazy\"  alt=\"YouTube player\"  src=\"https:\/\/i.ytimg.com\/vi\/t8uEw5meh5c\/maxresdefault.jpg\"  \/><button class=\"epyt-facade-play\" aria-label=\"Play\"><svg data-no-lazy=\"1\" height=\"100%\" version=\"1.1\" viewBox=\"0 0 68 48\" width=\"100%\"><path class=\"ytp-large-play-button-bg\" d=\"M66.52,7.74c-0.78-2.93-2.49-5.41-5.42-6.19C55.79,.13,34,0,34,0S12.21,.13,6.9,1.55 C3.97,2.33,2.27,4.81,1.48,7.74C0.06,13.05,0,24,0,24s0.06,10.95,1.48,16.26c0.78,2.93,2.49,5.41,5.42,6.19 C12.21,47.87,34,48,34,48s21.79-0.13,27.1-1.55c2.93-0.78,4.64-3.26,5.42-6.19C67.94,34.95,68,24,68,24S67.94,13.05,66.52,7.74z\" fill=\"#f00\"><\/path><path d=\"M 45,24 27,14 27,34\" fill=\"#fff\"><\/path><\/svg><\/button><\/div><\/div>\n<\/div><\/figure>\n<\/div>\n<\/div>\n\n\n\n<div class=\"wp-block-columns is-layout-flex wp-container-6\">\n<div class=\"wp-block-column is-layout-flow\">\n<figure class=\"wp-block-embed is-type-video is-provider-youtube wp-block-embed-youtube wp-embed-aspect-16-9 wp-has-aspect-ratio\"><div class=\"wp-block-embed__wrapper\">\n<div class=\"epyt-video-wrapper\"><div  style=\"display: block; margin: 0px auto;\"  id=\"_ytid_50179\"  width=\"525\" height=\"295\"  data-origwidth=\"525\" data-origheight=\"295\" data-facadesrc=\"https:\/\/www.youtube.com\/embed\/PqhPWy3jkG0?enablejsapi=1&#038;autoplay=0&#038;cc_load_policy=0&#038;iv_load_policy=1&#038;loop=0&#038;modestbranding=0&#038;fs=1&#038;playsinline=0&#038;controls=1&#038;color=red&#038;cc_lang_pref=&#038;rel=0&#038;autohide=2&#038;theme=dark&#038;\" class=\"__youtube_prefs__ epyt-facade epyt-is-override  no-lazyload\" data-epautoplay=\"1\" ><img decoding=\"async\" data-spai-excluded=\"true\" class=\"epyt-facade-poster skip-lazy\" loading=\"lazy\"  alt=\"YouTube player\"  src=\"https:\/\/i.ytimg.com\/vi\/PqhPWy3jkG0\/maxresdefault.jpg\"  \/><button class=\"epyt-facade-play\" aria-label=\"Play\"><svg data-no-lazy=\"1\" height=\"100%\" version=\"1.1\" viewBox=\"0 0 68 48\" width=\"100%\"><path class=\"ytp-large-play-button-bg\" d=\"M66.52,7.74c-0.78-2.93-2.49-5.41-5.42-6.19C55.79,.13,34,0,34,0S12.21,.13,6.9,1.55 C3.97,2.33,2.27,4.81,1.48,7.74C0.06,13.05,0,24,0,24s0.06,10.95,1.48,16.26c0.78,2.93,2.49,5.41,5.42,6.19 C12.21,47.87,34,48,34,48s21.79-0.13,27.1-1.55c2.93-0.78,4.64-3.26,5.42-6.19C67.94,34.95,68,24,68,24S67.94,13.05,66.52,7.74z\" fill=\"#f00\"><\/path><path d=\"M 45,24 27,14 27,34\" fill=\"#fff\"><\/path><\/svg><\/button><\/div><\/div>\n<\/div><\/figure>\n<\/div>\n\n\n\n<div class=\"wp-block-column is-layout-flow\">\n<figure class=\"wp-block-embed is-type-video is-provider-youtube wp-block-embed-youtube wp-embed-aspect-16-9 wp-has-aspect-ratio\"><div class=\"wp-block-embed__wrapper\">\n<div class=\"epyt-video-wrapper\"><div  style=\"display: block; margin: 0px auto;\"  id=\"_ytid_26044\"  width=\"525\" height=\"295\"  data-origwidth=\"525\" data-origheight=\"295\" data-facadesrc=\"https:\/\/www.youtube.com\/embed\/7Eiatlg7UA4?enablejsapi=1&#038;autoplay=0&#038;cc_load_policy=0&#038;iv_load_policy=1&#038;loop=0&#038;modestbranding=0&#038;fs=1&#038;playsinline=0&#038;controls=1&#038;color=red&#038;cc_lang_pref=&#038;rel=0&#038;autohide=2&#038;theme=dark&#038;\" class=\"__youtube_prefs__ epyt-facade epyt-is-override  no-lazyload\" data-epautoplay=\"1\" ><img decoding=\"async\" data-spai-excluded=\"true\" class=\"epyt-facade-poster skip-lazy\" loading=\"lazy\"  alt=\"YouTube player\"  src=\"https:\/\/i.ytimg.com\/vi\/7Eiatlg7UA4\/maxresdefault.jpg\"  \/><button class=\"epyt-facade-play\" aria-label=\"Play\"><svg data-no-lazy=\"1\" height=\"100%\" version=\"1.1\" viewBox=\"0 0 68 48\" width=\"100%\"><path class=\"ytp-large-play-button-bg\" d=\"M66.52,7.74c-0.78-2.93-2.49-5.41-5.42-6.19C55.79,.13,34,0,34,0S12.21,.13,6.9,1.55 C3.97,2.33,2.27,4.81,1.48,7.74C0.06,13.05,0,24,0,24s0.06,10.95,1.48,16.26c0.78,2.93,2.49,5.41,5.42,6.19 C12.21,47.87,34,48,34,48s21.79-0.13,27.1-1.55c2.93-0.78,4.64-3.26,5.42-6.19C67.94,34.95,68,24,68,24S67.94,13.05,66.52,7.74z\" fill=\"#f00\"><\/path><path d=\"M 45,24 27,14 27,34\" fill=\"#fff\"><\/path><\/svg><\/button><\/div><\/div>\n<\/div><\/figure>\n<\/div>\n<\/div>\n\n\n\n<p class=\"has-text-align-center has-white-color has-black-background-color has-text-color has-background\"><strong>Contenidos<\/strong><\/p>\n\n\n\n<p>Pr\u00f3logo<br>Prefacio<br>Recomendaciones de estudio<br>Sobre los ejemplos musicales<br>Nota<\/p>\n\n\n\n<p><strong>Cap\u00edtulo I. Materiales de composici\u00f3n<\/strong><br>1. Materiales mel\u00f3dicos &nbsp;&nbsp;&nbsp;&nbsp;&nbsp;&nbsp;&nbsp;<br>2. La curva mel\u00f3dica<br>3. Melod\u00eda y armon\u00eda<br>4. Materiales arm\u00f3nicos<\/p>\n\n\n\n<p><strong>Cap\u00edtulo II. T\u00e9cnicas b\u00e1sicas<\/strong><br>1. Arm\u00f3nicas<br>2. T\u00e9cnica de las tres voces<br>3. Soportes arm\u00f3nicos (\u00abspread\u00bb)<br>4. T\u00e9cnica del pulgar<br>5. Omisiones arm\u00f3nicas<br>6. Estructuras superiores<br>7. Acordes adiat\u00f3nicos<br>8. Armon\u00eda paralela<br>9. T\u00e9cnica del pedal arm\u00f3nico<\/p>\n\n\n\n<p><strong>Cap\u00edtulo III. Texturas orquestales<\/strong><br>1. Texturas<br>2. Bloques orquestales<br>3. \u00abTutti\u00bb<br>4. Acompa\u00f1amientos<br>5. Texturas color\u00edsticas<br>6. Combinaci\u00f3n de texturas<br>7. Planos orquestales<br>8. \u00abSoldaduras\u00bb<br>9. Enlaces<br>10. Finales<br>11. Problemas orquestales<\/p>\n\n\n\n<p><strong>Cap\u00edtulo IV. Orquestaci\u00f3n por secciones<\/strong><br>1. Cuerdas<br>2. Maderas<br>3. Metales<br>4. Percusi\u00f3n<br>5. Otros instrumentos sinf\u00f3nicos<\/p>\n\n\n\n<p><strong>Cap\u00edtulo V. An\u00e1lisis (obras de referencia)<\/strong><br>1. An\u00e1lisis<br>2. Obras de referencia<\/p>\n\n\n\n<p><strong>Cap\u00edtulo VI. M\u00fasica y drama<\/strong><br>1. Armon\u00eda y drama<br>2. Orquestaci\u00f3n y drama<br>3. Orquestaci\u00f3n final<\/p>\n\n\n\n<p>Conclusi\u00f3n<br>Sobre el autor<br>\u00cdndice de pel\u00edculas \/ obras<br>\u00cdndice de compositores<br>Abreviaturas instrumentales<\/p>\n\n\n\n<div class=\"wp-block-file aligncenter\"><a id=\"wp-block-file--media-cd785d59-22b7-4df0-b62c-4fd5a625d356\" href=\"https:\/\/www.myscores.es\/composicion-orquestacion-bandas-sonoras\/wp-content\/uploads\/2023\/10\/Contenidos-Composicion-Orquestacion-Bandas-Sonoras-Verges-4.pdf\" target=\"_blank\" rel=\"noreferrer noopener\">Contenidos-Composicion-Orquestacion-Bandas-Sonoras-Verges<\/a><a href=\"https:\/\/www.myscores.es\/composicion-orquestacion-bandas-sonoras\/wp-content\/uploads\/2023\/10\/Contenidos-Composicion-Orquestacion-Bandas-Sonoras-Verges-4.pdf\" class=\"wp-block-file__button wp-element-button\" download aria-describedby=\"wp-block-file--media-cd785d59-22b7-4df0-b62c-4fd5a625d356\">Descargar p\u00e1gina contenidos<\/a><\/div>\n\n\n\n<div class=\"wp-block-file aligncenter\"><a id=\"wp-block-file--media-cd785d59-22b7-4df0-b62c-4fd5a625d356\" href=\"https:\/\/www.myscores.es\/composicion-orquestacion-bandas-sonoras\/wp-content\/uploads\/2023\/10\/Muestras-Composicion-Orquestacion-Bandas-Sonoras-Verges-2.pdf\" target=\"_blank\" rel=\"noreferrer noopener\">Muestras-Composicion-Orquestacion-Bandas-Sonoras-Verges-2<\/a><a href=\"https:\/\/www.myscores.es\/composicion-orquestacion-bandas-sonoras\/wp-content\/uploads\/2023\/10\/Muestras-Composicion-Orquestacion-Bandas-Sonoras-Verges-2.pdf\" class=\"wp-block-file__button wp-element-button\" download aria-describedby=\"wp-block-file--media-cd785d59-22b7-4df0-b62c-4fd5a625d356\">Descargar p\u00e1ginas de muestra<\/a><\/div>\n","protected":false},"excerpt":{"rendered":"<p>\u00abSi se quiere conseguir la realizaci\u00f3n de un trabajo creativo, consistente profesionalmente y de un alto nivel emocional, puedo afirmar que el libro de Llu\u00eds Verg\u00e9s ayudar\u00e1 much\u00edsimo a alcanzar este objetivo\u00bb.Joan Albert Amarg\u00f3s La banda sonora es un elemento fundamental en cualquier audiovisual de corta o larga duraci\u00f3n. La m\u00fasica se abri\u00f3 paso desde &hellip; <\/p>\n<p class=\"link-more\"><a href=\"https:\/\/www.myscores.es\/composicion-orquestacion-bandas-sonoras\/el-libro\/\" class=\"more-link\">Continuar leyendo<span class=\"screen-reader-text\"> \u00abEl libro\u00bb<\/span><\/a><\/p>\n","protected":false},"author":1,"featured_media":0,"parent":0,"menu_order":0,"comment_status":"closed","ping_status":"closed","template":"","meta":[],"_links":{"self":[{"href":"https:\/\/www.myscores.es\/composicion-orquestacion-bandas-sonoras\/wp-json\/wp\/v2\/pages\/459"}],"collection":[{"href":"https:\/\/www.myscores.es\/composicion-orquestacion-bandas-sonoras\/wp-json\/wp\/v2\/pages"}],"about":[{"href":"https:\/\/www.myscores.es\/composicion-orquestacion-bandas-sonoras\/wp-json\/wp\/v2\/types\/page"}],"author":[{"embeddable":true,"href":"https:\/\/www.myscores.es\/composicion-orquestacion-bandas-sonoras\/wp-json\/wp\/v2\/users\/1"}],"replies":[{"embeddable":true,"href":"https:\/\/www.myscores.es\/composicion-orquestacion-bandas-sonoras\/wp-json\/wp\/v2\/comments?post=459"}],"version-history":[{"count":17,"href":"https:\/\/www.myscores.es\/composicion-orquestacion-bandas-sonoras\/wp-json\/wp\/v2\/pages\/459\/revisions"}],"predecessor-version":[{"id":906,"href":"https:\/\/www.myscores.es\/composicion-orquestacion-bandas-sonoras\/wp-json\/wp\/v2\/pages\/459\/revisions\/906"}],"wp:attachment":[{"href":"https:\/\/www.myscores.es\/composicion-orquestacion-bandas-sonoras\/wp-json\/wp\/v2\/media?parent=459"}],"curies":[{"name":"wp","href":"https:\/\/api.w.org\/{rel}","templated":true}]}}