{"id":39,"date":"2023-10-11T13:23:43","date_gmt":"2023-10-11T11:23:43","guid":{"rendered":"http:\/\/www.boileau-music.com\/composicion-orquestacion-bandas-sonoras\/?page_id=39"},"modified":"2025-02-19T10:02:50","modified_gmt":"2025-02-19T09:02:50","slug":"audios","status":"publish","type":"page","link":"https:\/\/www.myscores.es\/composicion-orquestacion-bandas-sonoras\/audios\/","title":{"rendered":"Audios"},"content":{"rendered":"\n<p class=\"has-small-font-size\">De acuerdo con lo establecido por el art\u00edculo 32 de la Ley de la Propiedad Intelectual, este libro presenta fragmentos de obras musicales que aparecen a t\u00edtulo de cita y con el \u00fanico fin de ilustrar el contenido pedag\u00f3gico del texto. Cada uno de ellos aparece referenciado seg\u00fan su autor y t\u00edtulo, adem\u00e1s de la pel\u00edcula a la que pertenece (por pertenecer en la mayor\u00eda de los casos al g\u00e9nero de las bandas sonoras).<\/p>\n\n\n\n<hr class=\"wp-block-separator has-alpha-channel-opacity is-style-wide\"\/>\n\n\n\n<div class=\"wp-block-columns is-layout-flex wp-container-4\">\n<div class=\"wp-block-column is-layout-flow\">\n<p class=\"has-text-align-center\"><strong><a href=\"\/composicion-orquestacion-bandas-sonoras\/capitulo-i\/\">Cap\u00edtulo I<\/a><br>Materiales de composici\u00f3n<\/strong><br>Audio 001 &#8211; 067<br><em>(p\u00e1g. 17 &#8211; 44)<\/em><br><a href=\"\/composicion-orquestacion-bandas-sonoras\/capitulo-i\/\" data-type=\"page\" data-id=\"39\">Acceder<\/a><\/p>\n<\/div>\n\n\n\n<div class=\"wp-block-column is-layout-flow\">\n<p class=\"has-text-align-center\"><a href=\"\/composicion-orquestacion-bandas-sonoras\/capitulo-ii\/\"><strong>Cap\u00edtulo II<\/strong><\/a><br><strong>T\u00e9cnicas b\u00e1sicas<\/strong><br>Audio 068 &#8211; 113<br><em>(p\u00e1g. 45 &#8211; 80)<\/em><br><a href=\"\/composicion-orquestacion-bandas-sonoras\/capitulo-ii\/\">Acceder<\/a><\/p>\n<\/div>\n\n\n\n<div class=\"wp-block-column is-layout-flow\">\n<p class=\"has-text-align-center\"><a href=\"\/composicion-orquestacion-bandas-sonoras\/capitulo-iii\/\"><strong>Cap\u00edtulo III<\/strong><\/a><br><strong>Texturas orquestales<\/strong><br>Audio 114 &#8211; 256<br><em>(p\u00e1g. 81 &#8211; 226)<\/em><br><a href=\"\/composicion-orquestacion-bandas-sonoras\/capitulo-iii\/\">Acceder<\/a><\/p>\n<\/div>\n<\/div>\n\n\n\n<div class=\"wp-block-columns is-layout-flex wp-container-8\">\n<div class=\"wp-block-column is-layout-flow\">\n<p class=\"has-text-align-center\"><a href=\"\/composicion-orquestacion-bandas-sonoras\/audio-iv\/\"><strong>Cap\u00edtulo IV<\/strong><\/a><br><strong>Orquestaci\u00f3n por secciones<\/strong><br>Audio 257 &#8211; 424<br><em>(p\u00e1g. 227 &#8211; 362)<\/em><br><a href=\"\/composicion-orquestacion-bandas-sonoras\/audio-iv\/\">Acceder<\/a><\/p>\n<\/div>\n\n\n\n<div class=\"wp-block-column is-layout-flow\">\n<p class=\"has-text-align-center\"><a href=\"\/composicion-orquestacion-bandas-sonoras\/capitulo-v\/\"><strong>Cap\u00edtulo V<\/strong><\/a><br><strong>An\u00e1lisis (obras de referencia)<\/strong><br>Audio 425 &#8211; 488<br><em>(p\u00e1g. 363 &#8211; 424)<\/em><br><a href=\"\/composicion-orquestacion-bandas-sonoras\/capitulo-v\/\">Acceder<\/a><\/p>\n<\/div>\n\n\n\n<div class=\"wp-block-column is-layout-flow\">\n<p class=\"has-text-align-center\"><a href=\"\/composicion-orquestacion-bandas-sonoras\/capitulo-vi\/\"><strong>Cap\u00edtulo VI<\/strong><\/a><br><strong>M\u00fasica y drama<\/strong><br>Audio 489 &#8211; 584<br><em>(p\u00e1g. 425 &#8211; 510)<\/em><br><a href=\"\/composicion-orquestacion-bandas-sonoras\/capitulo-vi\/\">Acceder<\/a><\/p>\n<\/div>\n<\/div>\n\n\n\n<p><\/p>\n\n\n\n<p><\/p>\n\n\n\n<p><\/p>\n","protected":false},"excerpt":{"rendered":"<p>De acuerdo con lo establecido por el art\u00edculo 32 de la Ley de la Propiedad Intelectual, este libro presenta fragmentos de obras musicales que aparecen a t\u00edtulo de cita y con el \u00fanico fin de ilustrar el contenido pedag\u00f3gico del texto. Cada uno de ellos aparece referenciado seg\u00fan su autor y t\u00edtulo, adem\u00e1s de la &hellip; <\/p>\n<p class=\"link-more\"><a href=\"https:\/\/www.myscores.es\/composicion-orquestacion-bandas-sonoras\/audios\/\" class=\"more-link\">Continuar leyendo<span class=\"screen-reader-text\"> \u00abAudios\u00bb<\/span><\/a><\/p>\n","protected":false},"author":1,"featured_media":0,"parent":0,"menu_order":0,"comment_status":"closed","ping_status":"closed","template":"","meta":[],"_links":{"self":[{"href":"https:\/\/www.myscores.es\/composicion-orquestacion-bandas-sonoras\/wp-json\/wp\/v2\/pages\/39"}],"collection":[{"href":"https:\/\/www.myscores.es\/composicion-orquestacion-bandas-sonoras\/wp-json\/wp\/v2\/pages"}],"about":[{"href":"https:\/\/www.myscores.es\/composicion-orquestacion-bandas-sonoras\/wp-json\/wp\/v2\/types\/page"}],"author":[{"embeddable":true,"href":"https:\/\/www.myscores.es\/composicion-orquestacion-bandas-sonoras\/wp-json\/wp\/v2\/users\/1"}],"replies":[{"embeddable":true,"href":"https:\/\/www.myscores.es\/composicion-orquestacion-bandas-sonoras\/wp-json\/wp\/v2\/comments?post=39"}],"version-history":[{"count":20,"href":"https:\/\/www.myscores.es\/composicion-orquestacion-bandas-sonoras\/wp-json\/wp\/v2\/pages\/39\/revisions"}],"predecessor-version":[{"id":891,"href":"https:\/\/www.myscores.es\/composicion-orquestacion-bandas-sonoras\/wp-json\/wp\/v2\/pages\/39\/revisions\/891"}],"wp:attachment":[{"href":"https:\/\/www.myscores.es\/composicion-orquestacion-bandas-sonoras\/wp-json\/wp\/v2\/media?parent=39"}],"curies":[{"name":"wp","href":"https:\/\/api.w.org\/{rel}","templated":true}]}}