{"id":12,"date":"2023-10-11T13:13:52","date_gmt":"2023-10-11T11:13:52","guid":{"rendered":"http:\/\/www.boileau-music.com\/composicion-orquestacion-bandas-sonoras\/?page_id=12"},"modified":"2025-02-19T23:26:06","modified_gmt":"2025-02-19T22:26:06","slug":"inicio","status":"publish","type":"page","link":"https:\/\/www.myscores.es\/composicion-orquestacion-bandas-sonoras\/","title":{"rendered":"Home"},"content":{"rendered":"\n<div class=\"wp-block-group is-layout-constrained\"><div class=\"wp-block-group__inner-container\">\n<p class=\"has-background\" style=\"background-color:#d6bda4\"><strong>La ayuda imprescindible para afrontar la ambiciosa y compleja disciplina de la composici\u00f3n y orquestaci\u00f3n de bandas sonoras. Un compendio de aquellas cuestiones fundamentales que todo compositor debe saber.<\/strong><\/p>\n\n\n\n<figure class=\"wp-block-image size-large\"><img decoding=\"async\" loading=\"lazy\" width=\"1024\" height=\"731\" src=\"https:\/\/www.boileau-music.com\/composicion-orquestacion-bandas-sonoras\/wp-content\/uploads\/2023\/10\/Mockup_1verges-3-1024x731.jpg\" alt=\"\" class=\"wp-image-429\" srcset=\"https:\/\/www.myscores.es\/composicion-orquestacion-bandas-sonoras\/wp-content\/uploads\/2023\/10\/Mockup_1verges-3-1024x731.jpg 1024w, https:\/\/www.myscores.es\/composicion-orquestacion-bandas-sonoras\/wp-content\/uploads\/2023\/10\/Mockup_1verges-3-300x214.jpg 300w, https:\/\/www.myscores.es\/composicion-orquestacion-bandas-sonoras\/wp-content\/uploads\/2023\/10\/Mockup_1verges-3-768x548.jpg 768w, https:\/\/www.myscores.es\/composicion-orquestacion-bandas-sonoras\/wp-content\/uploads\/2023\/10\/Mockup_1verges-3-1536x1096.jpg 1536w, https:\/\/www.myscores.es\/composicion-orquestacion-bandas-sonoras\/wp-content\/uploads\/2023\/10\/Mockup_1verges-3-2048x1462.jpg 2048w\" sizes=\"(max-width: 706px) 89vw, (max-width: 767px) 82vw, 740px\" \/><\/figure>\n\n\n\n<p class=\"has-black-color has-text-color\"><strong>Composici\u00f3n y orquestaci\u00f3n para bandas sonoras<\/strong><em> <\/em>de Llu\u00eds Verg\u00e9s llena un vac\u00edo en la bibliograf\u00eda existente hasta ahora. A partir del an\u00e1lisis de m\u00e1s de 700 ejemplos musicales, desgrana las t\u00e9cnicas necesarias para la composici\u00f3n y orquestaci\u00f3n de la banda sonora. Ofrece m\u00faltiples soluciones a compositores noveles y experimentados: desde aspectos tan b\u00e1sicos como la construcci\u00f3n de melod\u00edas y su armonizaci\u00f3n, hasta el complejo camino para trasladar todo el material a la orquesta sinf\u00f3nica.<\/p>\n\n\n\n<div class=\"wp-block-columns is-layout-flex wp-container-2\">\n<div class=\"wp-block-column is-layout-flow\">\n<p class=\"has-text-align-center\"><strong><a href=\"\/composicion-orquestacion-bandas-sonoras\/audios\/\">Acceder a los audios<\/a><\/strong><\/p>\n<\/div>\n<\/div>\n<\/div><\/div>\n\n\n\n<p class=\"has-background\" style=\"background-color:#d6bda4\">\u2022 <strong>M\u00e1s de 700 ejemplos musicales<\/strong>&nbsp;en partitura seleccionadas de entre m\u00e1s de 100 pel\u00edculas y obras cl\u00e1sicas del repertorio<br>\u2022 <strong>M\u00e1s de 500 audios<\/strong>&nbsp;online<br>\u2022 Pr\u00f3logo de&nbsp;<strong>Joan Albert Amarg\u00f3s<\/strong><br>\u2022 <strong>Recomendaciones de estudio<\/strong><br>\u2022 <strong>6 cap\u00edtulos<\/strong><br>\u2022 <strong>Conclusiones<br>\u2022 \u00cdndice de pel\u00edculas y obras<br>\u2022 \u00cdndice de compositores<\/strong><br>\u2022 <strong>540 p\u00e1ginas<\/strong><\/p>\n\n\n\n<div class=\"wp-block-columns is-layout-flex wp-container-6\">\n<div class=\"wp-block-column is-layout-flow\">\n<figure class=\"wp-block-image size-large\"><a href=\"\/composicion-orquestacion-bandas-sonoras\/capitulo-i\/\"><img decoding=\"async\" loading=\"lazy\" width=\"1024\" height=\"819\" src=\"https:\/\/www.boileau-music.com\/composicion-orquestacion-bandas-sonoras\/wp-content\/uploads\/2023\/10\/Composicio\u0301n-Orquestacion-Bandas-Sonoras-Verges-cap-I-zoom-b-1024x819.jpg\" alt=\"\" class=\"wp-image-518\" srcset=\"https:\/\/www.myscores.es\/composicion-orquestacion-bandas-sonoras\/wp-content\/uploads\/2023\/10\/Composicio\u0301n-Orquestacion-Bandas-Sonoras-Verges-cap-I-zoom-b-1024x819.jpg 1024w, https:\/\/www.myscores.es\/composicion-orquestacion-bandas-sonoras\/wp-content\/uploads\/2023\/10\/Composicio\u0301n-Orquestacion-Bandas-Sonoras-Verges-cap-I-zoom-b-300x240.jpg 300w, https:\/\/www.myscores.es\/composicion-orquestacion-bandas-sonoras\/wp-content\/uploads\/2023\/10\/Composicio\u0301n-Orquestacion-Bandas-Sonoras-Verges-cap-I-zoom-b-768x614.jpg 768w, https:\/\/www.myscores.es\/composicion-orquestacion-bandas-sonoras\/wp-content\/uploads\/2023\/10\/Composicio\u0301n-Orquestacion-Bandas-Sonoras-Verges-cap-I-zoom-b-1536x1228.jpg 1536w, https:\/\/www.myscores.es\/composicion-orquestacion-bandas-sonoras\/wp-content\/uploads\/2023\/10\/Composicio\u0301n-Orquestacion-Bandas-Sonoras-Verges-cap-I-zoom-b.jpg 1915w\" sizes=\"(max-width: 706px) 89vw, (max-width: 767px) 82vw, 740px\" \/><\/a><\/figure>\n<\/div>\n\n\n\n<div class=\"wp-block-column is-layout-flow\">\n<p class=\"has-text-color\" style=\"color:#b37232\"><strong>CAP\u00cdTULO I<\/strong><br><strong>Materiales de composici\u00f3n<\/strong><\/p>\n\n\n\n<p class=\"has-black-color has-text-color\">A partir del an\u00e1lisis de melod\u00edas cinematogr\u00e1ficas y de su armonizaci\u00f3n muestra aquellos elementos de tipo t\u00e9cnico que acompa\u00f1an a su creaci\u00f3n.<br><strong><a href=\"\/composicion-orquestacion-bandas-sonoras\/capitulo-i\/\">Ir a audios Cap\u00edtulo I<\/a><\/strong><\/p>\n<\/div>\n<\/div>\n\n\n\n<hr class=\"wp-block-separator has-alpha-channel-opacity\"\/>\n\n\n\n<div class=\"wp-block-columns is-layout-flex wp-container-9\">\n<div class=\"wp-block-column is-layout-flow\">\n<figure class=\"wp-block-image size-large\"><a href=\"\/composicion-orquestacion-bandas-sonoras\/capitulo-ii\/\"><img decoding=\"async\" loading=\"lazy\" width=\"1024\" height=\"819\" src=\"https:\/\/www.boileau-music.com\/composicion-orquestacion-bandas-sonoras\/wp-content\/uploads\/2023\/10\/Composicio\u0301n-Orquestacion-Bandas-Sonoras-Verges-cap-II-zoom-b-1024x819.jpg\" alt=\"\" class=\"wp-image-515\" srcset=\"https:\/\/www.myscores.es\/composicion-orquestacion-bandas-sonoras\/wp-content\/uploads\/2023\/10\/Composicio\u0301n-Orquestacion-Bandas-Sonoras-Verges-cap-II-zoom-b-1024x819.jpg 1024w, https:\/\/www.myscores.es\/composicion-orquestacion-bandas-sonoras\/wp-content\/uploads\/2023\/10\/Composicio\u0301n-Orquestacion-Bandas-Sonoras-Verges-cap-II-zoom-b-300x240.jpg 300w, https:\/\/www.myscores.es\/composicion-orquestacion-bandas-sonoras\/wp-content\/uploads\/2023\/10\/Composicio\u0301n-Orquestacion-Bandas-Sonoras-Verges-cap-II-zoom-b-768x614.jpg 768w, https:\/\/www.myscores.es\/composicion-orquestacion-bandas-sonoras\/wp-content\/uploads\/2023\/10\/Composicio\u0301n-Orquestacion-Bandas-Sonoras-Verges-cap-II-zoom-b-1536x1228.jpg 1536w, https:\/\/www.myscores.es\/composicion-orquestacion-bandas-sonoras\/wp-content\/uploads\/2023\/10\/Composicio\u0301n-Orquestacion-Bandas-Sonoras-Verges-cap-II-zoom-b.jpg 1915w\" sizes=\"(max-width: 706px) 89vw, (max-width: 767px) 82vw, 740px\" \/><\/a><\/figure>\n<\/div>\n\n\n\n<div class=\"wp-block-column is-layout-flow\">\n<p class=\"has-text-color\" style=\"color:#b37232\"><strong><strong>CAP\u00cdTULO II<\/strong><br><strong>T\u00e9cnicas b\u00e1sicas<\/strong><\/strong><\/p>\n\n\n\n<p class=\"has-black-color has-text-color\">Desgrana las t\u00e9cnicas arm\u00f3nicas y contrapunt\u00edsticas imprescindibles como paso previo a la orquestaci\u00f3n.<br><strong><a href=\"\/composicion-orquestacion-bandas-sonoras\/capitulo-ii\/\">Ir a audios Cap\u00edtulo II<\/a><\/strong><\/p>\n<\/div>\n<\/div>\n\n\n\n<hr class=\"wp-block-separator has-alpha-channel-opacity\"\/>\n\n\n\n<div class=\"wp-block-columns is-layout-flex wp-container-12\">\n<div class=\"wp-block-column is-layout-flow\">\n<figure class=\"wp-block-image size-large\"><a href=\"\/composicion-orquestacion-bandas-sonoras\/capitulo-iii\/\"><img decoding=\"async\" loading=\"lazy\" width=\"1024\" height=\"819\" src=\"https:\/\/www.boileau-music.com\/composicion-orquestacion-bandas-sonoras\/wp-content\/uploads\/2023\/10\/Composicio\u0301n-Orquestacion-Bandas-Sonoras-Verges-cap-III-zoom-b-1024x819.jpg\" alt=\"\" class=\"wp-image-512\" srcset=\"https:\/\/www.myscores.es\/composicion-orquestacion-bandas-sonoras\/wp-content\/uploads\/2023\/10\/Composicio\u0301n-Orquestacion-Bandas-Sonoras-Verges-cap-III-zoom-b-1024x819.jpg 1024w, https:\/\/www.myscores.es\/composicion-orquestacion-bandas-sonoras\/wp-content\/uploads\/2023\/10\/Composicio\u0301n-Orquestacion-Bandas-Sonoras-Verges-cap-III-zoom-b-300x240.jpg 300w, https:\/\/www.myscores.es\/composicion-orquestacion-bandas-sonoras\/wp-content\/uploads\/2023\/10\/Composicio\u0301n-Orquestacion-Bandas-Sonoras-Verges-cap-III-zoom-b-768x614.jpg 768w, https:\/\/www.myscores.es\/composicion-orquestacion-bandas-sonoras\/wp-content\/uploads\/2023\/10\/Composicio\u0301n-Orquestacion-Bandas-Sonoras-Verges-cap-III-zoom-b-1536x1228.jpg 1536w, https:\/\/www.myscores.es\/composicion-orquestacion-bandas-sonoras\/wp-content\/uploads\/2023\/10\/Composicio\u0301n-Orquestacion-Bandas-Sonoras-Verges-cap-III-zoom-b.jpg 1915w\" sizes=\"(max-width: 706px) 89vw, (max-width: 767px) 82vw, 740px\" \/><\/a><\/figure>\n<\/div>\n\n\n\n<div class=\"wp-block-column is-layout-flow\">\n<p class=\"has-text-color\" style=\"color:#b37232\"><strong><strong><strong><strong>CAP\u00cdTULO I<\/strong>II<\/strong><br><strong>Texturas orquestales<\/strong><\/strong><\/strong><\/p>\n\n\n\n<p>Centro metodol\u00f3gico del libro, pone de manifiesto la aplicaci\u00f3n de lo anterior en la escritura orquestal, tomando como referencia los bloques orquestales para la creaci\u00f3n de texturas y su combinaci\u00f3n.<br><strong><a href=\"\/composicion-orquestacion-bandas-sonoras\/capitulo-iii\/\">Ir a audios Cap\u00edtulo III<\/a><\/strong><\/p>\n<\/div>\n<\/div>\n\n\n\n<hr class=\"wp-block-separator has-alpha-channel-opacity\"\/>\n\n\n\n<div class=\"wp-block-columns is-layout-flex wp-container-15\">\n<div class=\"wp-block-column is-layout-flow\">\n<figure class=\"wp-block-image size-large\"><a href=\"\/composicion-orquestacion-bandas-sonoras\/audio-iv\/\"><img decoding=\"async\" loading=\"lazy\" width=\"1024\" height=\"819\" src=\"https:\/\/www.boileau-music.com\/composicion-orquestacion-bandas-sonoras\/wp-content\/uploads\/2023\/10\/Composicio\u0301n-Orquestacion-Bandas-Sonoras-Verges-cap-IV-zoom-b-1024x819.jpg\" alt=\"\" class=\"wp-image-508\" srcset=\"https:\/\/www.myscores.es\/composicion-orquestacion-bandas-sonoras\/wp-content\/uploads\/2023\/10\/Composicio\u0301n-Orquestacion-Bandas-Sonoras-Verges-cap-IV-zoom-b-1024x819.jpg 1024w, https:\/\/www.myscores.es\/composicion-orquestacion-bandas-sonoras\/wp-content\/uploads\/2023\/10\/Composicio\u0301n-Orquestacion-Bandas-Sonoras-Verges-cap-IV-zoom-b-300x240.jpg 300w, https:\/\/www.myscores.es\/composicion-orquestacion-bandas-sonoras\/wp-content\/uploads\/2023\/10\/Composicio\u0301n-Orquestacion-Bandas-Sonoras-Verges-cap-IV-zoom-b-768x614.jpg 768w, https:\/\/www.myscores.es\/composicion-orquestacion-bandas-sonoras\/wp-content\/uploads\/2023\/10\/Composicio\u0301n-Orquestacion-Bandas-Sonoras-Verges-cap-IV-zoom-b-1536x1228.jpg 1536w, https:\/\/www.myscores.es\/composicion-orquestacion-bandas-sonoras\/wp-content\/uploads\/2023\/10\/Composicio\u0301n-Orquestacion-Bandas-Sonoras-Verges-cap-IV-zoom-b.jpg 1915w\" sizes=\"(max-width: 706px) 89vw, (max-width: 767px) 82vw, 740px\" \/><\/a><\/figure>\n<\/div>\n\n\n\n<div class=\"wp-block-column is-layout-flow\">\n<p class=\"has-text-color\" style=\"color:#b37232\"><strong><strong><strong><strong>CAP\u00cdTULO IV<\/strong><\/strong><br><strong><strong>Orquestaci\u00f3n por secciones<\/strong><\/strong><\/strong><\/strong><\/p>\n\n\n\n<p>A partir de las caracter\u00edsticas intr\u00ednsecas de cada secci\u00f3n orquestal (cuerda, maderas, metales, percusi\u00f3n y otros) se especifican las asociaciones orquestales m\u00e1s habituales en el lenguaje de la banda sonora (sea por tradici\u00f3n hist\u00f3rica o por necesidad expresiva y emocional).<br><strong><a href=\"\/composicion-orquestacion-bandas-sonoras\/audio-iv\/\">Ir a audios Cap\u00edtulo IV<\/a><\/strong><\/p>\n<\/div>\n<\/div>\n\n\n\n<hr class=\"wp-block-separator has-alpha-channel-opacity\"\/>\n\n\n\n<div class=\"wp-block-columns is-layout-flex wp-container-18\">\n<div class=\"wp-block-column is-layout-flow\">\n<figure class=\"wp-block-image size-large\"><a href=\"\/composicion-orquestacion-bandas-sonoras\/capitulo-v\/\"><img decoding=\"async\" loading=\"lazy\" width=\"1024\" height=\"819\" src=\"https:\/\/www.boileau-music.com\/composicion-orquestacion-bandas-sonoras\/wp-content\/uploads\/2023\/10\/Composicio\u0301n-Orquestacion-Bandas-Sonoras-Verges-cap-V-zoom-1024x819.jpg\" alt=\"\" class=\"wp-image-501\" srcset=\"https:\/\/www.myscores.es\/composicion-orquestacion-bandas-sonoras\/wp-content\/uploads\/2023\/10\/Composicio\u0301n-Orquestacion-Bandas-Sonoras-Verges-cap-V-zoom-1024x819.jpg 1024w, https:\/\/www.myscores.es\/composicion-orquestacion-bandas-sonoras\/wp-content\/uploads\/2023\/10\/Composicio\u0301n-Orquestacion-Bandas-Sonoras-Verges-cap-V-zoom-300x240.jpg 300w, https:\/\/www.myscores.es\/composicion-orquestacion-bandas-sonoras\/wp-content\/uploads\/2023\/10\/Composicio\u0301n-Orquestacion-Bandas-Sonoras-Verges-cap-V-zoom-768x614.jpg 768w, https:\/\/www.myscores.es\/composicion-orquestacion-bandas-sonoras\/wp-content\/uploads\/2023\/10\/Composicio\u0301n-Orquestacion-Bandas-Sonoras-Verges-cap-V-zoom-1536x1228.jpg 1536w, https:\/\/www.myscores.es\/composicion-orquestacion-bandas-sonoras\/wp-content\/uploads\/2023\/10\/Composicio\u0301n-Orquestacion-Bandas-Sonoras-Verges-cap-V-zoom.jpg 1915w\" sizes=\"(max-width: 706px) 89vw, (max-width: 767px) 82vw, 740px\" \/><\/a><\/figure>\n<\/div>\n\n\n\n<div class=\"wp-block-column is-layout-flow\">\n<p class=\"has-text-color\" style=\"color:#b37232\"><strong><strong><strong>CAP\u00cdTULO <strong>V<\/strong><\/strong><br><strong><strong>An\u00e1lisis (obras de referencia)<\/strong><\/strong><\/strong><\/strong><\/p>\n\n\n\n<p class=\"has-black-color has-text-color\">Relaciona todo lo expuesto con su origen: las obras de referencia que son de conocimiento inexcusable para la creaci\u00f3n de las bandas sonoras.<br><strong><a href=\"\/composicion-orquestacion-bandas-sonoras\/capitulo-v\/\">Ir a audios Cap\u00edtulo V<\/a><\/strong><\/p>\n<\/div>\n<\/div>\n\n\n\n<hr class=\"wp-block-separator has-alpha-channel-opacity\"\/>\n\n\n\n<div class=\"wp-block-columns is-layout-flex wp-container-21\">\n<div class=\"wp-block-column is-layout-flow\">\n<figure class=\"wp-block-image size-large\"><a href=\"\/composicion-orquestacion-bandas-sonoras\/capitulo-vi\/\"><img decoding=\"async\" loading=\"lazy\" width=\"1024\" height=\"819\" src=\"https:\/\/www.boileau-music.com\/composicion-orquestacion-bandas-sonoras\/wp-content\/uploads\/2023\/10\/Composicio\u0301n-Orquestacion-Bandas-Sonoras-Verges-cap-VI-zoom-1024x819.jpg\" alt=\"\" class=\"wp-image-495\" srcset=\"https:\/\/www.myscores.es\/composicion-orquestacion-bandas-sonoras\/wp-content\/uploads\/2023\/10\/Composicio\u0301n-Orquestacion-Bandas-Sonoras-Verges-cap-VI-zoom-1024x819.jpg 1024w, https:\/\/www.myscores.es\/composicion-orquestacion-bandas-sonoras\/wp-content\/uploads\/2023\/10\/Composicio\u0301n-Orquestacion-Bandas-Sonoras-Verges-cap-VI-zoom-300x240.jpg 300w, https:\/\/www.myscores.es\/composicion-orquestacion-bandas-sonoras\/wp-content\/uploads\/2023\/10\/Composicio\u0301n-Orquestacion-Bandas-Sonoras-Verges-cap-VI-zoom-768x614.jpg 768w, https:\/\/www.myscores.es\/composicion-orquestacion-bandas-sonoras\/wp-content\/uploads\/2023\/10\/Composicio\u0301n-Orquestacion-Bandas-Sonoras-Verges-cap-VI-zoom-1536x1228.jpg 1536w, https:\/\/www.myscores.es\/composicion-orquestacion-bandas-sonoras\/wp-content\/uploads\/2023\/10\/Composicio\u0301n-Orquestacion-Bandas-Sonoras-Verges-cap-VI-zoom.jpg 1915w\" sizes=\"(max-width: 706px) 89vw, (max-width: 767px) 82vw, 740px\" \/><\/a><\/figure>\n<\/div>\n\n\n\n<div class=\"wp-block-column is-layout-flow\">\n<p class=\"has-text-color\" style=\"color:#b37232\"><strong><strong><strong>CAP\u00cdTULO <strong>VI<\/strong><\/strong><\/strong><\/strong><br><strong><strong><strong><strong>M\u00fasica y drama<\/strong><\/strong><\/strong><\/strong><\/p>\n\n\n\n<p class=\"has-black-color has-text-color\">Es el colof\u00f3n de este tratado. Resalta la importancia de perseguir un resultado emocional en la creaci\u00f3n de la m\u00fasica para im\u00e1genes a trav\u00e9s de dos vertientes m\u00e1s significativas: la arm\u00f3nica y la instrumental. Respecto a esta \u00faltima se pone en \u00e9nfasis en una rutina de trabajo ordenada en dos fases de orquestaci\u00f3n.<br><strong><a href=\"\/composicion-orquestacion-bandas-sonoras\/capitulo-vi\/\">Ir a audios Cap\u00edtulo VI<\/a><\/strong><\/p>\n<\/div>\n<\/div>\n\n\n\n<hr class=\"wp-block-separator has-alpha-channel-opacity is-style-wide\"\/>\n\n\n\n<div class=\"wp-block-columns is-layout-flex wp-container-25\">\n<div class=\"wp-block-column is-layout-flow\" style=\"flex-basis:33.33%\">\n<figure class=\"wp-block-image size-large\"><a href=\"https:\/\/boileau-music.com\/es\/obras\/composicion-y-orquestacion-para-bandas-sonoras-b.4136\" target=\"_blank\" rel=\"noreferrer noopener\"><img decoding=\"async\" loading=\"lazy\" width=\"724\" height=\"1024\" src=\"http:\/\/www.boileau-music.com\/composicion-orquestacion-bandas-sonoras\/wp-content\/uploads\/2023\/10\/B4136-Composicion-Orquestacion-Bandas-Sonoras-portada-724x1024.jpg\" alt=\"\" class=\"wp-image-174\" srcset=\"https:\/\/www.myscores.es\/composicion-orquestacion-bandas-sonoras\/wp-content\/uploads\/2023\/10\/B4136-Composicion-Orquestacion-Bandas-Sonoras-portada-724x1024.jpg 724w, https:\/\/www.myscores.es\/composicion-orquestacion-bandas-sonoras\/wp-content\/uploads\/2023\/10\/B4136-Composicion-Orquestacion-Bandas-Sonoras-portada-212x300.jpg 212w, https:\/\/www.myscores.es\/composicion-orquestacion-bandas-sonoras\/wp-content\/uploads\/2023\/10\/B4136-Composicion-Orquestacion-Bandas-Sonoras-portada-768x1086.jpg 768w, https:\/\/www.myscores.es\/composicion-orquestacion-bandas-sonoras\/wp-content\/uploads\/2023\/10\/B4136-Composicion-Orquestacion-Bandas-Sonoras-portada-1086x1536.jpg 1086w, https:\/\/www.myscores.es\/composicion-orquestacion-bandas-sonoras\/wp-content\/uploads\/2023\/10\/B4136-Composicion-Orquestacion-Bandas-Sonoras-portada-1448x2048.jpg 1448w, https:\/\/www.myscores.es\/composicion-orquestacion-bandas-sonoras\/wp-content\/uploads\/2023\/10\/B4136-Composicion-Orquestacion-Bandas-Sonoras-portada-scaled.jpg 1810w\" sizes=\"(max-width: 724px) 100vw, 724px\" \/><\/a><\/figure>\n<\/div>\n\n\n\n<div class=\"wp-block-column is-layout-flow\" style=\"flex-basis:66.66%\">\n<p class=\"has-black-color has-text-color\"><strong><a href=\"https:\/\/boileau-music.com\/es\/obras\/composicion-y-orquestacion-para-bandas-sonoras-b.4136\" target=\"_blank\" rel=\"noreferrer noopener\">COMPOSICI\u00d3N Y ORQUESTACI\u00d3N PARA BANDAS SONORAS<\/a><\/strong><br><em>Film Scoring<\/em><br><strong>Llu\u00eds Verg\u00e9s<br><\/strong>(Libro en castellano)<\/p>\n\n\n\n<p class=\"has-black-color has-text-color\">Reg. B.4136<br>P.V.P.: 85 \u20ac<br>N\u00ba p\u00e1ginas: 540<br>ISBN: 978-84-19715-04-3<br>ISMN: 979-0-3503-4332-2<\/p>\n\n\n\n<div class=\"wp-block-buttons is-layout-flex\">\n<div class=\"wp-block-button\"><a class=\"wp-block-button__link wp-element-button\" href=\"https:\/\/boileau-music.com\/es\/obras\/composicion-y-orquestacion-para-bandas-sonoras-b.4136\" target=\"_blank\" rel=\"noreferrer noopener\">Comprar<\/a><\/div>\n<\/div>\n<\/div>\n<\/div>\n","protected":false},"excerpt":{"rendered":"<p>La ayuda imprescindible para afrontar la ambiciosa y compleja disciplina de la composici\u00f3n y orquestaci\u00f3n de bandas sonoras. Un compendio de aquellas cuestiones fundamentales que todo compositor debe saber. Composici\u00f3n y orquestaci\u00f3n para bandas sonoras de Llu\u00eds Verg\u00e9s llena un vac\u00edo en la bibliograf\u00eda existente hasta ahora. A partir del an\u00e1lisis de m\u00e1s de 700 &hellip; <\/p>\n<p class=\"link-more\"><a href=\"https:\/\/www.myscores.es\/composicion-orquestacion-bandas-sonoras\/\" class=\"more-link\">Continuar leyendo<span class=\"screen-reader-text\"> \u00abHome\u00bb<\/span><\/a><\/p>\n","protected":false},"author":1,"featured_media":0,"parent":0,"menu_order":0,"comment_status":"closed","ping_status":"closed","template":"","meta":[],"_links":{"self":[{"href":"https:\/\/www.myscores.es\/composicion-orquestacion-bandas-sonoras\/wp-json\/wp\/v2\/pages\/12"}],"collection":[{"href":"https:\/\/www.myscores.es\/composicion-orquestacion-bandas-sonoras\/wp-json\/wp\/v2\/pages"}],"about":[{"href":"https:\/\/www.myscores.es\/composicion-orquestacion-bandas-sonoras\/wp-json\/wp\/v2\/types\/page"}],"author":[{"embeddable":true,"href":"https:\/\/www.myscores.es\/composicion-orquestacion-bandas-sonoras\/wp-json\/wp\/v2\/users\/1"}],"replies":[{"embeddable":true,"href":"https:\/\/www.myscores.es\/composicion-orquestacion-bandas-sonoras\/wp-json\/wp\/v2\/comments?post=12"}],"version-history":[{"count":51,"href":"https:\/\/www.myscores.es\/composicion-orquestacion-bandas-sonoras\/wp-json\/wp\/v2\/pages\/12\/revisions"}],"predecessor-version":[{"id":904,"href":"https:\/\/www.myscores.es\/composicion-orquestacion-bandas-sonoras\/wp-json\/wp\/v2\/pages\/12\/revisions\/904"}],"wp:attachment":[{"href":"https:\/\/www.myscores.es\/composicion-orquestacion-bandas-sonoras\/wp-json\/wp\/v2\/media?parent=12"}],"curies":[{"name":"wp","href":"https:\/\/api.w.org\/{rel}","templated":true}]}}