{"id":822,"date":"2023-10-27T11:37:07","date_gmt":"2023-10-27T09:37:07","guid":{"rendered":"https:\/\/www.boileau-music.com\/composicion-orquestacion-bandas-sonoras\/the-book\/"},"modified":"2023-11-21T20:30:32","modified_gmt":"2023-11-21T19:30:32","slug":"the-book","status":"publish","type":"page","link":"https:\/\/www.myscores.es\/composicion-orquestacion-bandas-sonoras\/en\/the-book\/","title":{"rendered":"The Book"},"content":{"rendered":"\n<p class=\"has-text-align-right has-black-color has-text-color has-background\" style=\"background-color:#d6bda4\">&#8220;If you want to achieve a creative, professionally consistent and highly emotional work, I can affirm that Llu\u00eds Verg\u00e9s&#8217; book will help you a lot to achieve this goal&#8221;.<br\/><strong>Joan Albert Amarg\u00f3s<\/strong><\/p>\n\n<p>The <strong>soundtrack<\/strong> is a fundamental element in any short or long audiovisual production. Since the birth of cinema, music has been used as a primary basis for the expression of emotions that text alone could not communicate. Today&#8217;s soundtrack composer must be familiar with this language which, although it obeys certain conventions and is not alien to different fashions, requires at the same time a wealth of melodic, harmonic and orchestral resources.<\/p>\n\n<p>Llu\u00eds Verg\u00e9s publishes his second book <strong>Composici\u00f3n y orquestaci\u00f3n para bandas sonoras<\/strong> <strong><em>(Film Scoring)<\/em><\/strong> in which he exhaustively covers the necessary procedures to create instrumental music for the audiovisual genre.<\/p>\n\n<figure class=\"wp-block-embed is-type-video is-provider-youtube wp-block-embed-youtube wp-embed-aspect-16-9 wp-has-aspect-ratio\"><div class=\"wp-block-embed__wrapper\">\n<div class=\"epyt-video-wrapper\"><div  style=\"display: block; margin: 0px auto;\"  id=\"_ytid_10873\"  width=\"525\" height=\"295\"  data-origwidth=\"525\" data-origheight=\"295\" data-facadesrc=\"https:\/\/www.youtube.com\/embed\/0_rJj5S7e2I?enablejsapi=1&#038;autoplay=0&#038;cc_load_policy=0&#038;iv_load_policy=1&#038;loop=0&#038;modestbranding=0&#038;fs=1&#038;playsinline=0&#038;controls=1&#038;color=red&#038;cc_lang_pref=&#038;rel=0&#038;autohide=2&#038;theme=dark&#038;\" class=\"__youtube_prefs__ epyt-facade epyt-is-override  no-lazyload\" data-epautoplay=\"1\" ><img decoding=\"async\" data-spai-excluded=\"true\" class=\"epyt-facade-poster skip-lazy\" loading=\"lazy\"  alt=\"YouTube player\"  src=\"https:\/\/i.ytimg.com\/vi\/0_rJj5S7e2I\/maxresdefault.jpg\"  \/><button class=\"epyt-facade-play\" aria-label=\"Play\"><svg data-no-lazy=\"1\" height=\"100%\" version=\"1.1\" viewBox=\"0 0 68 48\" width=\"100%\"><path class=\"ytp-large-play-button-bg\" d=\"M66.52,7.74c-0.78-2.93-2.49-5.41-5.42-6.19C55.79,.13,34,0,34,0S12.21,.13,6.9,1.55 C3.97,2.33,2.27,4.81,1.48,7.74C0.06,13.05,0,24,0,24s0.06,10.95,1.48,16.26c0.78,2.93,2.49,5.41,5.42,6.19 C12.21,47.87,34,48,34,48s21.79-0.13,27.1-1.55c2.93-0.78,4.64-3.26,5.42-6.19C67.94,34.95,68,24,68,24S67.94,13.05,66.52,7.74z\" fill=\"#f00\"><\/path><path d=\"M 45,24 27,14 27,34\" fill=\"#fff\"><\/path><\/svg><\/button><\/div><\/div>\n<\/div><\/figure>\n\n<p>At a time when &#8220;midi&#8221; technology has so much weight in all musical disciplines, the author advocates offering a real knowledge of the orchestra and its techniques, which is essential to give verisimilitude and emotionality to any passage. This book provides all kinds of solutions for the creation of music that requires a high level of technical knowledge and creativity conditioned by the dramatisation of an image.<\/p>\n\n<blockquote class=\"wp-block-quote\">\n<p><\/p>\n<\/blockquote>\n\n<p class=\"has-text-align-center has-white-color has-black-background-color has-text-color has-background\"><strong>More than 700 musical examples in score selected from over 100 film and classical repertoire works<\/strong><\/p>\n<div class=\"wp-block-image\">\n<figure class=\"aligncenter size-large\"><img decoding=\"async\" src=\"https:\/\/www.boileau-music.com\/composicion-orquestacion-bandas-sonoras\/wp-content\/uploads\/2023\/10\/Composicio&#x301;n-Orquestacion-Bandas-Sonoras-Verges-musica-1024x750.jpg\" alt=\"\" class=\"wp-image-478\"\/><\/figure><\/div>\n<p class=\"has-text-align-center has-white-color has-black-background-color has-text-color has-background\"><strong>Orchestral charts<\/strong><\/p>\n<div class=\"wp-block-image\">\n<figure class=\"aligncenter size-full\"><img decoding=\"async\" src=\"https:\/\/www.boileau-music.com\/composicion-orquestacion-bandas-sonoras\/wp-content\/uploads\/2023\/10\/Composicio&#x301;n-Orquestacion-Bandas-Sonoras-Verges-graficas-2.jpg\" alt=\"\" class=\"wp-image-476\"\/><\/figure><\/div>\n<p class=\"has-text-align-center has-white-color has-black-background-color has-text-color has-background\"><strong>More than 500 online audios<\/strong><\/p>\n\n<div class=\"wp-block-columns is-layout-flex wp-container-3\">\n<div class=\"wp-block-column is-layout-flow\">\n<figure class=\"wp-block-embed is-type-video is-provider-youtube wp-block-embed-youtube wp-embed-aspect-16-9 wp-has-aspect-ratio\"><div class=\"wp-block-embed__wrapper\">\n<div class=\"epyt-video-wrapper\"><div  style=\"display: block; margin: 0px auto;\"  id=\"_ytid_49261\"  width=\"525\" height=\"295\"  data-origwidth=\"525\" data-origheight=\"295\" data-facadesrc=\"https:\/\/www.youtube.com\/embed\/aNnFdnoAhhc?enablejsapi=1&#038;autoplay=0&#038;cc_load_policy=0&#038;iv_load_policy=1&#038;loop=0&#038;modestbranding=0&#038;fs=1&#038;playsinline=0&#038;controls=1&#038;color=red&#038;cc_lang_pref=&#038;rel=0&#038;autohide=2&#038;theme=dark&#038;\" class=\"__youtube_prefs__ epyt-facade epyt-is-override  no-lazyload\" data-epautoplay=\"1\" ><img decoding=\"async\" data-spai-excluded=\"true\" class=\"epyt-facade-poster skip-lazy\" loading=\"lazy\"  alt=\"YouTube player\"  src=\"https:\/\/i.ytimg.com\/vi\/aNnFdnoAhhc\/maxresdefault.jpg\"  \/><button class=\"epyt-facade-play\" aria-label=\"Play\"><svg data-no-lazy=\"1\" height=\"100%\" version=\"1.1\" viewBox=\"0 0 68 48\" width=\"100%\"><path class=\"ytp-large-play-button-bg\" d=\"M66.52,7.74c-0.78-2.93-2.49-5.41-5.42-6.19C55.79,.13,34,0,34,0S12.21,.13,6.9,1.55 C3.97,2.33,2.27,4.81,1.48,7.74C0.06,13.05,0,24,0,24s0.06,10.95,1.48,16.26c0.78,2.93,2.49,5.41,5.42,6.19 C12.21,47.87,34,48,34,48s21.79-0.13,27.1-1.55c2.93-0.78,4.64-3.26,5.42-6.19C67.94,34.95,68,24,68,24S67.94,13.05,66.52,7.74z\" fill=\"#f00\"><\/path><path d=\"M 45,24 27,14 27,34\" fill=\"#fff\"><\/path><\/svg><\/button><\/div><\/div>\n<\/div><\/figure>\n<\/div>\n\n\n\n<div class=\"wp-block-column is-layout-flow\">\n<figure class=\"wp-block-embed is-type-video is-provider-youtube wp-block-embed-youtube wp-embed-aspect-16-9 wp-has-aspect-ratio\"><div class=\"wp-block-embed__wrapper\">\n<div class=\"epyt-video-wrapper\"><div  style=\"display: block; margin: 0px auto;\"  id=\"_ytid_20953\"  width=\"525\" height=\"295\"  data-origwidth=\"525\" data-origheight=\"295\" data-facadesrc=\"https:\/\/www.youtube.com\/embed\/t8uEw5meh5c?enablejsapi=1&#038;autoplay=0&#038;cc_load_policy=0&#038;iv_load_policy=1&#038;loop=0&#038;modestbranding=0&#038;fs=1&#038;playsinline=0&#038;controls=1&#038;color=red&#038;cc_lang_pref=&#038;rel=0&#038;autohide=2&#038;theme=dark&#038;\" class=\"__youtube_prefs__ epyt-facade epyt-is-override  no-lazyload\" data-epautoplay=\"1\" ><img decoding=\"async\" data-spai-excluded=\"true\" class=\"epyt-facade-poster skip-lazy\" loading=\"lazy\"  alt=\"YouTube player\"  src=\"https:\/\/i.ytimg.com\/vi\/t8uEw5meh5c\/maxresdefault.jpg\"  \/><button class=\"epyt-facade-play\" aria-label=\"Play\"><svg data-no-lazy=\"1\" height=\"100%\" version=\"1.1\" viewBox=\"0 0 68 48\" width=\"100%\"><path class=\"ytp-large-play-button-bg\" d=\"M66.52,7.74c-0.78-2.93-2.49-5.41-5.42-6.19C55.79,.13,34,0,34,0S12.21,.13,6.9,1.55 C3.97,2.33,2.27,4.81,1.48,7.74C0.06,13.05,0,24,0,24s0.06,10.95,1.48,16.26c0.78,2.93,2.49,5.41,5.42,6.19 C12.21,47.87,34,48,34,48s21.79-0.13,27.1-1.55c2.93-0.78,4.64-3.26,5.42-6.19C67.94,34.95,68,24,68,24S67.94,13.05,66.52,7.74z\" fill=\"#f00\"><\/path><path d=\"M 45,24 27,14 27,34\" fill=\"#fff\"><\/path><\/svg><\/button><\/div><\/div>\n<\/div><\/figure>\n<\/div>\n<\/div>\n\n<div class=\"wp-block-columns is-layout-flex wp-container-6\">\n<div class=\"wp-block-column is-layout-flow\">\n<figure class=\"wp-block-embed is-type-video is-provider-youtube wp-block-embed-youtube wp-embed-aspect-16-9 wp-has-aspect-ratio\"><div class=\"wp-block-embed__wrapper\">\n<div class=\"epyt-video-wrapper\"><div  style=\"display: block; margin: 0px auto;\"  id=\"_ytid_80777\"  width=\"525\" height=\"295\"  data-origwidth=\"525\" data-origheight=\"295\" data-facadesrc=\"https:\/\/www.youtube.com\/embed\/PqhPWy3jkG0?enablejsapi=1&#038;autoplay=0&#038;cc_load_policy=0&#038;iv_load_policy=1&#038;loop=0&#038;modestbranding=0&#038;fs=1&#038;playsinline=0&#038;controls=1&#038;color=red&#038;cc_lang_pref=&#038;rel=0&#038;autohide=2&#038;theme=dark&#038;\" class=\"__youtube_prefs__ epyt-facade epyt-is-override  no-lazyload\" data-epautoplay=\"1\" ><img decoding=\"async\" data-spai-excluded=\"true\" class=\"epyt-facade-poster skip-lazy\" loading=\"lazy\"  alt=\"YouTube player\"  src=\"https:\/\/i.ytimg.com\/vi\/PqhPWy3jkG0\/maxresdefault.jpg\"  \/><button class=\"epyt-facade-play\" aria-label=\"Play\"><svg data-no-lazy=\"1\" height=\"100%\" version=\"1.1\" viewBox=\"0 0 68 48\" width=\"100%\"><path class=\"ytp-large-play-button-bg\" d=\"M66.52,7.74c-0.78-2.93-2.49-5.41-5.42-6.19C55.79,.13,34,0,34,0S12.21,.13,6.9,1.55 C3.97,2.33,2.27,4.81,1.48,7.74C0.06,13.05,0,24,0,24s0.06,10.95,1.48,16.26c0.78,2.93,2.49,5.41,5.42,6.19 C12.21,47.87,34,48,34,48s21.79-0.13,27.1-1.55c2.93-0.78,4.64-3.26,5.42-6.19C67.94,34.95,68,24,68,24S67.94,13.05,66.52,7.74z\" fill=\"#f00\"><\/path><path d=\"M 45,24 27,14 27,34\" fill=\"#fff\"><\/path><\/svg><\/button><\/div><\/div>\n<\/div><\/figure>\n<\/div>\n\n\n\n<div class=\"wp-block-column is-layout-flow\">\n<figure class=\"wp-block-embed is-type-video is-provider-youtube wp-block-embed-youtube wp-embed-aspect-16-9 wp-has-aspect-ratio\"><div class=\"wp-block-embed__wrapper\">\n<div class=\"epyt-video-wrapper\"><div  style=\"display: block; margin: 0px auto;\"  id=\"_ytid_14157\"  width=\"525\" height=\"295\"  data-origwidth=\"525\" data-origheight=\"295\" data-facadesrc=\"https:\/\/www.youtube.com\/embed\/7Eiatlg7UA4?enablejsapi=1&#038;autoplay=0&#038;cc_load_policy=0&#038;iv_load_policy=1&#038;loop=0&#038;modestbranding=0&#038;fs=1&#038;playsinline=0&#038;controls=1&#038;color=red&#038;cc_lang_pref=&#038;rel=0&#038;autohide=2&#038;theme=dark&#038;\" class=\"__youtube_prefs__ epyt-facade epyt-is-override  no-lazyload\" data-epautoplay=\"1\" ><img decoding=\"async\" data-spai-excluded=\"true\" class=\"epyt-facade-poster skip-lazy\" loading=\"lazy\"  alt=\"YouTube player\"  src=\"https:\/\/i.ytimg.com\/vi\/7Eiatlg7UA4\/maxresdefault.jpg\"  \/><button class=\"epyt-facade-play\" aria-label=\"Play\"><svg data-no-lazy=\"1\" height=\"100%\" version=\"1.1\" viewBox=\"0 0 68 48\" width=\"100%\"><path class=\"ytp-large-play-button-bg\" d=\"M66.52,7.74c-0.78-2.93-2.49-5.41-5.42-6.19C55.79,.13,34,0,34,0S12.21,.13,6.9,1.55 C3.97,2.33,2.27,4.81,1.48,7.74C0.06,13.05,0,24,0,24s0.06,10.95,1.48,16.26c0.78,2.93,2.49,5.41,5.42,6.19 C12.21,47.87,34,48,34,48s21.79-0.13,27.1-1.55c2.93-0.78,4.64-3.26,5.42-6.19C67.94,34.95,68,24,68,24S67.94,13.05,66.52,7.74z\" fill=\"#f00\"><\/path><path d=\"M 45,24 27,14 27,34\" fill=\"#fff\"><\/path><\/svg><\/button><\/div><\/div>\n<\/div><\/figure>\n<\/div>\n<\/div>\n\n<p class=\"has-text-align-center has-white-color has-black-background-color has-text-color has-background\"><strong>Contents<\/strong><\/p>\n\n<p>Prologue<br\/>Preface<br\/>Study recommendations<br\/>About the musical examples<br\/>Note<\/p>\n\n<p><strong>Chapter I. Composition materials<\/strong><br\/>1. Melodic materials <br\/>2. The melodic curve<br\/>3. Melody and harmony<br\/>4. Harmonic materials<\/p>\n\n<p><strong>Chapter II. Basic techniques<\/strong><br\/>1. Harmonics<br\/>2. Three-voice technique<br\/>3. Harmonic supports (&#8220;spread&#8221;)<br\/>4. Thumb technique<br\/>5. Harmonic omissions<br\/>6. Upper structures<br\/>7. Adiatonic chords<br\/>8. Parallel harmony<br\/>9. Harmonic pedal technique<\/p>\n\n<p><strong>Chapter III. Orchestral textures<\/strong><br\/>1. Textures<br\/>2. Orchestral blocks<br\/>3. \u00abTutti\u00bb<br\/>4. Accompaniments<br\/>5. Colour textures<br\/>6. Combination of textures<br\/>7. Orchestral plans<br\/>8. &#8220;Welding&#8221;<br\/>9. Links<br\/>10. Finals<br\/>11. Orchestral problems<\/p>\n\n<p><strong>Chapter IV. Orchestration by sections<\/strong><br\/>1. Strings<br\/>2. Wood<br\/>3. Metals<br\/>4. Percussion<br\/>5. Other symphonic instruments<\/p>\n\n<p><strong>Chapter V. Analysis (reference works)<\/strong><br\/>1. Analysis<br\/>2. Reference works<\/p>\n\n<p><strong>Chapter VI. Music and drama<\/strong><br\/>1. Harmony and drama<br\/>2. Orchestration and drama<br\/>3. Final orchestration<\/p>\n\n<p>Conclusion<br\/>About the author<br\/>Index of films \/ works<br\/>Index of composers<br\/>Instrumental abbreviations<\/p>\n\n<div class=\"wp-block-file aligncenter\"><a id=\"wp-block-file--media-cd785d59-22b7-4df0-b62c-4fd5a625d356\" href=\"http:\/\/www.boileau-music.com\/composicion-orquestacion-bandas-sonoras\/wp-content\/uploads\/2023\/10\/Contenidos-Composicion-Orquestacion-Bandas-Sonoras-Verges-4.pdf\" target=\"_blank\" rel=\"noreferrer noopener\">Contenidos-Composicion-Orquestacion-Bandas-Sonoras-Verges<\/a><a href=\"http:\/\/www.boileau-music.com\/composicion-orquestacion-bandas-sonoras\/wp-content\/uploads\/2023\/10\/Contenidos-Composicion-Orquestacion-Bandas-Sonoras-Verges-4.pdf\" class=\"wp-block-file__button wp-element-button\" download=\"\" aria-describedby=\"wp-block-file--media-cd785d59-22b7-4df0-b62c-4fd5a625d356\">Download content pages<\/a><\/div>\n\n<div class=\"wp-block-file aligncenter\"><a id=\"wp-block-file--media-cd785d59-22b7-4df0-b62c-4fd5a625d356\" href=\"https:\/\/www.boileau-music.com\/composicion-orquestacion-bandas-sonoras\/wp-content\/uploads\/2023\/10\/Muestras-Composicion-Orquestacion-Bandas-Sonoras-Verges-2.pdf\" target=\"_blank\" rel=\"noreferrer noopener\">Muestras-Composicion-Orquestacion-Bandas-Sonoras-Verges-2<\/a><a href=\"https:\/\/www.boileau-music.com\/composicion-orquestacion-bandas-sonoras\/wp-content\/uploads\/2023\/10\/Muestras-Composicion-Orquestacion-Bandas-Sonoras-Verges-2.pdf\" class=\"wp-block-file__button wp-element-button\" download=\"\" aria-describedby=\"wp-block-file--media-cd785d59-22b7-4df0-b62c-4fd5a625d356\">Download sample pages<\/a><\/div>\n","protected":false},"excerpt":{"rendered":"<p>&#8220;If you want to achieve a creative, professionally consistent and highly emotional work, I can affirm that Llu\u00eds Verg\u00e9s&#8217; book will help you a lot to achieve this goal&#8221;.Joan Albert Amarg\u00f3s The soundtrack is a fundamental element in any short or long audiovisual production. Since the birth of cinema, music has been used as a &hellip; <\/p>\n<p class=\"link-more\"><a href=\"https:\/\/www.myscores.es\/composicion-orquestacion-bandas-sonoras\/en\/the-book\/\" class=\"more-link\">Continue reading<span class=\"screen-reader-text\"> &#8220;The Book&#8221;<\/span><\/a><\/p>\n","protected":false},"author":1,"featured_media":0,"parent":0,"menu_order":0,"comment_status":"closed","ping_status":"closed","template":"","meta":[],"_links":{"self":[{"href":"https:\/\/www.myscores.es\/composicion-orquestacion-bandas-sonoras\/en\/wp-json\/wp\/v2\/pages\/822"}],"collection":[{"href":"https:\/\/www.myscores.es\/composicion-orquestacion-bandas-sonoras\/en\/wp-json\/wp\/v2\/pages"}],"about":[{"href":"https:\/\/www.myscores.es\/composicion-orquestacion-bandas-sonoras\/en\/wp-json\/wp\/v2\/types\/page"}],"author":[{"embeddable":true,"href":"https:\/\/www.myscores.es\/composicion-orquestacion-bandas-sonoras\/en\/wp-json\/wp\/v2\/users\/1"}],"replies":[{"embeddable":true,"href":"https:\/\/www.myscores.es\/composicion-orquestacion-bandas-sonoras\/en\/wp-json\/wp\/v2\/comments?post=822"}],"version-history":[{"count":3,"href":"https:\/\/www.myscores.es\/composicion-orquestacion-bandas-sonoras\/en\/wp-json\/wp\/v2\/pages\/822\/revisions"}],"predecessor-version":[{"id":825,"href":"https:\/\/www.myscores.es\/composicion-orquestacion-bandas-sonoras\/en\/wp-json\/wp\/v2\/pages\/822\/revisions\/825"}],"wp:attachment":[{"href":"https:\/\/www.myscores.es\/composicion-orquestacion-bandas-sonoras\/en\/wp-json\/wp\/v2\/media?parent=822"}],"curies":[{"name":"wp","href":"https:\/\/api.w.org\/{rel}","templated":true}]}}