{"id":780,"date":"2023-10-11T13:13:52","date_gmt":"2023-10-11T11:13:52","guid":{"rendered":"https:\/\/www.boileau-music.com\/composicion-orquestacion-bandas-sonoras\/home\/"},"modified":"2025-02-20T00:20:05","modified_gmt":"2025-02-19T23:20:05","slug":"home","status":"publish","type":"page","link":"https:\/\/www.myscores.es\/composicion-orquestacion-bandas-sonoras\/en\/","title":{"rendered":"Home"},"content":{"rendered":"\n<div class=\"wp-block-group is-layout-constrained\"><div class=\"wp-block-group__inner-container\">\n<p class=\"has-background\" style=\"background-color:#d6bda4\"><strong>The indispensable aid for tackling the ambitious and complex discipline of soundtrack composition and orchestration. A compendium of those fundamental questions that every composer should know.<\/strong><\/p>\n\n\n\n<figure class=\"wp-block-image size-large\"><img decoding=\"async\" loading=\"lazy\" width=\"1024\" height=\"731\" src=\"https:\/\/www.boileau-music.com\/composicion-orquestacion-bandas-sonoras\/wp-content\/uploads\/2023\/10\/Mockup_1verges-3-1024x731.jpg\" alt=\"\" class=\"wp-image-429\" srcset=\"https:\/\/www.myscores.es\/composicion-orquestacion-bandas-sonoras\/wp-content\/uploads\/2023\/10\/Mockup_1verges-3-1024x731.jpg 1024w, https:\/\/www.myscores.es\/composicion-orquestacion-bandas-sonoras\/wp-content\/uploads\/2023\/10\/Mockup_1verges-3-300x214.jpg 300w, https:\/\/www.myscores.es\/composicion-orquestacion-bandas-sonoras\/wp-content\/uploads\/2023\/10\/Mockup_1verges-3-768x548.jpg 768w, https:\/\/www.myscores.es\/composicion-orquestacion-bandas-sonoras\/wp-content\/uploads\/2023\/10\/Mockup_1verges-3-1536x1096.jpg 1536w, https:\/\/www.myscores.es\/composicion-orquestacion-bandas-sonoras\/wp-content\/uploads\/2023\/10\/Mockup_1verges-3-2048x1462.jpg 2048w\" sizes=\"(max-width: 706px) 89vw, (max-width: 767px) 82vw, 740px\" \/><\/figure>\n\n\n\n<p class=\"has-black-color has-text-color\"><strong>Composici\u00f3n y orquestaci\u00f3n para bandas sonoras [Composition and orchestration for soundtracks]<\/strong><em> <\/em>by Llu\u00eds Verg\u00e9s fills a gap in the existing bibliography. Based on the analysis of more than 700 musical examples, it unravels the techniques necessary for the composition and orchestration of the soundtrack. It offers multiple solutions for novice and experienced composers: from the basics of melody construction and harmonisation to the complex path of translating all the material to the symphony orchestra.<\/p>\n\n\n\n<div class=\"wp-block-columns is-layout-flex wp-container-2\">\n<div class=\"wp-block-column is-layout-flow\">\n<p class=\"has-text-align-center\"><strong><a href=\"\/composicion-orquestacion-bandas-sonoras\/en\/audios\/\">Access to the audios<\/a><\/strong><\/p>\n<\/div>\n<\/div>\n<\/div><\/div>\n\n\n\n<p class=\"has-background\" style=\"background-color:#d6bda4\">\u2022 <strong>More than 700 musical examples<\/strong> in score selected from over 100 film and classical repertoire works<br>\u2022 <strong>More than 500 online audios<\/strong><br>\u2022 Prologue by <strong>Joan Albert Amarg\u00f3s<\/strong><br>\u2022 <strong>Recomendaciones de estudio<\/strong><br>\u2022 <strong>6 chapters<\/strong><br>\u2022 <strong>Conclusions<br>\u2022 \u00cdndice de pel\u00edculas y obras<br>\u2022 Index of composers<\/strong><br>\u2022 <strong>540 pages<\/strong><\/p>\n\n\n\n<div class=\"wp-block-columns is-layout-flex wp-container-6\">\n<div class=\"wp-block-column is-layout-flow\">\n<figure class=\"wp-block-image size-large\"><a href=\"\/composicion-orquestacion-bandas-sonoras\/en\/chapter-i\/\"><img decoding=\"async\" loading=\"lazy\" width=\"1024\" height=\"819\" src=\"https:\/\/www.boileau-music.com\/composicion-orquestacion-bandas-sonoras\/wp-content\/uploads\/2023\/10\/Composicio\u0301n-Orquestacion-Bandas-Sonoras-Verges-cap-I-zoom-b-1024x819.jpg\" alt=\"\" class=\"wp-image-518\" srcset=\"https:\/\/www.myscores.es\/composicion-orquestacion-bandas-sonoras\/wp-content\/uploads\/2023\/10\/Composicio\u0301n-Orquestacion-Bandas-Sonoras-Verges-cap-I-zoom-b-1024x819.jpg 1024w, https:\/\/www.myscores.es\/composicion-orquestacion-bandas-sonoras\/wp-content\/uploads\/2023\/10\/Composicio\u0301n-Orquestacion-Bandas-Sonoras-Verges-cap-I-zoom-b-300x240.jpg 300w, https:\/\/www.myscores.es\/composicion-orquestacion-bandas-sonoras\/wp-content\/uploads\/2023\/10\/Composicio\u0301n-Orquestacion-Bandas-Sonoras-Verges-cap-I-zoom-b-768x614.jpg 768w, https:\/\/www.myscores.es\/composicion-orquestacion-bandas-sonoras\/wp-content\/uploads\/2023\/10\/Composicio\u0301n-Orquestacion-Bandas-Sonoras-Verges-cap-I-zoom-b-1536x1228.jpg 1536w, https:\/\/www.myscores.es\/composicion-orquestacion-bandas-sonoras\/wp-content\/uploads\/2023\/10\/Composicio\u0301n-Orquestacion-Bandas-Sonoras-Verges-cap-I-zoom-b.jpg 1915w\" sizes=\"(max-width: 706px) 89vw, (max-width: 767px) 82vw, 740px\" \/><\/a><\/figure>\n<\/div>\n\n\n\n<div class=\"wp-block-column is-layout-flow\">\n<p class=\"has-text-color\" style=\"color:#b37232\"><strong>CHAPTER I<\/strong><br><strong>Composition materials<\/strong><\/p>\n\n\n\n<p class=\"has-black-color has-text-color\">From the analysis of cinematographic melodies and their harmonisation, he shows the technical elements that accompany their creation.<br><strong><a href=\"\/composicion-orquestacion-bandas-sonoras\/en\/chapter-i\/\">Go to audios Chapter I<\/a><\/strong><\/p>\n<\/div>\n<\/div>\n\n\n\n<hr class=\"wp-block-separator has-alpha-channel-opacity\"\/>\n\n\n\n<div class=\"wp-block-columns is-layout-flex wp-container-9\">\n<div class=\"wp-block-column is-layout-flow\">\n<figure class=\"wp-block-image size-large\"><a href=\"\/composicion-orquestacion-bandas-sonoras\/en\/chapter-ii\/\"><img decoding=\"async\" loading=\"lazy\" width=\"1024\" height=\"819\" src=\"https:\/\/www.boileau-music.com\/composicion-orquestacion-bandas-sonoras\/wp-content\/uploads\/2023\/10\/Composicio\u0301n-Orquestacion-Bandas-Sonoras-Verges-cap-II-zoom-b-1024x819.jpg\" alt=\"\" class=\"wp-image-515\" srcset=\"https:\/\/www.myscores.es\/composicion-orquestacion-bandas-sonoras\/wp-content\/uploads\/2023\/10\/Composicio\u0301n-Orquestacion-Bandas-Sonoras-Verges-cap-II-zoom-b-1024x819.jpg 1024w, https:\/\/www.myscores.es\/composicion-orquestacion-bandas-sonoras\/wp-content\/uploads\/2023\/10\/Composicio\u0301n-Orquestacion-Bandas-Sonoras-Verges-cap-II-zoom-b-300x240.jpg 300w, https:\/\/www.myscores.es\/composicion-orquestacion-bandas-sonoras\/wp-content\/uploads\/2023\/10\/Composicio\u0301n-Orquestacion-Bandas-Sonoras-Verges-cap-II-zoom-b-768x614.jpg 768w, https:\/\/www.myscores.es\/composicion-orquestacion-bandas-sonoras\/wp-content\/uploads\/2023\/10\/Composicio\u0301n-Orquestacion-Bandas-Sonoras-Verges-cap-II-zoom-b-1536x1228.jpg 1536w, https:\/\/www.myscores.es\/composicion-orquestacion-bandas-sonoras\/wp-content\/uploads\/2023\/10\/Composicio\u0301n-Orquestacion-Bandas-Sonoras-Verges-cap-II-zoom-b.jpg 1915w\" sizes=\"(max-width: 706px) 89vw, (max-width: 767px) 82vw, 740px\" \/><\/a><\/figure>\n<\/div>\n\n\n\n<div class=\"wp-block-column is-layout-flow\">\n<p class=\"has-text-color\" style=\"color:#b37232\"><strong><strong>CHAPTER II<\/strong><br><strong>Basic techniques<\/strong><\/strong><\/p>\n\n\n\n<p class=\"has-black-color has-text-color\">It unravels the essential harmonic and contrapuntal techniques as a preliminary step to orchestration.<br><strong><a href=\"\/composicion-orquestacion-bandas-sonoras\/en\/chapter-ii\/\">Go to audios Chapter II<\/a><\/strong><\/p>\n<\/div>\n<\/div>\n\n\n\n<hr class=\"wp-block-separator has-alpha-channel-opacity\"\/>\n\n\n\n<div class=\"wp-block-columns is-layout-flex wp-container-12\">\n<div class=\"wp-block-column is-layout-flow\">\n<figure class=\"wp-block-image size-large\"><a href=\"\/composicion-orquestacion-bandas-sonoras\/en\/chapter-iii\/\"><img decoding=\"async\" loading=\"lazy\" width=\"1024\" height=\"819\" src=\"https:\/\/www.boileau-music.com\/composicion-orquestacion-bandas-sonoras\/wp-content\/uploads\/2023\/10\/Composicio\u0301n-Orquestacion-Bandas-Sonoras-Verges-cap-III-zoom-b-1024x819.jpg\" alt=\"\" class=\"wp-image-512\" srcset=\"https:\/\/www.myscores.es\/composicion-orquestacion-bandas-sonoras\/wp-content\/uploads\/2023\/10\/Composicio\u0301n-Orquestacion-Bandas-Sonoras-Verges-cap-III-zoom-b-1024x819.jpg 1024w, https:\/\/www.myscores.es\/composicion-orquestacion-bandas-sonoras\/wp-content\/uploads\/2023\/10\/Composicio\u0301n-Orquestacion-Bandas-Sonoras-Verges-cap-III-zoom-b-300x240.jpg 300w, https:\/\/www.myscores.es\/composicion-orquestacion-bandas-sonoras\/wp-content\/uploads\/2023\/10\/Composicio\u0301n-Orquestacion-Bandas-Sonoras-Verges-cap-III-zoom-b-768x614.jpg 768w, https:\/\/www.myscores.es\/composicion-orquestacion-bandas-sonoras\/wp-content\/uploads\/2023\/10\/Composicio\u0301n-Orquestacion-Bandas-Sonoras-Verges-cap-III-zoom-b-1536x1228.jpg 1536w, https:\/\/www.myscores.es\/composicion-orquestacion-bandas-sonoras\/wp-content\/uploads\/2023\/10\/Composicio\u0301n-Orquestacion-Bandas-Sonoras-Verges-cap-III-zoom-b.jpg 1915w\" sizes=\"(max-width: 706px) 89vw, (max-width: 767px) 82vw, 740px\" \/><\/a><\/figure>\n<\/div>\n\n\n\n<div class=\"wp-block-column is-layout-flow\">\n<p class=\"has-text-color\" style=\"color:#b37232\"><strong><strong><strong><strong>CHAPTER I<\/strong>II<\/strong><br><strong>Orchestral textures<\/strong><\/strong><\/strong><\/p>\n\n\n\n<p>Methodological centre of the book, it shows the application of the above in orchestral writing, taking as a reference the orchestral blocks for the creation of textures and their combination.<br><strong><a href=\"\/composicion-orquestacion-bandas-sonoras\/en\/chapter-iii\/\">Go to audios Chapter III<\/a><\/strong><\/p>\n<\/div>\n<\/div>\n\n\n\n<hr class=\"wp-block-separator has-alpha-channel-opacity\"\/>\n\n\n\n<div class=\"wp-block-columns is-layout-flex wp-container-15\">\n<div class=\"wp-block-column is-layout-flow\">\n<figure class=\"wp-block-image size-large\"><a href=\"\/composicion-orquestacion-bandas-sonoras\/en\/chapter-iv\/\"><img decoding=\"async\" loading=\"lazy\" width=\"1024\" height=\"819\" src=\"https:\/\/www.boileau-music.com\/composicion-orquestacion-bandas-sonoras\/wp-content\/uploads\/2023\/10\/Composicio\u0301n-Orquestacion-Bandas-Sonoras-Verges-cap-IV-zoom-b-1024x819.jpg\" alt=\"\" class=\"wp-image-508\" srcset=\"https:\/\/www.myscores.es\/composicion-orquestacion-bandas-sonoras\/wp-content\/uploads\/2023\/10\/Composicio\u0301n-Orquestacion-Bandas-Sonoras-Verges-cap-IV-zoom-b-1024x819.jpg 1024w, https:\/\/www.myscores.es\/composicion-orquestacion-bandas-sonoras\/wp-content\/uploads\/2023\/10\/Composicio\u0301n-Orquestacion-Bandas-Sonoras-Verges-cap-IV-zoom-b-300x240.jpg 300w, https:\/\/www.myscores.es\/composicion-orquestacion-bandas-sonoras\/wp-content\/uploads\/2023\/10\/Composicio\u0301n-Orquestacion-Bandas-Sonoras-Verges-cap-IV-zoom-b-768x614.jpg 768w, https:\/\/www.myscores.es\/composicion-orquestacion-bandas-sonoras\/wp-content\/uploads\/2023\/10\/Composicio\u0301n-Orquestacion-Bandas-Sonoras-Verges-cap-IV-zoom-b-1536x1228.jpg 1536w, https:\/\/www.myscores.es\/composicion-orquestacion-bandas-sonoras\/wp-content\/uploads\/2023\/10\/Composicio\u0301n-Orquestacion-Bandas-Sonoras-Verges-cap-IV-zoom-b.jpg 1915w\" sizes=\"(max-width: 706px) 89vw, (max-width: 767px) 82vw, 740px\" \/><\/a><\/figure>\n<\/div>\n\n\n\n<div class=\"wp-block-column is-layout-flow\">\n<p class=\"has-text-color\" style=\"color:#b37232\"><strong><strong><strong><strong>CHAPTER IV<\/strong><\/strong><br><strong><strong>Orchestration by sections<\/strong><\/strong><\/strong><\/strong><\/p>\n\n\n\n<p>Based on the intrinsic characteristics of each orchestral section (strings, woodwinds, brass, percussion and others), the most common orchestral associations in the language of the soundtrack are specified (either by historical tradition or by expressive and emotional need).<br><strong><a href=\"\/composicion-orquestacion-bandas-sonoras\/en\/chapter-iv\/\">Go to audios Chapter IV<\/a><\/strong><\/p>\n<\/div>\n<\/div>\n\n\n\n<hr class=\"wp-block-separator has-alpha-channel-opacity\"\/>\n\n\n\n<div class=\"wp-block-columns is-layout-flex wp-container-18\">\n<div class=\"wp-block-column is-layout-flow\">\n<figure class=\"wp-block-image size-large\"><a href=\"\/composicion-orquestacion-bandas-sonoras\/en\/chapter-v\/\"><img decoding=\"async\" loading=\"lazy\" width=\"1024\" height=\"819\" src=\"https:\/\/www.boileau-music.com\/composicion-orquestacion-bandas-sonoras\/wp-content\/uploads\/2023\/10\/Composicio\u0301n-Orquestacion-Bandas-Sonoras-Verges-cap-V-zoom-1024x819.jpg\" alt=\"\" class=\"wp-image-501\" srcset=\"https:\/\/www.myscores.es\/composicion-orquestacion-bandas-sonoras\/wp-content\/uploads\/2023\/10\/Composicio\u0301n-Orquestacion-Bandas-Sonoras-Verges-cap-V-zoom-1024x819.jpg 1024w, https:\/\/www.myscores.es\/composicion-orquestacion-bandas-sonoras\/wp-content\/uploads\/2023\/10\/Composicio\u0301n-Orquestacion-Bandas-Sonoras-Verges-cap-V-zoom-300x240.jpg 300w, https:\/\/www.myscores.es\/composicion-orquestacion-bandas-sonoras\/wp-content\/uploads\/2023\/10\/Composicio\u0301n-Orquestacion-Bandas-Sonoras-Verges-cap-V-zoom-768x614.jpg 768w, https:\/\/www.myscores.es\/composicion-orquestacion-bandas-sonoras\/wp-content\/uploads\/2023\/10\/Composicio\u0301n-Orquestacion-Bandas-Sonoras-Verges-cap-V-zoom-1536x1228.jpg 1536w, https:\/\/www.myscores.es\/composicion-orquestacion-bandas-sonoras\/wp-content\/uploads\/2023\/10\/Composicio\u0301n-Orquestacion-Bandas-Sonoras-Verges-cap-V-zoom.jpg 1915w\" sizes=\"(max-width: 706px) 89vw, (max-width: 767px) 82vw, 740px\" \/><\/a><\/figure>\n<\/div>\n\n\n\n<div class=\"wp-block-column is-layout-flow\">\n<p class=\"has-text-color\" style=\"color:#b37232\"><strong><strong><strong>CHAPTER <strong>V<\/strong><\/strong><br><strong><strong>Analysis (reference works)<\/strong><\/strong><\/strong><\/strong><\/p>\n\n\n\n<p class=\"has-black-color has-text-color\">It relates all of the above to its origin: the reference works that are of inexcusable knowledge for the creation of soundtracks.<br><strong><a href=\"\/composicion-orquestacion-bandas-sonoras\/en\/chapter-v\/\">Go to audios Chapter V<\/a><\/strong><\/p>\n<\/div>\n<\/div>\n\n\n\n<hr class=\"wp-block-separator has-alpha-channel-opacity\"\/>\n\n\n\n<div class=\"wp-block-columns is-layout-flex wp-container-21\">\n<div class=\"wp-block-column is-layout-flow\">\n<figure class=\"wp-block-image size-large\"><a href=\"\/composicion-orquestacion-bandas-sonoras\/en\/chapter-vi\/\"><img decoding=\"async\" loading=\"lazy\" width=\"1024\" height=\"819\" src=\"https:\/\/www.boileau-music.com\/composicion-orquestacion-bandas-sonoras\/wp-content\/uploads\/2023\/10\/Composicio\u0301n-Orquestacion-Bandas-Sonoras-Verges-cap-VI-zoom-1024x819.jpg\" alt=\"\" class=\"wp-image-495\" srcset=\"https:\/\/www.myscores.es\/composicion-orquestacion-bandas-sonoras\/wp-content\/uploads\/2023\/10\/Composicio\u0301n-Orquestacion-Bandas-Sonoras-Verges-cap-VI-zoom-1024x819.jpg 1024w, https:\/\/www.myscores.es\/composicion-orquestacion-bandas-sonoras\/wp-content\/uploads\/2023\/10\/Composicio\u0301n-Orquestacion-Bandas-Sonoras-Verges-cap-VI-zoom-300x240.jpg 300w, https:\/\/www.myscores.es\/composicion-orquestacion-bandas-sonoras\/wp-content\/uploads\/2023\/10\/Composicio\u0301n-Orquestacion-Bandas-Sonoras-Verges-cap-VI-zoom-768x614.jpg 768w, https:\/\/www.myscores.es\/composicion-orquestacion-bandas-sonoras\/wp-content\/uploads\/2023\/10\/Composicio\u0301n-Orquestacion-Bandas-Sonoras-Verges-cap-VI-zoom-1536x1228.jpg 1536w, https:\/\/www.myscores.es\/composicion-orquestacion-bandas-sonoras\/wp-content\/uploads\/2023\/10\/Composicio\u0301n-Orquestacion-Bandas-Sonoras-Verges-cap-VI-zoom.jpg 1915w\" sizes=\"(max-width: 706px) 89vw, (max-width: 767px) 82vw, 740px\" \/><\/a><\/figure>\n<\/div>\n\n\n\n<div class=\"wp-block-column is-layout-flow\">\n<p class=\"has-text-color\" style=\"color:#b37232\"><strong><strong><strong>CHAPTER <strong>VI<\/strong><\/strong><\/strong><\/strong><br><strong><strong><strong><strong>Music and drama<\/strong><\/strong><\/strong><\/strong><\/p>\n\n\n\n<p class=\"has-black-color has-text-color\">It is the culmination of this treatise. It highlights the importance of pursuing an emotional result in the creation of music for images through two most significant aspects: the harmonic and the instrumental. With regard to the latter, emphasis is placed on an orderly work routine in two orchestration phases.<br><strong><a href=\"\/composicion-orquestacion-bandas-sonoras\/en\/chapter-vi\/\">Go to audios Chapter VI<\/a><\/strong><\/p>\n<\/div>\n<\/div>\n\n\n\n<hr class=\"wp-block-separator has-alpha-channel-opacity is-style-wide\"\/>\n\n\n\n<div class=\"wp-block-columns is-layout-flex wp-container-25\">\n<div class=\"wp-block-column is-layout-flow\" style=\"flex-basis:33.33%\">\n<figure class=\"wp-block-image size-large\"><a href=\"https:\/\/boileau-music.com\/en\/works\/composicion-y-orquestacion-para-bandas-sonoras-b.4136\" target=\"_blank\" rel=\"noreferrer noopener\"><img decoding=\"async\" loading=\"lazy\" width=\"724\" height=\"1024\" src=\"http:\/\/www.boileau-music.com\/composicion-orquestacion-bandas-sonoras\/wp-content\/uploads\/2023\/10\/B4136-Composicion-Orquestacion-Bandas-Sonoras-portada-724x1024.jpg\" alt=\"\" class=\"wp-image-174\" srcset=\"https:\/\/www.myscores.es\/composicion-orquestacion-bandas-sonoras\/wp-content\/uploads\/2023\/10\/B4136-Composicion-Orquestacion-Bandas-Sonoras-portada-724x1024.jpg 724w, https:\/\/www.myscores.es\/composicion-orquestacion-bandas-sonoras\/wp-content\/uploads\/2023\/10\/B4136-Composicion-Orquestacion-Bandas-Sonoras-portada-212x300.jpg 212w, https:\/\/www.myscores.es\/composicion-orquestacion-bandas-sonoras\/wp-content\/uploads\/2023\/10\/B4136-Composicion-Orquestacion-Bandas-Sonoras-portada-768x1086.jpg 768w, https:\/\/www.myscores.es\/composicion-orquestacion-bandas-sonoras\/wp-content\/uploads\/2023\/10\/B4136-Composicion-Orquestacion-Bandas-Sonoras-portada-1086x1536.jpg 1086w, https:\/\/www.myscores.es\/composicion-orquestacion-bandas-sonoras\/wp-content\/uploads\/2023\/10\/B4136-Composicion-Orquestacion-Bandas-Sonoras-portada-1448x2048.jpg 1448w, https:\/\/www.myscores.es\/composicion-orquestacion-bandas-sonoras\/wp-content\/uploads\/2023\/10\/B4136-Composicion-Orquestacion-Bandas-Sonoras-portada-scaled.jpg 1810w\" sizes=\"(max-width: 724px) 100vw, 724px\" \/><\/a><\/figure>\n<\/div>\n\n\n\n<div class=\"wp-block-column is-layout-flow\" style=\"flex-basis:66.66%\">\n<p class=\"has-black-color has-text-color\"><strong><a href=\"https:\/\/boileau-music.com\/en\/works\/composicion-y-orquestacion-para-bandas-sonoras-b.4136\" target=\"_blank\" rel=\"noreferrer noopener\">COMPOSICI\u00d3N Y ORQUESTACI\u00d3N PARA BANDAS SONORAS<\/a><\/strong><br><em>Film Scoring<\/em><br><strong>Llu\u00eds Verg\u00e9s<br><\/strong>(Book in Spanish)<\/p>\n\n\n\n<p class=\"has-black-color has-text-color\">Code: B.4136<br>Price: 85 \u20ac<br>No. of pages: 540<br>ISBN: 978-84-19715-04-3<br>ISMN: 979-0-3503-4332-2<\/p>\n\n\n\n<div class=\"wp-block-buttons is-layout-flex\">\n<div class=\"wp-block-button\"><a class=\"wp-block-button__link wp-element-button\" href=\"https:\/\/boileau-music.com\/en\/works\/composicion-y-orquestacion-para-bandas-sonoras-b.4136\" target=\"_blank\" rel=\"noreferrer noopener\">Buy<\/a><\/div>\n<\/div>\n<\/div>\n<\/div>\n","protected":false},"excerpt":{"rendered":"<p>The indispensable aid for tackling the ambitious and complex discipline of soundtrack composition and orchestration. A compendium of those fundamental questions that every composer should know. Composici\u00f3n y orquestaci\u00f3n para bandas sonoras [Composition and orchestration for soundtracks] by Llu\u00eds Verg\u00e9s fills a gap in the existing bibliography. Based on the analysis of more than 700 &hellip; <\/p>\n<p class=\"link-more\"><a href=\"https:\/\/www.myscores.es\/composicion-orquestacion-bandas-sonoras\/en\/\" class=\"more-link\">Continue reading<span class=\"screen-reader-text\"> &#8220;Home&#8221;<\/span><\/a><\/p>\n","protected":false},"author":1,"featured_media":0,"parent":0,"menu_order":0,"comment_status":"closed","ping_status":"closed","template":"","meta":[],"_links":{"self":[{"href":"https:\/\/www.myscores.es\/composicion-orquestacion-bandas-sonoras\/en\/wp-json\/wp\/v2\/pages\/780"}],"collection":[{"href":"https:\/\/www.myscores.es\/composicion-orquestacion-bandas-sonoras\/en\/wp-json\/wp\/v2\/pages"}],"about":[{"href":"https:\/\/www.myscores.es\/composicion-orquestacion-bandas-sonoras\/en\/wp-json\/wp\/v2\/types\/page"}],"author":[{"embeddable":true,"href":"https:\/\/www.myscores.es\/composicion-orquestacion-bandas-sonoras\/en\/wp-json\/wp\/v2\/users\/1"}],"replies":[{"embeddable":true,"href":"https:\/\/www.myscores.es\/composicion-orquestacion-bandas-sonoras\/en\/wp-json\/wp\/v2\/comments?post=780"}],"version-history":[{"count":4,"href":"https:\/\/www.myscores.es\/composicion-orquestacion-bandas-sonoras\/en\/wp-json\/wp\/v2\/pages\/780\/revisions"}],"predecessor-version":[{"id":924,"href":"https:\/\/www.myscores.es\/composicion-orquestacion-bandas-sonoras\/en\/wp-json\/wp\/v2\/pages\/780\/revisions\/924"}],"wp:attachment":[{"href":"https:\/\/www.myscores.es\/composicion-orquestacion-bandas-sonoras\/en\/wp-json\/wp\/v2\/media?parent=780"}],"curies":[{"name":"wp","href":"https:\/\/api.w.org\/{rel}","templated":true}]}}