{"id":628,"date":"2023-10-16T12:03:28","date_gmt":"2023-10-16T10:03:28","guid":{"rendered":"https:\/\/www.boileau-music.com\/composicion-orquestacion-bandas-sonoras\/comprar\/"},"modified":"2023-11-07T11:40:58","modified_gmt":"2023-11-07T10:40:58","slug":"comprar","status":"publish","type":"page","link":"https:\/\/www.myscores.es\/composicion-orquestacion-bandas-sonoras\/ca\/comprar\/","title":{"rendered":"Comprar"},"content":{"rendered":"\n<div class=\"wp-block-columns is-layout-flex wp-container-4\">\n<div class=\"wp-block-column is-layout-flow\" style=\"flex-basis:33.33%\">\n<figure class=\"wp-block-image size-large\"><a href=\"https:\/\/boileau-music.com\/es\/obras\/composicio-i-orquestracio-per-a-bandes-sonores-b.4135\" target=\"_blank\" rel=\"noreferrer noopener\"><img decoding=\"async\" loading=\"lazy\" width=\"724\" height=\"1024\" src=\"http:\/\/www.boileau-music.com\/composicion-orquestacion-bandas-sonoras\/wp-content\/uploads\/2023\/10\/B4135-Composicio-Orquestracio-Bandes-Sonores-portada-724x1024.jpg\" alt=\"\" class=\"wp-image-178\" srcset=\"https:\/\/www.myscores.es\/composicion-orquestacion-bandas-sonoras\/wp-content\/uploads\/2023\/10\/B4135-Composicio-Orquestracio-Bandes-Sonores-portada-724x1024.jpg 724w, https:\/\/www.myscores.es\/composicion-orquestacion-bandas-sonoras\/wp-content\/uploads\/2023\/10\/B4135-Composicio-Orquestracio-Bandes-Sonores-portada-212x300.jpg 212w, https:\/\/www.myscores.es\/composicion-orquestacion-bandas-sonoras\/wp-content\/uploads\/2023\/10\/B4135-Composicio-Orquestracio-Bandes-Sonores-portada-768x1086.jpg 768w, https:\/\/www.myscores.es\/composicion-orquestacion-bandas-sonoras\/wp-content\/uploads\/2023\/10\/B4135-Composicio-Orquestracio-Bandes-Sonores-portada-1086x1536.jpg 1086w, https:\/\/www.myscores.es\/composicion-orquestacion-bandas-sonoras\/wp-content\/uploads\/2023\/10\/B4135-Composicio-Orquestracio-Bandes-Sonores-portada-1448x2048.jpg 1448w, https:\/\/www.myscores.es\/composicion-orquestacion-bandas-sonoras\/wp-content\/uploads\/2023\/10\/B4135-Composicio-Orquestracio-Bandes-Sonores-portada-scaled.jpg 1810w\" sizes=\"(max-width: 724px) 100vw, 724px\" \/><\/a><\/figure>\n<\/div>\n\n\n\n<div class=\"wp-block-column is-layout-flow\" style=\"flex-basis:66.66%\">\n<p><strong><a href=\"https:\/\/boileau-music.com\/es\/obras\/composicio-i-orquestracio-per-a-bandes-sonores-b.4135\" target=\"_blank\" rel=\"noreferrer noopener\">COMPOSICI\u00d3 I ORQUESTRACI\u00d3 PER A BANDES SONORES<\/a><\/strong><br><em>Film Scoring<\/em><br><strong>Llu\u00eds Verg\u00e9s<br><\/strong>(Llibre en catal\u00e0)<br><\/p>\n\n\n\n<p>Reg. B.4135<br>P.V.P.: 85 \u20ac<br>N\u00fam. p\u00e0gines: 540<br>ISBN: 978-84-19715-03-6<br>ISMN: 979-0-3503-4331-5<\/p>\n\n\n\n<div class=\"wp-block-buttons is-layout-flex\">\n<div class=\"wp-block-button\"><a class=\"wp-block-button__link wp-element-button\" href=\"https:\/\/boileau-music.com\/es\/obras\/composicio-i-orquestracio-per-a-bandes-sonores-b.4135\" target=\"_blank\" rel=\"noreferrer noopener\">Comprar<\/a><\/div>\n<\/div>\n<\/div>\n<\/div>\n\n\n\n<hr class=\"wp-block-separator has-alpha-channel-opacity is-style-wide\"\/>\n\n\n\n<div class=\"wp-block-columns is-layout-flex wp-container-8\">\n<div class=\"wp-block-column is-layout-flow\" style=\"flex-basis:33.33%\">\n<figure class=\"wp-block-image size-large\"><a href=\"https:\/\/boileau-music.com\/ca\/obres\/composicion-y-orquestacion-para-bandas-sonoras-b.4136\" target=\"_blank\" rel=\"noreferrer noopener\"><img decoding=\"async\" loading=\"lazy\" width=\"724\" height=\"1024\" src=\"http:\/\/www.boileau-music.com\/composicion-orquestacion-bandas-sonoras\/wp-content\/uploads\/2023\/10\/B4136-Composicion-Orquestacion-Bandas-Sonoras-portada-724x1024.jpg\" alt=\"\" class=\"wp-image-174\" srcset=\"https:\/\/www.myscores.es\/composicion-orquestacion-bandas-sonoras\/wp-content\/uploads\/2023\/10\/B4136-Composicion-Orquestacion-Bandas-Sonoras-portada-724x1024.jpg 724w, https:\/\/www.myscores.es\/composicion-orquestacion-bandas-sonoras\/wp-content\/uploads\/2023\/10\/B4136-Composicion-Orquestacion-Bandas-Sonoras-portada-212x300.jpg 212w, https:\/\/www.myscores.es\/composicion-orquestacion-bandas-sonoras\/wp-content\/uploads\/2023\/10\/B4136-Composicion-Orquestacion-Bandas-Sonoras-portada-768x1086.jpg 768w, https:\/\/www.myscores.es\/composicion-orquestacion-bandas-sonoras\/wp-content\/uploads\/2023\/10\/B4136-Composicion-Orquestacion-Bandas-Sonoras-portada-1086x1536.jpg 1086w, https:\/\/www.myscores.es\/composicion-orquestacion-bandas-sonoras\/wp-content\/uploads\/2023\/10\/B4136-Composicion-Orquestacion-Bandas-Sonoras-portada-1448x2048.jpg 1448w, https:\/\/www.myscores.es\/composicion-orquestacion-bandas-sonoras\/wp-content\/uploads\/2023\/10\/B4136-Composicion-Orquestacion-Bandas-Sonoras-portada-scaled.jpg 1810w\" sizes=\"(max-width: 724px) 100vw, 724px\" \/><\/a><\/figure>\n<\/div>\n\n\n\n<div class=\"wp-block-column is-layout-flow\" style=\"flex-basis:66.66%\">\n<p><strong><a href=\"https:\/\/boileau-music.com\/ca\/obres\/composicion-y-orquestacion-para-bandas-sonoras-b.4136\" target=\"_blank\" rel=\"noreferrer noopener\">COMPOSICI\u00d3N Y ORQUESTACI\u00d3N PARA BANDAS SONORAS<\/a><\/strong><br><em>Film Scoring<\/em><br><strong>Llu\u00eds Verg\u00e9s<br><\/strong>(Llibre en castell\u00e0)<br><\/p>\n\n\n\n<p>Reg. B.4136<br>P.V.P.: 85 \u20ac<br>N\u00fam. p\u00e0gines: 540<br>ISBN: 978-84-19715-04-3<br>ISMN: 979-0-3503-4332-2<\/p>\n\n\n\n<div class=\"wp-block-buttons is-horizontal is-content-justification-left is-layout-flex wp-container-6\">\n<div class=\"wp-block-button\"><a class=\"wp-block-button__link wp-element-button\" href=\"https:\/\/boileau-music.com\/ca\/obres\/composicion-y-orquestacion-para-bandas-sonoras-b.4136\" target=\"_blank\" rel=\"noreferrer noopener\">Comprar<\/a><\/div>\n<\/div>\n<\/div>\n<\/div>\n\n\n\n<hr class=\"wp-block-separator has-alpha-channel-opacity is-style-wide\"\/>\n\n\n\n<p class=\"has-text-align-center has-black-color has-text-color has-background\" style=\"background-color:#d2bea7\"><strong>Altres llibres de l&#8217;autor<\/strong><\/p>\n\n\n\n<div class=\"wp-block-columns is-layout-flex wp-container-12\">\n<div class=\"wp-block-column is-layout-flow\" style=\"flex-basis:33.33%\">\n<figure class=\"wp-block-image size-full\"><a href=\"https:\/\/boileau-music.com\/es\/obras\/el-lenguaje-de-la-armonia-b.3504\" target=\"_blank\" rel=\"noreferrer noopener\"><img decoding=\"async\" loading=\"lazy\" width=\"500\" height=\"716\" src=\"https:\/\/www.boileau-music.com\/composicion-orquestacion-bandas-sonoras\/wp-content\/uploads\/2023\/10\/B3504_coberta.jpeg\" alt=\"\" class=\"wp-image-619\" srcset=\"https:\/\/www.myscores.es\/composicion-orquestacion-bandas-sonoras\/wp-content\/uploads\/2023\/10\/B3504_coberta.jpeg 500w, https:\/\/www.myscores.es\/composicion-orquestacion-bandas-sonoras\/wp-content\/uploads\/2023\/10\/B3504_coberta-209x300.jpeg 209w\" sizes=\"(max-width: 500px) 100vw, 500px\" \/><\/a><\/figure>\n<\/div>\n\n\n\n<div class=\"wp-block-column is-layout-flow\" style=\"flex-basis:66.66%\">\n<p><strong><a rel=\"noreferrer noopener\" href=\"https:\/\/boileau-music.com\/es\/obras\/el-lenguaje-de-la-armonia-b.3504\" target=\"_blank\">EL LENGUAJE DE LA ARMON\u00cdA<\/a><\/strong><br>de los inicios a la actualidad<br><strong>Llu\u00eds Verg\u00e9s<br><\/strong>(Llibre en castell\u00e0)<br><\/p>\n\n\n\n<p>Reg. B.3504<br>P.V.P.: 60 \u20ac<br>N\u00ba p\u00e1ginas: 608<br>ISBN: 978-84-8020-826-0<br>ISMN: 979-0-3503-0540-5<\/p>\n\n\n\n<div class=\"wp-block-buttons is-layout-flex\">\n<div class=\"wp-block-button\"><a class=\"wp-block-button__link wp-element-button\" href=\"https:\/\/boileau-music.com\/es\/obras\/el-lenguaje-de-la-armonia-b.3504\" target=\"_blank\" rel=\"noreferrer noopener\">Comprar<\/a><\/div>\n<\/div>\n<\/div>\n<\/div>\n\n\n\n<div class=\"wp-block-columns is-layout-flex wp-container-16\">\n<div class=\"wp-block-column is-layout-flow\" style=\"flex-basis:33.33%\">\n<figure class=\"wp-block-image size-full\"><a href=\"https:\/\/boileau-music.com\/es\/obras\/el-lenguaje-de-la-armonia-b.3532\" target=\"_blank\" rel=\"noreferrer noopener\"><img decoding=\"async\" loading=\"lazy\" width=\"500\" height=\"674\" src=\"https:\/\/www.boileau-music.com\/composicion-orquestacion-bandas-sonoras\/wp-content\/uploads\/2023\/10\/8335_B3532_portada.jpeg\" alt=\"\" class=\"wp-image-623\" srcset=\"https:\/\/www.myscores.es\/composicion-orquestacion-bandas-sonoras\/wp-content\/uploads\/2023\/10\/8335_B3532_portada.jpeg 500w, https:\/\/www.myscores.es\/composicion-orquestacion-bandas-sonoras\/wp-content\/uploads\/2023\/10\/8335_B3532_portada-223x300.jpeg 223w\" sizes=\"(max-width: 500px) 100vw, 500px\" \/><\/a><\/figure>\n<\/div>\n\n\n\n<div class=\"wp-block-column is-layout-flow\" style=\"flex-basis:66.66%\">\n<p><strong><a href=\"https:\/\/boileau-music.com\/es\/obras\/el-lenguaje-de-la-armonia-b.3532\" target=\"_blank\" rel=\"noreferrer noopener\">EL LENGUAJE DE LA ARMON\u00cdA<\/a><\/strong><br>Libro de ejercicios<br><strong>Llu\u00eds Verg\u00e9s<br><\/strong>(Llibre en castell\u00e0)<br><\/p>\n\n\n\n<p>Reg. B.3532<br>P.V.P.: 26,25 \u20ac<br>N\u00ba p\u00e1ginas: 160<br>ISBN: 978-84-8020-921-2<br>ISMN: 979-0-3503-0889-5<\/p>\n\n\n\n<div class=\"wp-block-buttons is-layout-flex\">\n<div class=\"wp-block-button\"><a class=\"wp-block-button__link wp-element-button\" href=\"https:\/\/boileau-music.com\/es\/obras\/el-lenguaje-de-la-armonia-b.3532\" target=\"_blank\" rel=\"noreferrer noopener\">Comprar<\/a><\/div>\n<\/div>\n<\/div>\n<\/div>\n","protected":false},"excerpt":{"rendered":"<p>COMPOSICI\u00d3 I ORQUESTRACI\u00d3 PER A BANDES SONORESFilm ScoringLlu\u00eds Verg\u00e9s(Llibre en catal\u00e0) Reg. B.4135P.V.P.: 85 \u20acN\u00fam. p\u00e0gines: 540ISBN: 978-84-19715-03-6ISMN: 979-0-3503-4331-5 COMPOSICI\u00d3N Y ORQUESTACI\u00d3N PARA BANDAS SONORASFilm ScoringLlu\u00eds Verg\u00e9s(Llibre en castell\u00e0) Reg. B.4136P.V.P.: 85 \u20acN\u00fam. p\u00e0gines: 540ISBN: 978-84-19715-04-3ISMN: 979-0-3503-4332-2 Altres llibres de l&#8217;autor EL LENGUAJE DE LA ARMON\u00cdAde los inicios a la actualidadLlu\u00eds Verg\u00e9s(Llibre en castell\u00e0) Reg. &hellip; <\/p>\n<p class=\"link-more\"><a href=\"https:\/\/www.myscores.es\/composicion-orquestacion-bandas-sonoras\/ca\/comprar\/\" class=\"more-link\">Continua llegint <span class=\"screen-reader-text\">\u00abComprar\u00bb<\/span><\/a><\/p>\n","protected":false},"author":1,"featured_media":0,"parent":0,"menu_order":0,"comment_status":"closed","ping_status":"closed","template":"","meta":[],"_links":{"self":[{"href":"https:\/\/www.myscores.es\/composicion-orquestacion-bandas-sonoras\/ca\/wp-json\/wp\/v2\/pages\/628"}],"collection":[{"href":"https:\/\/www.myscores.es\/composicion-orquestacion-bandas-sonoras\/ca\/wp-json\/wp\/v2\/pages"}],"about":[{"href":"https:\/\/www.myscores.es\/composicion-orquestacion-bandas-sonoras\/ca\/wp-json\/wp\/v2\/types\/page"}],"author":[{"embeddable":true,"href":"https:\/\/www.myscores.es\/composicion-orquestacion-bandas-sonoras\/ca\/wp-json\/wp\/v2\/users\/1"}],"replies":[{"embeddable":true,"href":"https:\/\/www.myscores.es\/composicion-orquestacion-bandas-sonoras\/ca\/wp-json\/wp\/v2\/comments?post=628"}],"version-history":[{"count":3,"href":"https:\/\/www.myscores.es\/composicion-orquestacion-bandas-sonoras\/ca\/wp-json\/wp\/v2\/pages\/628\/revisions"}],"predecessor-version":[{"id":713,"href":"https:\/\/www.myscores.es\/composicion-orquestacion-bandas-sonoras\/ca\/wp-json\/wp\/v2\/pages\/628\/revisions\/713"}],"wp:attachment":[{"href":"https:\/\/www.myscores.es\/composicion-orquestacion-bandas-sonoras\/ca\/wp-json\/wp\/v2\/media?parent=628"}],"curies":[{"name":"wp","href":"https:\/\/api.w.org\/{rel}","templated":true}]}}