{"id":587,"date":"2023-10-11T13:23:43","date_gmt":"2023-10-11T11:23:43","guid":{"rendered":"https:\/\/www.boileau-music.com\/composicion-orquestacion-bandas-sonoras\/audios\/"},"modified":"2025-02-19T23:53:47","modified_gmt":"2025-02-19T22:53:47","slug":"audios","status":"publish","type":"page","link":"https:\/\/www.myscores.es\/composicion-orquestacion-bandas-sonoras\/ca\/audios\/","title":{"rendered":"\u00c0udios"},"content":{"rendered":"\n<p class=\"has-small-font-size\">D&#8217;acord amb l&#8217;establert per l&#8217;article 32 de la Llei de la Propietat Intel\u00b7lectual, aquest llibre presenta fragments d&#8217;obres musicals que apareixen a t\u00edtol de cita i per il\u00b7lustrar el contingut pedag\u00f2gic del text. Cadascun apareix referenciat segons el seu autor i t\u00edtol, a m\u00e9s de la pel\u00b7l\u00edcula a la qual pertany (per pert\u00e0nyer en la majoria dels casos al g\u00e8nere de les bandes sonores).<\/p>\n\n\n\n<hr class=\"wp-block-separator has-alpha-channel-opacity is-style-wide\"\/>\n\n\n\n<div class=\"wp-block-columns is-layout-flex wp-container-4\">\n<div class=\"wp-block-column is-layout-flow\">\n<p class=\"has-text-align-center\"><strong><a href=\"\/composicion-orquestacion-bandas-sonoras\/ca\/capitol-i\/\">Cap\u00edtol I<\/a><br>Materials de composici\u00f3<\/strong><br>\u00c0udio 001 &#8211; 067<br><em>(p\u00e0g. 17 &#8211; 44)<\/em><br><a href=\"\/composicion-orquestacion-bandas-sonoras\/ca\/capitol-i\/\">Accedir<\/a><\/p>\n<\/div>\n\n\n\n<div class=\"wp-block-column is-layout-flow\">\n<p class=\"has-text-align-center\"><strong><a href=\"\/composicion-orquestacion-bandas-sonoras\/ca\/capitol-ii\/\">Cap\u00edtol II<\/a><\/strong><br><strong>T\u00e8cniques b\u00e0siques<\/strong><br>\u00c0udio 068 &#8211; 113<br><em>(p\u00e0g. 45 &#8211; 80)<\/em><br><a href=\"\/composicion-orquestacion-bandas-sonoras\/ca\/capitol-ii\/\">Accedir<\/a><\/p>\n<\/div>\n\n\n\n<div class=\"wp-block-column is-layout-flow\">\n<p class=\"has-text-align-center\"><strong><a href=\"\/composicion-orquestacion-bandas-sonoras\/ca\/capitol-iii\/\">Cap\u00edtol III<\/a><\/strong><br><strong>Textures orquestrals<\/strong><br>\u00c0udio 114 &#8211; 256<br><em>(p\u00e0g. 81 &#8211; 226)<\/em><br><a href=\"\/composicion-orquestacion-bandas-sonoras\/ca\/capitol-iii\/\">Accedir<\/a><\/p>\n<\/div>\n<\/div>\n\n\n\n<div class=\"wp-block-columns is-layout-flex wp-container-8\">\n<div class=\"wp-block-column is-layout-flow\">\n<p class=\"has-text-align-center\"><strong><a href=\"\/composicion-orquestacion-bandas-sonoras\/ca\/capitol-iv\/\">Cap\u00edtol IV<\/a><\/strong><br><strong>Orquestraci\u00f3 per seccions<\/strong><br>\u00c0udio 257 &#8211; 424<br><em>(p\u00e0g. 227 &#8211; 362)<\/em><br><a href=\"\/composicion-orquestacion-bandas-sonoras\/ca\/capitol-iv\/\">Accedir<\/a><\/p>\n<\/div>\n\n\n\n<div class=\"wp-block-column is-layout-flow\">\n<p class=\"has-text-align-center\"><strong><a href=\"\/composicion-orquestacion-bandas-sonoras\/ca\/capitol-v\/\">Cap\u00edtol V<\/a><\/strong><br><strong>An\u00e0lisi (obres de refer\u00e8ncia)<\/strong><br>\u00c0udio 425 &#8211; 488<br><em>(p\u00e0g. 363 &#8211; 424)<\/em><br><a href=\"\/composicion-orquestacion-bandas-sonoras\/ca\/capitol-v\/\">Accedir<\/a><\/p>\n<\/div>\n\n\n\n<div class=\"wp-block-column is-layout-flow\">\n<p class=\"has-text-align-center\"><strong><a href=\"\/composicion-orquestacion-bandas-sonoras\/ca\/capitol-vi\/\">Cap\u00edtol VI<\/a><\/strong><br><strong>M\u00fasica i drama<\/strong><br>\u00c0udio 489 &#8211; 584<br><em>(p\u00e0g. 425 &#8211; 510)<\/em><br><a href=\"\/composicion-orquestacion-bandas-sonoras\/ca\/capitol-vi\/\">Accedir<\/a><\/p>\n<\/div>\n<\/div>\n\n\n\n<p><\/p>\n\n\n\n<p><\/p>\n\n\n\n<p><\/p>\n","protected":false},"excerpt":{"rendered":"<p>D&#8217;acord amb l&#8217;establert per l&#8217;article 32 de la Llei de la Propietat Intel\u00b7lectual, aquest llibre presenta fragments d&#8217;obres musicals que apareixen a t\u00edtol de cita i per il\u00b7lustrar el contingut pedag\u00f2gic del text. Cadascun apareix referenciat segons el seu autor i t\u00edtol, a m\u00e9s de la pel\u00b7l\u00edcula a la qual pertany (per pert\u00e0nyer en la &hellip; <\/p>\n<p class=\"link-more\"><a href=\"https:\/\/www.myscores.es\/composicion-orquestacion-bandas-sonoras\/ca\/audios\/\" class=\"more-link\">Continua llegint <span class=\"screen-reader-text\">\u00ab\u00c0udios\u00bb<\/span><\/a><\/p>\n","protected":false},"author":1,"featured_media":0,"parent":0,"menu_order":0,"comment_status":"closed","ping_status":"closed","template":"","meta":[],"_links":{"self":[{"href":"https:\/\/www.myscores.es\/composicion-orquestacion-bandas-sonoras\/ca\/wp-json\/wp\/v2\/pages\/587"}],"collection":[{"href":"https:\/\/www.myscores.es\/composicion-orquestacion-bandas-sonoras\/ca\/wp-json\/wp\/v2\/pages"}],"about":[{"href":"https:\/\/www.myscores.es\/composicion-orquestacion-bandas-sonoras\/ca\/wp-json\/wp\/v2\/types\/page"}],"author":[{"embeddable":true,"href":"https:\/\/www.myscores.es\/composicion-orquestacion-bandas-sonoras\/ca\/wp-json\/wp\/v2\/users\/1"}],"replies":[{"embeddable":true,"href":"https:\/\/www.myscores.es\/composicion-orquestacion-bandas-sonoras\/ca\/wp-json\/wp\/v2\/comments?post=587"}],"version-history":[{"count":3,"href":"https:\/\/www.myscores.es\/composicion-orquestacion-bandas-sonoras\/ca\/wp-json\/wp\/v2\/pages\/587\/revisions"}],"predecessor-version":[{"id":915,"href":"https:\/\/www.myscores.es\/composicion-orquestacion-bandas-sonoras\/ca\/wp-json\/wp\/v2\/pages\/587\/revisions\/915"}],"wp:attachment":[{"href":"https:\/\/www.myscores.es\/composicion-orquestacion-bandas-sonoras\/ca\/wp-json\/wp\/v2\/media?parent=587"}],"curies":[{"name":"wp","href":"https:\/\/api.w.org\/{rel}","templated":true}]}}