{"id":582,"date":"2023-10-28T12:54:58","date_gmt":"2023-10-28T10:54:58","guid":{"rendered":"https:\/\/www.boileau-music.com\/composicion-orquestacion-bandas-sonoras\/contactar\/"},"modified":"2025-02-19T23:43:42","modified_gmt":"2025-02-19T22:43:42","slug":"contactar","status":"publish","type":"page","link":"https:\/\/www.myscores.es\/composicion-orquestacion-bandas-sonoras\/ca\/contactar\/","title":{"rendered":"Contactar"},"content":{"rendered":"<div class=\"wp-block-image\">\n<figure class=\"aligncenter size-full is-resized\"><img decoding=\"async\" loading=\"lazy\" src=\"https:\/\/www.myscores.es\/composicion-orquestacion-bandas-sonoras\/wp-content\/uploads\/2023\/10\/logo-editorial-boileau-300x103-1.jpeg\" alt=\"\" class=\"wp-image-533\" width=\"225\" height=\"77\"\/><\/figure><\/div>\n\n\n<p>Si necessites m\u00e9s informaci\u00f3, no dubtis a posar-te en contacte amb nosaltres. Estarem encantats d&#8217;atendre&#8217;t.<\/p>\n\n\n\n<p><strong>EDITORIAL DE M\u00daSICA BOILEAU<\/strong><br>Proven\u00e7a, 287<br>08037 Barcelona<br>Tel.: 932 155 334 \/ 934 877 456<br><a href=\"mailto:boileau@boileau-music.com\">boileau@boileau-music.com<\/a><br><a rel=\"noreferrer noopener\" href=\"http:\/\/www.boileau-music.com\/\" target=\"_blank\">www.boileau-music.com<\/a><\/p>\n\n\n\n<pre class=\"wp-block-preformatted\" style=\"font-style:normal;font-weight:400\"><div class=\"wpcf7 no-js\" id=\"wpcf7-f683-o1\" lang=\"ca\" dir=\"ltr\">\n<div class=\"screen-reader-response\"><p role=\"status\" aria-live=\"polite\" aria-atomic=\"true\"><\/p> <ul><\/ul><\/div>\n<form action=\"\/composicion-orquestacion-bandas-sonoras\/ca\/wp-json\/wp\/v2\/pages\/582#wpcf7-f683-o1\" method=\"post\" class=\"wpcf7-form init\" aria-label=\"Formulari de contacte\" novalidate=\"novalidate\" data-status=\"init\">\n<div style=\"display: none;\">\n<input type=\"hidden\" name=\"_wpcf7\" value=\"683\" \/>\n<input type=\"hidden\" name=\"_wpcf7_version\" value=\"5.7\" \/>\n<input type=\"hidden\" name=\"_wpcf7_locale\" value=\"ca\" \/>\n<input type=\"hidden\" name=\"_wpcf7_unit_tag\" value=\"wpcf7-f683-o1\" \/>\n<input type=\"hidden\" name=\"_wpcf7_container_post\" value=\"0\" \/>\n<input type=\"hidden\" name=\"_wpcf7_posted_data_hash\" value=\"\" \/>\n<\/div>\n<p><label> Nom<br \/>\n<span class=\"wpcf7-form-control-wrap\" data-name=\"your-name\"><input size=\"40\" class=\"wpcf7-form-control wpcf7-text wpcf7-validates-as-required\" autocomplete=\"name\" aria-required=\"true\" aria-invalid=\"false\" value=\"\" type=\"text\" name=\"your-name\" \/><\/span> <\/label>\n<\/p>\n<p><label> Correu electr\u00f2nic<br \/>\n<span class=\"wpcf7-form-control-wrap\" data-name=\"your-email\"><input size=\"40\" class=\"wpcf7-form-control wpcf7-text wpcf7-email wpcf7-validates-as-required wpcf7-validates-as-email\" autocomplete=\"email\" aria-required=\"true\" aria-invalid=\"false\" value=\"\" type=\"email\" name=\"your-email\" \/><\/span> <\/label>\n<\/p>\n<p><label> Assumpte<br \/>\n<span class=\"wpcf7-form-control-wrap\" data-name=\"your-subject\"><input size=\"40\" class=\"wpcf7-form-control wpcf7-text wpcf7-validates-as-required\" aria-required=\"true\" aria-invalid=\"false\" value=\"\" type=\"text\" name=\"your-subject\" \/><\/span> <\/label>\n<\/p>\n<p><label> Missatge<br \/>\n<span class=\"wpcf7-form-control-wrap\" data-name=\"your-message\"><textarea cols=\"40\" rows=\"10\" class=\"wpcf7-form-control wpcf7-textarea\" aria-invalid=\"false\" name=\"your-message\"><\/textarea><\/span> <\/label>\n<\/p>\n<p><input class=\"wpcf7-form-control has-spinner wpcf7-submit\" type=\"submit\" value=\"Enviar\" \/>\n<\/p><div class=\"wpcf7-response-output\" aria-hidden=\"true\"><\/div><\/form><\/div><\/pre>\n","protected":false},"excerpt":{"rendered":"<p>Si necessites m\u00e9s informaci\u00f3, no dubtis a posar-te en contacte amb nosaltres. Estarem encantats d&#8217;atendre&#8217;t. EDITORIAL DE M\u00daSICA BOILEAUProven\u00e7a, 28708037 BarcelonaTel.: 932 155 334 \/ 934 877 456boileau@boileau-music.comwww.boileau-music.com<\/p>\n","protected":false},"author":1,"featured_media":0,"parent":0,"menu_order":0,"comment_status":"closed","ping_status":"closed","template":"","meta":[],"_links":{"self":[{"href":"https:\/\/www.myscores.es\/composicion-orquestacion-bandas-sonoras\/ca\/wp-json\/wp\/v2\/pages\/582"}],"collection":[{"href":"https:\/\/www.myscores.es\/composicion-orquestacion-bandas-sonoras\/ca\/wp-json\/wp\/v2\/pages"}],"about":[{"href":"https:\/\/www.myscores.es\/composicion-orquestacion-bandas-sonoras\/ca\/wp-json\/wp\/v2\/types\/page"}],"author":[{"embeddable":true,"href":"https:\/\/www.myscores.es\/composicion-orquestacion-bandas-sonoras\/ca\/wp-json\/wp\/v2\/users\/1"}],"replies":[{"embeddable":true,"href":"https:\/\/www.myscores.es\/composicion-orquestacion-bandas-sonoras\/ca\/wp-json\/wp\/v2\/comments?post=582"}],"version-history":[{"count":3,"href":"https:\/\/www.myscores.es\/composicion-orquestacion-bandas-sonoras\/ca\/wp-json\/wp\/v2\/pages\/582\/revisions"}],"predecessor-version":[{"id":913,"href":"https:\/\/www.myscores.es\/composicion-orquestacion-bandas-sonoras\/ca\/wp-json\/wp\/v2\/pages\/582\/revisions\/913"}],"wp:attachment":[{"href":"https:\/\/www.myscores.es\/composicion-orquestacion-bandas-sonoras\/ca\/wp-json\/wp\/v2\/media?parent=582"}],"curies":[{"name":"wp","href":"https:\/\/api.w.org\/{rel}","templated":true}]}}