{"id":580,"date":"2023-10-11T14:50:48","date_gmt":"2023-10-11T12:50:48","guid":{"rendered":"https:\/\/www.boileau-music.com\/composicion-orquestacion-bandas-sonoras\/lautor\/"},"modified":"2023-10-31T11:49:51","modified_gmt":"2023-10-31T10:49:51","slug":"lautor","status":"publish","type":"page","link":"https:\/\/www.myscores.es\/composicion-orquestacion-bandas-sonoras\/ca\/lautor\/","title":{"rendered":"L&#8217;autor"},"content":{"rendered":"\n<h2 class=\"wp-block-heading\">Llu\u00eds Verg\u00e9s<\/h2>\n\n\n\n<p><em>(Barcelona, 1953)<\/em><\/p>\n\n\n<div class=\"wp-block-image\">\n<figure class=\"aligncenter size-full\"><img decoding=\"async\" loading=\"lazy\" width=\"277\" height=\"362\" src=\"http:\/\/www.boileau-music.com\/composicion-orquestacion-bandas-sonoras\/wp-content\/uploads\/2023\/10\/foto-lluis-verges-web.jpg\" alt=\"\" class=\"wp-image-85\" srcset=\"https:\/\/www.myscores.es\/composicion-orquestacion-bandas-sonoras\/wp-content\/uploads\/2023\/10\/foto-lluis-verges-web.jpg 277w, https:\/\/www.myscores.es\/composicion-orquestacion-bandas-sonoras\/wp-content\/uploads\/2023\/10\/foto-lluis-verges-web-230x300.jpg 230w\" sizes=\"(max-width: 277px) 100vw, 277px\" \/><\/figure><\/div>\n\n\n<p>Professor de composici\u00f3 per a bandes sonores a l&#8217;ESMUC (Escola Superior de M\u00fasica de Catalunya), fet que el porta a ser especialista en aquest camp i el perfil idoni per escriure aquest llibre. Va realitzar estudis musicals al Conservatori Superior Municipal de M\u00fasica de Barcelona, on obt\u00e9 la seva titulaci\u00f3. Com a professional treballa per a diferents grups i orquestres, per a televisi\u00f3 i tamb\u00e9 com a m\u00fasic de sessi\u00f3. Com a compositor, arranjador i orquestrador ha col\u00b7laborat amb diferents formacions, publicitat i cinema, aix\u00ed com amb formacions simf\u00f2niques i de cambra. Durant els darrers trenta anys ha alternat la seva tasca professional amb la doc\u00e8ncia, sent professor de nombroses escoles i impartint seminaris, m\u00e0sters, etc. <\/p>\n\n\n\n<p>Va ser director pedag\u00f2gic del Taller de M\u00fasics al llarg de tretze anys, cosa que li va permetre desenvolupar metodologies pr\u00f2pies en les disciplines de llenguatge, harmonia i arranjaments, que van quedar reflectides en la publicaci\u00f3 de diversos llibres, l&#8217;\u00fas dels quals com a textos pedag\u00f2gics encara \u00e9s vigent. Actualment, \u00e9s professor de l&#8217;Escola Superior de M\u00fasica de Catalunya (ESMUC) a les disciplines de T\u00e8cniques i estils del Jazz (Harmonia de Jazz), Arranjaments de Jazz I i II, Composici\u00f3 de Jazz i Film Scoring. Tamb\u00e9, a la mateixa escola, participa en l&#8217;ensenyament de dos m\u00e0sters: Barcelona Jazz master i Composici\u00f3 de bandes sonores i m\u00fasica per a mitjans audiovisuals, a les assignatures T\u00e8cniques de composici\u00f3 per a bandes sonores i Orquestraci\u00f3 per a bandes sonores. Aquest volum \u00e9s el fruit de la seva activitat docent durant aquests anys, durant el transcurs dels quals ha arribat al convenciment que actualment \u00e9s dif\u00edcil aprofundir en la composici\u00f3 sense una s\u00f2lida formaci\u00f3, que assumeixi especialment la diversitat com a punt de partida. <\/p>\n","protected":false},"excerpt":{"rendered":"<p>Llu\u00eds Verg\u00e9s (Barcelona, 1953) Professor de composici\u00f3 per a bandes sonores a l&#8217;ESMUC (Escola Superior de M\u00fasica de Catalunya), fet que el porta a ser especialista en aquest camp i el perfil idoni per escriure aquest llibre. Va realitzar estudis musicals al Conservatori Superior Municipal de M\u00fasica de Barcelona, on obt\u00e9 la seva titulaci\u00f3. Com &hellip; <\/p>\n<p class=\"link-more\"><a href=\"https:\/\/www.myscores.es\/composicion-orquestacion-bandas-sonoras\/ca\/lautor\/\" class=\"more-link\">Continua llegint <span class=\"screen-reader-text\">\u00abL&#8217;autor\u00bb<\/span><\/a><\/p>\n","protected":false},"author":1,"featured_media":0,"parent":0,"menu_order":0,"comment_status":"closed","ping_status":"closed","template":"","meta":[],"_links":{"self":[{"href":"https:\/\/www.myscores.es\/composicion-orquestacion-bandas-sonoras\/ca\/wp-json\/wp\/v2\/pages\/580"}],"collection":[{"href":"https:\/\/www.myscores.es\/composicion-orquestacion-bandas-sonoras\/ca\/wp-json\/wp\/v2\/pages"}],"about":[{"href":"https:\/\/www.myscores.es\/composicion-orquestacion-bandas-sonoras\/ca\/wp-json\/wp\/v2\/types\/page"}],"author":[{"embeddable":true,"href":"https:\/\/www.myscores.es\/composicion-orquestacion-bandas-sonoras\/ca\/wp-json\/wp\/v2\/users\/1"}],"replies":[{"embeddable":true,"href":"https:\/\/www.myscores.es\/composicion-orquestacion-bandas-sonoras\/ca\/wp-json\/wp\/v2\/comments?post=580"}],"version-history":[{"count":2,"href":"https:\/\/www.myscores.es\/composicion-orquestacion-bandas-sonoras\/ca\/wp-json\/wp\/v2\/pages\/580\/revisions"}],"predecessor-version":[{"id":691,"href":"https:\/\/www.myscores.es\/composicion-orquestacion-bandas-sonoras\/ca\/wp-json\/wp\/v2\/pages\/580\/revisions\/691"}],"wp:attachment":[{"href":"https:\/\/www.myscores.es\/composicion-orquestacion-bandas-sonoras\/ca\/wp-json\/wp\/v2\/media?parent=580"}],"curies":[{"name":"wp","href":"https:\/\/api.w.org\/{rel}","templated":true}]}}