{"id":569,"date":"2023-10-27T11:37:07","date_gmt":"2023-10-27T09:37:07","guid":{"rendered":"https:\/\/www.boileau-music.com\/composicion-orquestacion-bandas-sonoras\/el-llibre\/"},"modified":"2025-02-19T23:57:07","modified_gmt":"2025-02-19T22:57:07","slug":"el-llibre","status":"publish","type":"page","link":"https:\/\/www.myscores.es\/composicion-orquestacion-bandas-sonoras\/ca\/el-llibre\/","title":{"rendered":"El llibre"},"content":{"rendered":"\n<p class=\"has-text-align-right has-black-color has-text-color has-background\" style=\"background-color:#d6bda4\">\u00abSi es vol aconseguir fer un treball creatiu, consistent professionalment i d\u2019un alt nivell emocional, puc afirmar que el llibre de Llu\u00eds Verg\u00e9s ajudar\u00e0 molt\u00edssim a assolir aquest objectiu\u00bb.<br><strong>Joan Albert Amarg\u00f3s<\/strong><\/p>\n\n\n\n<p>La <strong>banda sonora<\/strong> \u00e9s un element fonamental en qualsevol audiovisual de curta o llarga durada. La m\u00fasica es va obrir pas des del naixement del cinema com a base primordial per a l&#8217;expressi\u00f3 d&#8217;emocions que el text, per ell mateix, no podia comunicar. L&#8217;actual compositor de bandes sonores ha de con\u00e8ixer aquest llenguatge que, encara que obeeix a certes convencions i no \u00e9s ali\u00e8 a diferents modes, requereix alhora sobrats recursos mel\u00f2dics, harm\u00f2nics i orquestrals.<\/p>\n\n\n\n<p>Llu\u00eds Verg\u00e9s publica <strong>Composici\u00f3 i Orquestraci\u00f3 per a Bandes Sonores<\/strong> <strong><em>(Film Scoring)<\/em><\/strong> en qu\u00e8 s&#8217;abasta de manera exhaustiva els procediments necessaris per crear m\u00fasica instrumental per al g\u00e8nere audiovisual.<\/p>\n\n\n\n<figure class=\"wp-block-embed is-type-video is-provider-youtube wp-block-embed-youtube wp-embed-aspect-16-9 wp-has-aspect-ratio\"><div class=\"wp-block-embed__wrapper\">\n<div class=\"epyt-video-wrapper\"><div  style=\"display: block; margin: 0px auto;\"  id=\"_ytid_25954\"  width=\"525\" height=\"295\"  data-origwidth=\"525\" data-origheight=\"295\" data-facadesrc=\"https:\/\/www.youtube.com\/embed\/0_rJj5S7e2I?enablejsapi=1&#038;autoplay=0&#038;cc_load_policy=0&#038;iv_load_policy=1&#038;loop=0&#038;modestbranding=0&#038;fs=1&#038;playsinline=0&#038;controls=1&#038;color=red&#038;cc_lang_pref=&#038;rel=0&#038;autohide=2&#038;theme=dark&#038;\" class=\"__youtube_prefs__ epyt-facade epyt-is-override  no-lazyload\" data-epautoplay=\"1\" ><img decoding=\"async\" data-spai-excluded=\"true\" class=\"epyt-facade-poster skip-lazy\" loading=\"lazy\"  alt=\"YouTube player\"  src=\"https:\/\/i.ytimg.com\/vi\/0_rJj5S7e2I\/maxresdefault.jpg\"  \/><button class=\"epyt-facade-play\" aria-label=\"Play\"><svg data-no-lazy=\"1\" height=\"100%\" version=\"1.1\" viewBox=\"0 0 68 48\" width=\"100%\"><path class=\"ytp-large-play-button-bg\" d=\"M66.52,7.74c-0.78-2.93-2.49-5.41-5.42-6.19C55.79,.13,34,0,34,0S12.21,.13,6.9,1.55 C3.97,2.33,2.27,4.81,1.48,7.74C0.06,13.05,0,24,0,24s0.06,10.95,1.48,16.26c0.78,2.93,2.49,5.41,5.42,6.19 C12.21,47.87,34,48,34,48s21.79-0.13,27.1-1.55c2.93-0.78,4.64-3.26,5.42-6.19C67.94,34.95,68,24,68,24S67.94,13.05,66.52,7.74z\" fill=\"#f00\"><\/path><path d=\"M 45,24 27,14 27,34\" fill=\"#fff\"><\/path><\/svg><\/button><\/div><\/div>\n<\/div><\/figure>\n\n\n\n<p>En un moment en qu\u00e8 la tecnologia \u00abmidi\u00bb t\u00e9 tant de pes en totes les disciplines musicals, l&#8217;autor advoca per oferir un coneixement real de l&#8217;orquestra i les seves t\u00e8cniques, imprescindible per donar versemblan\u00e7a i emocionalitat a qualsevol passatge. Aquest llibre ofereix tota mena de solucions per crear una m\u00fasica que requereix un alt coneixement t\u00e8cnic i una creativitat condicionada a la dramatitzaci\u00f3 d&#8217;una imatge.<\/p>\n\n\n\n<p class=\"has-text-align-center has-white-color has-black-background-color has-text-color has-background\"><strong>M\u00e9s de 700 exemples musicals en partitura seleccionats entre m\u00e9s de 100 pel\u00b7l\u00edcules i obres cl\u00e0ssiques del repertori<\/strong><\/p>\n\n\n<div class=\"wp-block-image\">\n<figure class=\"aligncenter size-large\"><img decoding=\"async\" loading=\"lazy\" width=\"1024\" height=\"750\" src=\"http:\/\/www.boileau-music.com\/composicion-orquestacion-bandas-sonoras\/wp-content\/uploads\/2023\/10\/Composicio\u0301n-Orquestacion-Bandas-Sonoras-Verges-musica-cat-1024x750.jpg\" alt=\"\" class=\"wp-image-661\" srcset=\"https:\/\/www.myscores.es\/composicion-orquestacion-bandas-sonoras\/wp-content\/uploads\/2023\/10\/Composicio\u0301n-Orquestacion-Bandas-Sonoras-Verges-musica-cat-1024x750.jpg 1024w, https:\/\/www.myscores.es\/composicion-orquestacion-bandas-sonoras\/wp-content\/uploads\/2023\/10\/Composicio\u0301n-Orquestacion-Bandas-Sonoras-Verges-musica-cat-300x220.jpg 300w, https:\/\/www.myscores.es\/composicion-orquestacion-bandas-sonoras\/wp-content\/uploads\/2023\/10\/Composicio\u0301n-Orquestacion-Bandas-Sonoras-Verges-musica-cat-768x562.jpg 768w, https:\/\/www.myscores.es\/composicion-orquestacion-bandas-sonoras\/wp-content\/uploads\/2023\/10\/Composicio\u0301n-Orquestacion-Bandas-Sonoras-Verges-musica-cat-1536x1124.jpg 1536w, https:\/\/www.myscores.es\/composicion-orquestacion-bandas-sonoras\/wp-content\/uploads\/2023\/10\/Composicio\u0301n-Orquestacion-Bandas-Sonoras-Verges-musica-cat-2048x1499.jpg 2048w\" sizes=\"(max-width: 706px) 89vw, (max-width: 767px) 82vw, 740px\" \/><\/figure><\/div>\n\n\n<p class=\"has-text-align-center has-white-color has-black-background-color has-text-color has-background\"><strong>Gr\u00e0fics orquestrals<\/strong><\/p>\n\n\n<div class=\"wp-block-image\">\n<figure class=\"aligncenter size-large\"><img decoding=\"async\" loading=\"lazy\" width=\"1024\" height=\"750\" src=\"http:\/\/www.boileau-music.com\/composicion-orquestacion-bandas-sonoras\/wp-content\/uploads\/2023\/10\/Composicio\u0301n-Orquestacion-Bandas-Sonoras-Verges-graficas-taronja-cat-1024x750.jpg\" alt=\"\" class=\"wp-image-658\" srcset=\"https:\/\/www.myscores.es\/composicion-orquestacion-bandas-sonoras\/wp-content\/uploads\/2023\/10\/Composicio\u0301n-Orquestacion-Bandas-Sonoras-Verges-graficas-taronja-cat-1024x750.jpg 1024w, https:\/\/www.myscores.es\/composicion-orquestacion-bandas-sonoras\/wp-content\/uploads\/2023\/10\/Composicio\u0301n-Orquestacion-Bandas-Sonoras-Verges-graficas-taronja-cat-300x220.jpg 300w, https:\/\/www.myscores.es\/composicion-orquestacion-bandas-sonoras\/wp-content\/uploads\/2023\/10\/Composicio\u0301n-Orquestacion-Bandas-Sonoras-Verges-graficas-taronja-cat-768x562.jpg 768w, https:\/\/www.myscores.es\/composicion-orquestacion-bandas-sonoras\/wp-content\/uploads\/2023\/10\/Composicio\u0301n-Orquestacion-Bandas-Sonoras-Verges-graficas-taronja-cat-1536x1124.jpg 1536w, https:\/\/www.myscores.es\/composicion-orquestacion-bandas-sonoras\/wp-content\/uploads\/2023\/10\/Composicio\u0301n-Orquestacion-Bandas-Sonoras-Verges-graficas-taronja-cat-2048x1499.jpg 2048w\" sizes=\"(max-width: 706px) 89vw, (max-width: 767px) 82vw, 740px\" \/><\/figure><\/div>\n\n\n<p class=\"has-text-align-center has-white-color has-black-background-color has-text-color has-background\"><strong>M\u00e9s de 500 \u00e0udios en l\u00ednia<\/strong><\/p>\n\n\n\n<div class=\"wp-block-columns is-layout-flex wp-container-3\">\n<div class=\"wp-block-column is-layout-flow\">\n<figure class=\"wp-block-embed is-type-video is-provider-youtube wp-block-embed-youtube wp-embed-aspect-16-9 wp-has-aspect-ratio\"><div class=\"wp-block-embed__wrapper\">\n<div class=\"epyt-video-wrapper\"><div  style=\"display: block; margin: 0px auto;\"  id=\"_ytid_47169\"  width=\"525\" height=\"295\"  data-origwidth=\"525\" data-origheight=\"295\" data-facadesrc=\"https:\/\/www.youtube.com\/embed\/aNnFdnoAhhc?enablejsapi=1&#038;autoplay=0&#038;cc_load_policy=0&#038;iv_load_policy=1&#038;loop=0&#038;modestbranding=0&#038;fs=1&#038;playsinline=0&#038;controls=1&#038;color=red&#038;cc_lang_pref=&#038;rel=0&#038;autohide=2&#038;theme=dark&#038;\" class=\"__youtube_prefs__ epyt-facade epyt-is-override  no-lazyload\" data-epautoplay=\"1\" ><img decoding=\"async\" data-spai-excluded=\"true\" class=\"epyt-facade-poster skip-lazy\" loading=\"lazy\"  alt=\"YouTube player\"  src=\"https:\/\/i.ytimg.com\/vi\/aNnFdnoAhhc\/maxresdefault.jpg\"  \/><button class=\"epyt-facade-play\" aria-label=\"Play\"><svg data-no-lazy=\"1\" height=\"100%\" version=\"1.1\" viewBox=\"0 0 68 48\" width=\"100%\"><path class=\"ytp-large-play-button-bg\" d=\"M66.52,7.74c-0.78-2.93-2.49-5.41-5.42-6.19C55.79,.13,34,0,34,0S12.21,.13,6.9,1.55 C3.97,2.33,2.27,4.81,1.48,7.74C0.06,13.05,0,24,0,24s0.06,10.95,1.48,16.26c0.78,2.93,2.49,5.41,5.42,6.19 C12.21,47.87,34,48,34,48s21.79-0.13,27.1-1.55c2.93-0.78,4.64-3.26,5.42-6.19C67.94,34.95,68,24,68,24S67.94,13.05,66.52,7.74z\" fill=\"#f00\"><\/path><path d=\"M 45,24 27,14 27,34\" fill=\"#fff\"><\/path><\/svg><\/button><\/div><\/div>\n<\/div><\/figure>\n<\/div>\n\n\n\n<div class=\"wp-block-column is-layout-flow\">\n<figure class=\"wp-block-embed is-type-video is-provider-youtube wp-block-embed-youtube wp-embed-aspect-16-9 wp-has-aspect-ratio\"><div class=\"wp-block-embed__wrapper\">\n<div class=\"epyt-video-wrapper\"><div  style=\"display: block; margin: 0px auto;\"  id=\"_ytid_57437\"  width=\"525\" height=\"295\"  data-origwidth=\"525\" data-origheight=\"295\" data-facadesrc=\"https:\/\/www.youtube.com\/embed\/t8uEw5meh5c?enablejsapi=1&#038;autoplay=0&#038;cc_load_policy=0&#038;iv_load_policy=1&#038;loop=0&#038;modestbranding=0&#038;fs=1&#038;playsinline=0&#038;controls=1&#038;color=red&#038;cc_lang_pref=&#038;rel=0&#038;autohide=2&#038;theme=dark&#038;\" class=\"__youtube_prefs__ epyt-facade epyt-is-override  no-lazyload\" data-epautoplay=\"1\" ><img decoding=\"async\" data-spai-excluded=\"true\" class=\"epyt-facade-poster skip-lazy\" loading=\"lazy\"  alt=\"YouTube player\"  src=\"https:\/\/i.ytimg.com\/vi\/t8uEw5meh5c\/maxresdefault.jpg\"  \/><button class=\"epyt-facade-play\" aria-label=\"Play\"><svg data-no-lazy=\"1\" height=\"100%\" version=\"1.1\" viewBox=\"0 0 68 48\" width=\"100%\"><path class=\"ytp-large-play-button-bg\" d=\"M66.52,7.74c-0.78-2.93-2.49-5.41-5.42-6.19C55.79,.13,34,0,34,0S12.21,.13,6.9,1.55 C3.97,2.33,2.27,4.81,1.48,7.74C0.06,13.05,0,24,0,24s0.06,10.95,1.48,16.26c0.78,2.93,2.49,5.41,5.42,6.19 C12.21,47.87,34,48,34,48s21.79-0.13,27.1-1.55c2.93-0.78,4.64-3.26,5.42-6.19C67.94,34.95,68,24,68,24S67.94,13.05,66.52,7.74z\" fill=\"#f00\"><\/path><path d=\"M 45,24 27,14 27,34\" fill=\"#fff\"><\/path><\/svg><\/button><\/div><\/div>\n<\/div><\/figure>\n<\/div>\n<\/div>\n\n\n\n<div class=\"wp-block-columns is-layout-flex wp-container-6\">\n<div class=\"wp-block-column is-layout-flow\">\n<figure class=\"wp-block-embed is-type-video is-provider-youtube wp-block-embed-youtube wp-embed-aspect-16-9 wp-has-aspect-ratio\"><div class=\"wp-block-embed__wrapper\">\n<div class=\"epyt-video-wrapper\"><div  style=\"display: block; margin: 0px auto;\"  id=\"_ytid_50665\"  width=\"525\" height=\"295\"  data-origwidth=\"525\" data-origheight=\"295\" data-facadesrc=\"https:\/\/www.youtube.com\/embed\/PqhPWy3jkG0?enablejsapi=1&#038;autoplay=0&#038;cc_load_policy=0&#038;iv_load_policy=1&#038;loop=0&#038;modestbranding=0&#038;fs=1&#038;playsinline=0&#038;controls=1&#038;color=red&#038;cc_lang_pref=&#038;rel=0&#038;autohide=2&#038;theme=dark&#038;\" class=\"__youtube_prefs__ epyt-facade epyt-is-override  no-lazyload\" data-epautoplay=\"1\" ><img decoding=\"async\" data-spai-excluded=\"true\" class=\"epyt-facade-poster skip-lazy\" loading=\"lazy\"  alt=\"YouTube player\"  src=\"https:\/\/i.ytimg.com\/vi\/PqhPWy3jkG0\/maxresdefault.jpg\"  \/><button class=\"epyt-facade-play\" aria-label=\"Play\"><svg data-no-lazy=\"1\" height=\"100%\" version=\"1.1\" viewBox=\"0 0 68 48\" width=\"100%\"><path class=\"ytp-large-play-button-bg\" d=\"M66.52,7.74c-0.78-2.93-2.49-5.41-5.42-6.19C55.79,.13,34,0,34,0S12.21,.13,6.9,1.55 C3.97,2.33,2.27,4.81,1.48,7.74C0.06,13.05,0,24,0,24s0.06,10.95,1.48,16.26c0.78,2.93,2.49,5.41,5.42,6.19 C12.21,47.87,34,48,34,48s21.79-0.13,27.1-1.55c2.93-0.78,4.64-3.26,5.42-6.19C67.94,34.95,68,24,68,24S67.94,13.05,66.52,7.74z\" fill=\"#f00\"><\/path><path d=\"M 45,24 27,14 27,34\" fill=\"#fff\"><\/path><\/svg><\/button><\/div><\/div>\n<\/div><\/figure>\n<\/div>\n\n\n\n<div class=\"wp-block-column is-layout-flow\">\n<figure class=\"wp-block-embed is-type-video is-provider-youtube wp-block-embed-youtube wp-embed-aspect-16-9 wp-has-aspect-ratio\"><div class=\"wp-block-embed__wrapper\">\n<div class=\"epyt-video-wrapper\"><div  style=\"display: block; margin: 0px auto;\"  id=\"_ytid_55384\"  width=\"525\" height=\"295\"  data-origwidth=\"525\" data-origheight=\"295\" data-facadesrc=\"https:\/\/www.youtube.com\/embed\/7Eiatlg7UA4?enablejsapi=1&#038;autoplay=0&#038;cc_load_policy=0&#038;iv_load_policy=1&#038;loop=0&#038;modestbranding=0&#038;fs=1&#038;playsinline=0&#038;controls=1&#038;color=red&#038;cc_lang_pref=&#038;rel=0&#038;autohide=2&#038;theme=dark&#038;\" class=\"__youtube_prefs__ epyt-facade epyt-is-override  no-lazyload\" data-epautoplay=\"1\" ><img decoding=\"async\" data-spai-excluded=\"true\" class=\"epyt-facade-poster skip-lazy\" loading=\"lazy\"  alt=\"YouTube player\"  src=\"https:\/\/i.ytimg.com\/vi\/7Eiatlg7UA4\/maxresdefault.jpg\"  \/><button class=\"epyt-facade-play\" aria-label=\"Play\"><svg data-no-lazy=\"1\" height=\"100%\" version=\"1.1\" viewBox=\"0 0 68 48\" width=\"100%\"><path class=\"ytp-large-play-button-bg\" d=\"M66.52,7.74c-0.78-2.93-2.49-5.41-5.42-6.19C55.79,.13,34,0,34,0S12.21,.13,6.9,1.55 C3.97,2.33,2.27,4.81,1.48,7.74C0.06,13.05,0,24,0,24s0.06,10.95,1.48,16.26c0.78,2.93,2.49,5.41,5.42,6.19 C12.21,47.87,34,48,34,48s21.79-0.13,27.1-1.55c2.93-0.78,4.64-3.26,5.42-6.19C67.94,34.95,68,24,68,24S67.94,13.05,66.52,7.74z\" fill=\"#f00\"><\/path><path d=\"M 45,24 27,14 27,34\" fill=\"#fff\"><\/path><\/svg><\/button><\/div><\/div>\n<\/div><\/figure>\n<\/div>\n<\/div>\n\n\n\n<p class=\"has-text-align-center has-white-color has-black-background-color has-text-color has-background\"><strong>Continguts<\/strong><\/p>\n\n\n\n<p>Pr\u00f2leg<br>Prefaci<br>Recomanacions d&#8217;estudi<br>Sobre els exemples musicals<br>Nota<\/p>\n\n\n\n<p><strong>Cap\u00edtol I. Materials de composici\u00f3<\/strong><br>1. Materials mel\u00f2dics <br>2. La corba mel\u00f2dica&nbsp;<br>3. Melodia i harmonia<br>4. Materials harm\u00f2nics<\/p>\n\n\n\n<p><strong>Cap\u00edtol II. T\u00e8cniques b\u00e0siques<\/strong><br>1. Harm\u00f2niques<br>2. T\u00e8cnica de les tres veus<br>3. Suports harm\u00f2nics (\u00abspread\u00bb)<br>4. T\u00e8cnica del polze<br>5. Omissions harm\u00f2niques<br>6. Estructures superiors<br>7. Acords adiat\u00f2nics<br>8. Harmonia paral\u00b7lela<br>9. T\u00e8cnica del pedal harm\u00f2nic<\/p>\n\n\n\n<p><strong>Cap\u00edtol III. Textures orquestrals<\/strong><br>1. Textures<br>2. Blocs orquestrals<br>3. \u00abTutti\u00bb<br>4. Acompanyaments<br>5. Textures color\u00edstiques<br>6. Combinaci\u00f3 de textures<br>7. Plans orquestrals<br>8. \u00abSoldadures\u00bb<br>9. Enlla\u00e7os<br>10. Finals<br>11. Problemes orquestrals<\/p>\n\n\n\n<p><strong>Cap\u00edtol IV. Orquestraci\u00f3 per seccions<\/strong><br>1. Cordes<br>2. Fusta<br>3. Metalls<br>4. Percussi\u00f3<br>5. Altres instruments simf\u00f2nics<\/p>\n\n\n\n<p><strong>Cap\u00edtol V. An\u00e0lisi (obres de refer\u00e8ncia)<\/strong><br>1. An\u00e0lisi<br>2. Obres de refer\u00e8ncia<\/p>\n\n\n\n<p><strong>Cap\u00edtol VI. M\u00fasica i drama<\/strong><br>1. Harmonia i drama<br>2. Orquestraci\u00f3 i drama<br>3. Orquestraci\u00f3 final<\/p>\n\n\n\n<p>Conclusi\u00f3<br>Sobre l\u2019autor<br>\u00cdndex de pel\u00b7l\u00edcules \/ obres<br>\u00cdndex de compositors<br>Abreviatures instrumentals<\/p>\n\n\n\n<div class=\"wp-block-file aligncenter\"><a id=\"wp-block-file--media-cd785d59-22b7-4df0-b62c-4fd5a625d356\" href=\"https:\/\/www.myscores.es\/composicion-orquestacion-bandas-sonoras\/wp-content\/uploads\/2023\/10\/Continguts-Composicio\u0301-Orquestracio\u0301-Bandes-Sonores-Verges-1.pdf\" target=\"_blank\" rel=\"noreferrer noopener\">Continguts-Composicio\u0301-Orquestracio\u0301-Bandes-Sonores-Verges<\/a><a href=\"https:\/\/www.myscores.es\/composicion-orquestacion-bandas-sonoras\/wp-content\/uploads\/2023\/10\/Continguts-Composicio\u0301-Orquestracio\u0301-Bandes-Sonores-Verges-1.pdf\" class=\"wp-block-file__button wp-element-button\" download aria-describedby=\"wp-block-file--media-cd785d59-22b7-4df0-b62c-4fd5a625d356\">Descarregar p\u00e0gina continguts<\/a><\/div>\n\n\n\n<div class=\"wp-block-file aligncenter\"><a id=\"wp-block-file--media-cd785d59-22b7-4df0-b62c-4fd5a625d356\" href=\"https:\/\/www.myscores.es\/composicion-orquestacion-bandas-sonoras\/wp-content\/uploads\/2023\/10\/Mostres-Composicio\u0301-Orquestracio\u0301-Bandes-Sonores-Verges-1.pdf\" target=\"_blank\" rel=\"noreferrer noopener\">Mostres-Composicio\u0301-Orquestracio\u0301-Bandes-Sonores-Verges<\/a><a href=\"https:\/\/www.myscores.es\/composicion-orquestacion-bandas-sonoras\/wp-content\/uploads\/2023\/10\/Mostres-Composicio\u0301-Orquestracio\u0301-Bandes-Sonores-Verges-1.pdf\" class=\"wp-block-file__button wp-element-button\" download aria-describedby=\"wp-block-file--media-cd785d59-22b7-4df0-b62c-4fd5a625d356\">Descarregar p\u00e0gines de mostra<\/a><\/div>\n","protected":false},"excerpt":{"rendered":"<p>\u00abSi es vol aconseguir fer un treball creatiu, consistent professionalment i d\u2019un alt nivell emocional, puc afirmar que el llibre de Llu\u00eds Verg\u00e9s ajudar\u00e0 molt\u00edssim a assolir aquest objectiu\u00bb.Joan Albert Amarg\u00f3s La banda sonora \u00e9s un element fonamental en qualsevol audiovisual de curta o llarga durada. La m\u00fasica es va obrir pas des del naixement &hellip; <\/p>\n<p class=\"link-more\"><a href=\"https:\/\/www.myscores.es\/composicion-orquestacion-bandas-sonoras\/ca\/el-llibre\/\" class=\"more-link\">Continua llegint <span class=\"screen-reader-text\">\u00abEl llibre\u00bb<\/span><\/a><\/p>\n","protected":false},"author":1,"featured_media":0,"parent":0,"menu_order":0,"comment_status":"closed","ping_status":"closed","template":"","meta":[],"_links":{"self":[{"href":"https:\/\/www.myscores.es\/composicion-orquestacion-bandas-sonoras\/ca\/wp-json\/wp\/v2\/pages\/569"}],"collection":[{"href":"https:\/\/www.myscores.es\/composicion-orquestacion-bandas-sonoras\/ca\/wp-json\/wp\/v2\/pages"}],"about":[{"href":"https:\/\/www.myscores.es\/composicion-orquestacion-bandas-sonoras\/ca\/wp-json\/wp\/v2\/types\/page"}],"author":[{"embeddable":true,"href":"https:\/\/www.myscores.es\/composicion-orquestacion-bandas-sonoras\/ca\/wp-json\/wp\/v2\/users\/1"}],"replies":[{"embeddable":true,"href":"https:\/\/www.myscores.es\/composicion-orquestacion-bandas-sonoras\/ca\/wp-json\/wp\/v2\/comments?post=569"}],"version-history":[{"count":16,"href":"https:\/\/www.myscores.es\/composicion-orquestacion-bandas-sonoras\/ca\/wp-json\/wp\/v2\/pages\/569\/revisions"}],"predecessor-version":[{"id":916,"href":"https:\/\/www.myscores.es\/composicion-orquestacion-bandas-sonoras\/ca\/wp-json\/wp\/v2\/pages\/569\/revisions\/916"}],"wp:attachment":[{"href":"https:\/\/www.myscores.es\/composicion-orquestacion-bandas-sonoras\/ca\/wp-json\/wp\/v2\/media?parent=569"}],"curies":[{"name":"wp","href":"https:\/\/api.w.org\/{rel}","templated":true}]}}