{"id":546,"date":"2023-10-11T13:13:52","date_gmt":"2023-10-11T11:13:52","guid":{"rendered":"https:\/\/www.boileau-music.com\/composicion-orquestacion-bandas-sonoras\/home\/"},"modified":"2025-02-20T00:08:59","modified_gmt":"2025-02-19T23:08:59","slug":"home","status":"publish","type":"page","link":"https:\/\/www.myscores.es\/composicion-orquestacion-bandas-sonoras\/ca\/","title":{"rendered":"Home"},"content":{"rendered":"\n<div class=\"wp-block-group is-layout-constrained\"><div class=\"wp-block-group__inner-container\">\n<p class=\"has-background\" style=\"background-color:#d6bda4\"><strong>L&#8217;ajuda imprescindible per afrontar l&#8217;ambiciosa i complexa disciplina de la composici\u00f3 i l&#8217;orquestraci\u00f3 de bandes sonores. Un compendi d&#8217;aquelles q\u00fcestions fonamentals que tot compositor ha de saber.<\/strong><\/p>\n\n\n\n<figure class=\"wp-block-image size-full\"><img decoding=\"async\" loading=\"lazy\" width=\"1024\" height=\"731\" src=\"https:\/\/www.boileau-music.com\/composicion-orquestacion-bandas-sonoras\/wp-content\/uploads\/2023\/10\/Composici-Orquestracio-Bandes-Sonores-Verges-frontal1-zoom-cat.jpg\" alt=\"\" class=\"wp-image-634\" srcset=\"https:\/\/www.myscores.es\/composicion-orquestacion-bandas-sonoras\/wp-content\/uploads\/2023\/10\/Composici-Orquestracio-Bandes-Sonores-Verges-frontal1-zoom-cat.jpg 1024w, https:\/\/www.myscores.es\/composicion-orquestacion-bandas-sonoras\/wp-content\/uploads\/2023\/10\/Composici-Orquestracio-Bandes-Sonores-Verges-frontal1-zoom-cat-300x214.jpg 300w, https:\/\/www.myscores.es\/composicion-orquestacion-bandas-sonoras\/wp-content\/uploads\/2023\/10\/Composici-Orquestracio-Bandes-Sonores-Verges-frontal1-zoom-cat-768x548.jpg 768w\" sizes=\"(max-width: 706px) 89vw, (max-width: 767px) 82vw, 740px\" \/><\/figure>\n\n\n\n<p class=\"has-black-color has-text-color\"><strong><br>Composici\u00f3 i Orquestraci\u00f3 per a Bandes Sonores<\/strong><em>&nbsp;<\/em>de Llu\u00eds Verg\u00e9s omple un buit en la bibliografia existent fins ara. A partir de l\u2019an\u00e0lisi de m\u00e9s de 700 exemples musicals, desgrana les t\u00e8cniques necess\u00e0ries per a la composici\u00f3 i l\u2019orquestraci\u00f3 de la banda sonora. Ofereix m\u00faltiples solucions a compositors novells i experimentats: des d\u2019aspectes tan b\u00e0sics com la construcci\u00f3 de melodies i la seva harmonitzaci\u00f3 fins al complex cam\u00ed per traslladar tot el material a l\u2019orquestra simf\u00f2nica.&nbsp;<\/p>\n\n\n\n<div class=\"wp-block-columns is-layout-flex wp-container-2\">\n<div class=\"wp-block-column is-layout-flow\">\n<p class=\"has-text-align-center\"><strong><a href=\"\/composicion-orquestacion-bandas-sonoras\/ca\/audios\/\">Accedir als \u00e0udios<\/a><\/strong><\/p>\n<\/div>\n<\/div>\n<\/div><\/div>\n\n\n\n<p class=\"has-background\" style=\"background-color:#d6bda4\">\u2022 <strong>M\u00e9s de 700 exemples musicals<\/strong> en partitura seleccionats entre m\u00e9s de 100 pel\u00b7l\u00edcules i obres cl\u00e0ssiques del repertori<br>\u2022 <strong>M\u00e9s de 500 \u00e0udios<\/strong> en l\u00ednia<br>\u2022 Pr\u00f2leg de <strong>Joan Albert Amarg\u00f3s<\/strong><br>\u2022 <strong>Recomanacions d&#8217;estudi<\/strong><br>\u2022 <strong>6 cap\u00edtols<\/strong><br>\u2022 <strong>Conclusions<br>\u2022 \u00cdndex de pel\u00b7l\u00edcules i obres<br>\u2022 \u00cdndex de compositors<\/strong><br>\u2022 <strong>540 p\u00e0gines<\/strong><\/p>\n\n\n\n<div class=\"wp-block-columns is-layout-flex wp-container-6\">\n<div class=\"wp-block-column is-layout-flow\">\n<figure class=\"wp-block-image size-large\"><a href=\"\/composicion-orquestacion-bandas-sonoras\/ca\/capitol-i\/\"><img decoding=\"async\" loading=\"lazy\" width=\"1024\" height=\"819\" src=\"https:\/\/www.boileau-music.com\/composicion-orquestacion-bandas-sonoras\/wp-content\/uploads\/2023\/10\/Composicio\u0301n-Orquestacion-Bandas-Sonoras-Verges-cap-I-zoom-cat-1024x819.jpg\" alt=\"\" class=\"wp-image-641\" srcset=\"https:\/\/www.myscores.es\/composicion-orquestacion-bandas-sonoras\/wp-content\/uploads\/2023\/10\/Composicio\u0301n-Orquestacion-Bandas-Sonoras-Verges-cap-I-zoom-cat-1024x819.jpg 1024w, https:\/\/www.myscores.es\/composicion-orquestacion-bandas-sonoras\/wp-content\/uploads\/2023\/10\/Composicio\u0301n-Orquestacion-Bandas-Sonoras-Verges-cap-I-zoom-cat-300x240.jpg 300w, https:\/\/www.myscores.es\/composicion-orquestacion-bandas-sonoras\/wp-content\/uploads\/2023\/10\/Composicio\u0301n-Orquestacion-Bandas-Sonoras-Verges-cap-I-zoom-cat-768x614.jpg 768w, https:\/\/www.myscores.es\/composicion-orquestacion-bandas-sonoras\/wp-content\/uploads\/2023\/10\/Composicio\u0301n-Orquestacion-Bandas-Sonoras-Verges-cap-I-zoom-cat-1536x1228.jpg 1536w, https:\/\/www.myscores.es\/composicion-orquestacion-bandas-sonoras\/wp-content\/uploads\/2023\/10\/Composicio\u0301n-Orquestacion-Bandas-Sonoras-Verges-cap-I-zoom-cat.jpg 1915w\" sizes=\"(max-width: 706px) 89vw, (max-width: 767px) 82vw, 740px\" \/><\/a><\/figure>\n<\/div>\n\n\n\n<div class=\"wp-block-column is-layout-flow\">\n<p class=\"has-text-color\" style=\"color:#b37232\"><strong>CAP\u00cdTOL I<\/strong><br><strong>Materials de composici\u00f3<\/strong><\/p>\n\n\n\n<p class=\"has-black-color has-text-color\">A partir de l&#8217;an\u00e0lisi de melodies cinematogr\u00e0fiques i de la seva harmonitzaci\u00f3, mostra aquells elements de tipus t\u00e8cnic que acompanyen la seva creaci\u00f3.<br><strong><a href=\"\/composicion-orquestacion-bandas-sonoras\/ca\/capitol-i\/\">Anar a \u00e0udios Cap\u00edtol I<\/a><\/strong><\/p>\n<\/div>\n<\/div>\n\n\n\n<hr class=\"wp-block-separator has-alpha-channel-opacity\"\/>\n\n\n\n<div class=\"wp-block-columns is-layout-flex wp-container-9\">\n<div class=\"wp-block-column is-layout-flow\">\n<figure class=\"wp-block-image size-large\"><a href=\"\/composicion-orquestacion-bandas-sonoras\/ca\/capitol-ii\/\"><img decoding=\"async\" loading=\"lazy\" width=\"1024\" height=\"819\" src=\"https:\/\/www.boileau-music.com\/composicion-orquestacion-bandas-sonoras\/wp-content\/uploads\/2023\/10\/Composicio\u0301n-Orquestacion-Bandas-Sonoras-Verges-cap-II-zoom-cat-1024x819.jpg\" alt=\"\" class=\"wp-image-643\" srcset=\"https:\/\/www.myscores.es\/composicion-orquestacion-bandas-sonoras\/wp-content\/uploads\/2023\/10\/Composicio\u0301n-Orquestacion-Bandas-Sonoras-Verges-cap-II-zoom-cat-1024x819.jpg 1024w, https:\/\/www.myscores.es\/composicion-orquestacion-bandas-sonoras\/wp-content\/uploads\/2023\/10\/Composicio\u0301n-Orquestacion-Bandas-Sonoras-Verges-cap-II-zoom-cat-300x240.jpg 300w, https:\/\/www.myscores.es\/composicion-orquestacion-bandas-sonoras\/wp-content\/uploads\/2023\/10\/Composicio\u0301n-Orquestacion-Bandas-Sonoras-Verges-cap-II-zoom-cat-768x614.jpg 768w, https:\/\/www.myscores.es\/composicion-orquestacion-bandas-sonoras\/wp-content\/uploads\/2023\/10\/Composicio\u0301n-Orquestacion-Bandas-Sonoras-Verges-cap-II-zoom-cat-1536x1228.jpg 1536w, https:\/\/www.myscores.es\/composicion-orquestacion-bandas-sonoras\/wp-content\/uploads\/2023\/10\/Composicio\u0301n-Orquestacion-Bandas-Sonoras-Verges-cap-II-zoom-cat.jpg 1915w\" sizes=\"(max-width: 706px) 89vw, (max-width: 767px) 82vw, 740px\" \/><\/a><\/figure>\n<\/div>\n\n\n\n<div class=\"wp-block-column is-layout-flow\">\n<p class=\"has-text-color\" style=\"color:#b37232\"><strong><strong>CAP\u00cdTOL II<\/strong><br><strong>T\u00e8cniques b\u00e0siques<\/strong><\/strong><\/p>\n\n\n\n<p class=\"has-black-color has-text-color\">Desgrana les t\u00e8cniques harm\u00f2niques i contrapunt\u00edstiques imprescindibles com a pas previ a l&#8217;orquestraci\u00f3.<br><strong><a href=\"\/composicion-orquestacion-bandas-sonoras\/ca\/capitol-ii\/\">Anar a \u00e0udios Cap\u00edtol II<\/a><\/strong><\/p>\n<\/div>\n<\/div>\n\n\n\n<hr class=\"wp-block-separator has-alpha-channel-opacity\"\/>\n\n\n\n<div class=\"wp-block-columns is-layout-flex wp-container-12\">\n<div class=\"wp-block-column is-layout-flow\">\n<figure class=\"wp-block-image size-large\"><a href=\"\/composicion-orquestacion-bandas-sonoras\/ca\/capitol-iii\/\"><img decoding=\"async\" loading=\"lazy\" width=\"1024\" height=\"819\" src=\"https:\/\/www.boileau-music.com\/composicion-orquestacion-bandas-sonoras\/wp-content\/uploads\/2023\/10\/Composicio\u0301n-Orquestacion-Bandas-Sonoras-Verges-cap-III-zoom-cat-1024x819.jpg\" alt=\"\" class=\"wp-image-645\" srcset=\"https:\/\/www.myscores.es\/composicion-orquestacion-bandas-sonoras\/wp-content\/uploads\/2023\/10\/Composicio\u0301n-Orquestacion-Bandas-Sonoras-Verges-cap-III-zoom-cat-1024x819.jpg 1024w, https:\/\/www.myscores.es\/composicion-orquestacion-bandas-sonoras\/wp-content\/uploads\/2023\/10\/Composicio\u0301n-Orquestacion-Bandas-Sonoras-Verges-cap-III-zoom-cat-300x240.jpg 300w, https:\/\/www.myscores.es\/composicion-orquestacion-bandas-sonoras\/wp-content\/uploads\/2023\/10\/Composicio\u0301n-Orquestacion-Bandas-Sonoras-Verges-cap-III-zoom-cat-768x614.jpg 768w, https:\/\/www.myscores.es\/composicion-orquestacion-bandas-sonoras\/wp-content\/uploads\/2023\/10\/Composicio\u0301n-Orquestacion-Bandas-Sonoras-Verges-cap-III-zoom-cat-1536x1228.jpg 1536w, https:\/\/www.myscores.es\/composicion-orquestacion-bandas-sonoras\/wp-content\/uploads\/2023\/10\/Composicio\u0301n-Orquestacion-Bandas-Sonoras-Verges-cap-III-zoom-cat.jpg 1915w\" sizes=\"(max-width: 706px) 89vw, (max-width: 767px) 82vw, 740px\" \/><\/a><\/figure>\n<\/div>\n\n\n\n<div class=\"wp-block-column is-layout-flow\">\n<p class=\"has-text-color\" style=\"color:#b37232\"><strong><strong><strong><strong>CAP\u00cdTOL III<\/strong><\/strong><br><strong>Textures orquestrals<\/strong><\/strong><\/strong><\/p>\n\n\n\n<p>Centre metodol\u00f2gic del llibre posa de manifest l&#8217;aplicaci\u00f3 de l&#8217;anterior a l&#8217;escriptura orquestral, prenent com a refer\u00e8ncia els blocs orquestrals per a la creaci\u00f3 de textures i la seva combinaci\u00f3.<br><strong><a href=\"\/composicion-orquestacion-bandas-sonoras\/ca\/capitol-iii\/\">Anar a \u00e0udios Cap\u00edtol III<\/a><\/strong><\/p>\n<\/div>\n<\/div>\n\n\n\n<hr class=\"wp-block-separator has-alpha-channel-opacity\"\/>\n\n\n\n<div class=\"wp-block-columns is-layout-flex wp-container-15\">\n<div class=\"wp-block-column is-layout-flow\">\n<figure class=\"wp-block-image size-large\"><a href=\"\/composicion-orquestacion-bandas-sonoras\/ca\/capitol-iv\/\"><img decoding=\"async\" loading=\"lazy\" width=\"1024\" height=\"819\" src=\"https:\/\/www.boileau-music.com\/composicion-orquestacion-bandas-sonoras\/wp-content\/uploads\/2023\/10\/Composicio\u0301n-Orquestacion-Bandas-Sonoras-Verges-cap-IV-zoom-cat-1024x819.jpg\" alt=\"\" class=\"wp-image-647\" srcset=\"https:\/\/www.myscores.es\/composicion-orquestacion-bandas-sonoras\/wp-content\/uploads\/2023\/10\/Composicio\u0301n-Orquestacion-Bandas-Sonoras-Verges-cap-IV-zoom-cat-1024x819.jpg 1024w, https:\/\/www.myscores.es\/composicion-orquestacion-bandas-sonoras\/wp-content\/uploads\/2023\/10\/Composicio\u0301n-Orquestacion-Bandas-Sonoras-Verges-cap-IV-zoom-cat-300x240.jpg 300w, https:\/\/www.myscores.es\/composicion-orquestacion-bandas-sonoras\/wp-content\/uploads\/2023\/10\/Composicio\u0301n-Orquestacion-Bandas-Sonoras-Verges-cap-IV-zoom-cat-768x614.jpg 768w, https:\/\/www.myscores.es\/composicion-orquestacion-bandas-sonoras\/wp-content\/uploads\/2023\/10\/Composicio\u0301n-Orquestacion-Bandas-Sonoras-Verges-cap-IV-zoom-cat-1536x1228.jpg 1536w, https:\/\/www.myscores.es\/composicion-orquestacion-bandas-sonoras\/wp-content\/uploads\/2023\/10\/Composicio\u0301n-Orquestacion-Bandas-Sonoras-Verges-cap-IV-zoom-cat.jpg 1915w\" sizes=\"(max-width: 706px) 89vw, (max-width: 767px) 82vw, 740px\" \/><\/a><\/figure>\n<\/div>\n\n\n\n<div class=\"wp-block-column is-layout-flow\">\n<p class=\"has-text-color\" style=\"color:#b37232\"><strong><strong><strong><strong>CAP\u00cdTOL IV<\/strong><\/strong><br><strong><strong>Orquestraci\u00f3 per seccions<\/strong><\/strong><\/strong><\/strong><\/p>\n\n\n\n<p>A partir de les caracter\u00edstiques intr\u00ednseques de cada secci\u00f3 orquestral (corda, fustes, metalls, percussi\u00f3 i altres) s&#8217;especifiquen les associacions orquestrals m\u00e9s habituals en el llenguatge de la banda sonora (sigui per tradici\u00f3 hist\u00f2rica o per necessitat expressiva i emocional).<br><strong><a href=\"\/composicion-orquestacion-bandas-sonoras\/ca\/capitol-iv\/\">Anar a \u00e0udios Cap\u00edtol IV<\/a><\/strong><\/p>\n<\/div>\n<\/div>\n\n\n\n<hr class=\"wp-block-separator has-alpha-channel-opacity\"\/>\n\n\n\n<div class=\"wp-block-columns is-layout-flex wp-container-18\">\n<div class=\"wp-block-column is-layout-flow\">\n<figure class=\"wp-block-image size-large\"><a href=\"\/composicion-orquestacion-bandas-sonoras\/ca\/capitol-v\/\"><img decoding=\"async\" loading=\"lazy\" width=\"1024\" height=\"819\" src=\"https:\/\/www.boileau-music.com\/composicion-orquestacion-bandas-sonoras\/wp-content\/uploads\/2023\/10\/Composicio\u0301n-Orquestacion-Bandas-Sonoras-Verges-cap-V-zoom-cat-1024x819.jpg\" alt=\"\" class=\"wp-image-650\" srcset=\"https:\/\/www.myscores.es\/composicion-orquestacion-bandas-sonoras\/wp-content\/uploads\/2023\/10\/Composicio\u0301n-Orquestacion-Bandas-Sonoras-Verges-cap-V-zoom-cat-1024x819.jpg 1024w, https:\/\/www.myscores.es\/composicion-orquestacion-bandas-sonoras\/wp-content\/uploads\/2023\/10\/Composicio\u0301n-Orquestacion-Bandas-Sonoras-Verges-cap-V-zoom-cat-300x240.jpg 300w, https:\/\/www.myscores.es\/composicion-orquestacion-bandas-sonoras\/wp-content\/uploads\/2023\/10\/Composicio\u0301n-Orquestacion-Bandas-Sonoras-Verges-cap-V-zoom-cat-768x614.jpg 768w, https:\/\/www.myscores.es\/composicion-orquestacion-bandas-sonoras\/wp-content\/uploads\/2023\/10\/Composicio\u0301n-Orquestacion-Bandas-Sonoras-Verges-cap-V-zoom-cat-1536x1228.jpg 1536w, https:\/\/www.myscores.es\/composicion-orquestacion-bandas-sonoras\/wp-content\/uploads\/2023\/10\/Composicio\u0301n-Orquestacion-Bandas-Sonoras-Verges-cap-V-zoom-cat.jpg 1915w\" sizes=\"(max-width: 706px) 89vw, (max-width: 767px) 82vw, 740px\" \/><\/a><\/figure>\n<\/div>\n\n\n\n<div class=\"wp-block-column is-layout-flow\">\n<p class=\"has-text-color\" style=\"color:#b37232\"><strong><strong><strong>CAP\u00cdTOL <strong>V<\/strong><\/strong><br><strong><strong>An\u00e0lisi (obres de refer\u00e8ncia)<\/strong><\/strong><\/strong><\/strong><\/p>\n\n\n\n<p class=\"has-black-color has-text-color\">Relaciona tot l\u2019exposat amb el seu origen: les obres de refer\u00e8ncia que s\u00f3n de coneixement inexcusable per a la creaci\u00f3 de les bandes sonores.<br><strong><a href=\"\/composicion-orquestacion-bandas-sonoras\/ca\/capitol-v\/\">Anar a \u00e0udios Cap\u00edtol V<\/a><\/strong><\/p>\n<\/div>\n<\/div>\n\n\n\n<hr class=\"wp-block-separator has-alpha-channel-opacity\"\/>\n\n\n\n<div class=\"wp-block-columns is-layout-flex wp-container-21\">\n<div class=\"wp-block-column is-layout-flow\">\n<figure class=\"wp-block-image size-large\"><a href=\"\/composicion-orquestacion-bandas-sonoras\/ca\/capitol-vi\/\"><img decoding=\"async\" loading=\"lazy\" width=\"1024\" height=\"819\" src=\"http:\/\/www.boileau-music.com\/composicion-orquestacion-bandas-sonoras\/wp-content\/uploads\/2023\/10\/Composicio\u0301n-Orquestacion-Bandas-Sonoras-Verges-cap-VI-zoom-cat-1024x819.jpg\" alt=\"\" class=\"wp-image-654\" srcset=\"https:\/\/www.myscores.es\/composicion-orquestacion-bandas-sonoras\/wp-content\/uploads\/2023\/10\/Composicio\u0301n-Orquestacion-Bandas-Sonoras-Verges-cap-VI-zoom-cat-1024x819.jpg 1024w, https:\/\/www.myscores.es\/composicion-orquestacion-bandas-sonoras\/wp-content\/uploads\/2023\/10\/Composicio\u0301n-Orquestacion-Bandas-Sonoras-Verges-cap-VI-zoom-cat-300x240.jpg 300w, https:\/\/www.myscores.es\/composicion-orquestacion-bandas-sonoras\/wp-content\/uploads\/2023\/10\/Composicio\u0301n-Orquestacion-Bandas-Sonoras-Verges-cap-VI-zoom-cat-768x614.jpg 768w, https:\/\/www.myscores.es\/composicion-orquestacion-bandas-sonoras\/wp-content\/uploads\/2023\/10\/Composicio\u0301n-Orquestacion-Bandas-Sonoras-Verges-cap-VI-zoom-cat-1536x1228.jpg 1536w, https:\/\/www.myscores.es\/composicion-orquestacion-bandas-sonoras\/wp-content\/uploads\/2023\/10\/Composicio\u0301n-Orquestacion-Bandas-Sonoras-Verges-cap-VI-zoom-cat.jpg 1915w\" sizes=\"(max-width: 706px) 89vw, (max-width: 767px) 82vw, 740px\" \/><\/a><\/figure>\n<\/div>\n\n\n\n<div class=\"wp-block-column is-layout-flow\">\n<p class=\"has-text-color\" style=\"color:#b37232\"><strong><strong><strong>CAP\u00cdTOL <strong>VI<\/strong><\/strong><\/strong><\/strong><br><strong><strong><strong><strong>M\u00fasica i drama<\/strong><\/strong><\/strong><\/strong><\/p>\n\n\n\n<p class=\"has-black-color has-text-color\">\u00c9s el colof\u00f3 del tractat. Ressalta la import\u00e0ncia de perseguir un resultat emocional en la creaci\u00f3 de la m\u00fasica per a imatges a trav\u00e9s de les seves dues vessants m\u00e9s significatives: l\u2019harm\u00f2nica i la instrumental. Pel que fa a aquesta darrera, es posa \u00e8mfasi en una rutina de treball ordenada en dues fases d\u2019orquestraci\u00f3.\u00a0<br><strong><a href=\"\/composicion-orquestacion-bandas-sonoras\/ca\/capitol-vi\/\">Anar a \u00e0udios Cap\u00edtol VI<\/a><\/strong><\/p>\n<\/div>\n<\/div>\n\n\n\n<hr class=\"wp-block-separator has-alpha-channel-opacity is-style-wide\"\/>\n\n\n\n<div class=\"wp-block-columns is-layout-flex wp-container-25\">\n<div class=\"wp-block-column is-layout-flow\" style=\"flex-basis:33.33%\">\n<figure class=\"wp-block-image size-large\"><a href=\"https:\/\/boileau-music.com\/ca\/obres\/composicio-i-orquestracio-per-a-bandes-sonores-b.4135\" target=\"_blank\" rel=\"noreferrer noopener\"><img decoding=\"async\" loading=\"lazy\" width=\"724\" height=\"1024\" src=\"http:\/\/www.boileau-music.com\/composicion-orquestacion-bandas-sonoras\/wp-content\/uploads\/2023\/10\/B4135-Composicio-Orquestracio-Bandes-Sonores-portada-724x1024.jpg\" alt=\"\" class=\"wp-image-179\" srcset=\"https:\/\/www.myscores.es\/composicion-orquestacion-bandas-sonoras\/wp-content\/uploads\/2023\/10\/B4135-Composicio-Orquestracio-Bandes-Sonores-portada-724x1024.jpg 724w, https:\/\/www.myscores.es\/composicion-orquestacion-bandas-sonoras\/wp-content\/uploads\/2023\/10\/B4135-Composicio-Orquestracio-Bandes-Sonores-portada-212x300.jpg 212w, https:\/\/www.myscores.es\/composicion-orquestacion-bandas-sonoras\/wp-content\/uploads\/2023\/10\/B4135-Composicio-Orquestracio-Bandes-Sonores-portada-768x1086.jpg 768w, https:\/\/www.myscores.es\/composicion-orquestacion-bandas-sonoras\/wp-content\/uploads\/2023\/10\/B4135-Composicio-Orquestracio-Bandes-Sonores-portada-1086x1536.jpg 1086w, https:\/\/www.myscores.es\/composicion-orquestacion-bandas-sonoras\/wp-content\/uploads\/2023\/10\/B4135-Composicio-Orquestracio-Bandes-Sonores-portada-1448x2048.jpg 1448w, https:\/\/www.myscores.es\/composicion-orquestacion-bandas-sonoras\/wp-content\/uploads\/2023\/10\/B4135-Composicio-Orquestracio-Bandes-Sonores-portada-scaled.jpg 1810w\" sizes=\"(max-width: 724px) 100vw, 724px\" \/><\/a><\/figure>\n<\/div>\n\n\n\n<div class=\"wp-block-column is-layout-flow\" style=\"flex-basis:66.66%\">\n<p class=\"has-black-color has-text-color\"><strong><a rel=\"noreferrer noopener\" href=\"https:\/\/boileau-music.com\/ca\/obres\/composicio-i-orquestracio-per-a-bandes-sonores-b.4135\" target=\"_blank\">COMPOSICI\u00d3 I ORQUESTRACI\u00d3 PER A BANDES SONORES<\/a><\/strong><br><em>Film Scoring<\/em><br><strong>Llu\u00eds Verg\u00e9s<br><\/strong>(Llibre en catal\u00e0)<\/p>\n\n\n\n<p class=\"has-black-color has-text-color\">Reg. B.4135<br>P.V.P.: 85 \u20ac<br>N\u00fam. p\u00e0gines: 540<br>ISBN: 978-84-19715-03-6<br>ISMN: 979-0-3503-4331-5<\/p>\n\n\n\n<div class=\"wp-block-buttons is-layout-flex\">\n<div class=\"wp-block-button\"><a class=\"wp-block-button__link wp-element-button\" href=\"https:\/\/boileau-music.com\/ca\/obres\/composicio-i-orquestracio-per-a-bandes-sonores-b.4135\" target=\"_blank\" rel=\"noreferrer noopener\">Comprar<\/a><\/div>\n<\/div>\n<\/div>\n<\/div>\n\n\n\n<hr class=\"wp-block-separator has-alpha-channel-opacity is-style-wide\"\/>\n\n\n\n<div class=\"wp-block-columns is-layout-flex wp-container-29\">\n<div class=\"wp-block-column is-layout-flow\" style=\"flex-basis:33.33%\">\n<figure class=\"wp-block-image size-large\"><a href=\"https:\/\/boileau-music.com\/ca\/obres\/composicion-y-orquestacion-para-bandas-sonoras-b.4136\" target=\"_blank\" rel=\"noreferrer noopener\"><img decoding=\"async\" loading=\"lazy\" width=\"724\" height=\"1024\" src=\"http:\/\/www.boileau-music.com\/composicion-orquestacion-bandas-sonoras\/wp-content\/uploads\/2023\/10\/B4136-Composicion-Orquestacion-Bandas-Sonoras-portada-724x1024.jpg\" alt=\"\" class=\"wp-image-174\" srcset=\"https:\/\/www.myscores.es\/composicion-orquestacion-bandas-sonoras\/wp-content\/uploads\/2023\/10\/B4136-Composicion-Orquestacion-Bandas-Sonoras-portada-724x1024.jpg 724w, https:\/\/www.myscores.es\/composicion-orquestacion-bandas-sonoras\/wp-content\/uploads\/2023\/10\/B4136-Composicion-Orquestacion-Bandas-Sonoras-portada-212x300.jpg 212w, https:\/\/www.myscores.es\/composicion-orquestacion-bandas-sonoras\/wp-content\/uploads\/2023\/10\/B4136-Composicion-Orquestacion-Bandas-Sonoras-portada-768x1086.jpg 768w, https:\/\/www.myscores.es\/composicion-orquestacion-bandas-sonoras\/wp-content\/uploads\/2023\/10\/B4136-Composicion-Orquestacion-Bandas-Sonoras-portada-1086x1536.jpg 1086w, https:\/\/www.myscores.es\/composicion-orquestacion-bandas-sonoras\/wp-content\/uploads\/2023\/10\/B4136-Composicion-Orquestacion-Bandas-Sonoras-portada-1448x2048.jpg 1448w, https:\/\/www.myscores.es\/composicion-orquestacion-bandas-sonoras\/wp-content\/uploads\/2023\/10\/B4136-Composicion-Orquestacion-Bandas-Sonoras-portada-scaled.jpg 1810w\" sizes=\"(max-width: 724px) 100vw, 724px\" \/><\/a><\/figure>\n<\/div>\n\n\n\n<div class=\"wp-block-column is-layout-flow\" style=\"flex-basis:66.66%\">\n<p class=\"has-black-color has-text-color\"><strong><a href=\"https:\/\/boileau-music.com\/ca\/obres\/composicion-y-orquestacion-para-bandas-sonoras-b.4136\" target=\"_blank\" rel=\"noreferrer noopener\">COMPOSICI\u00d3N Y ORQUESTACI\u00d3N PARA BANDAS SONORAS<\/a><\/strong><br><em>Film Scoring<\/em><br><strong>Llu\u00eds Verg\u00e9s<br><\/strong>(Llibre en castell\u00e0)<\/p>\n\n\n\n<p class=\"has-black-color has-text-color\">Reg. B.4136<br>P.V.P.: 85 \u20ac<br>N\u00fam. p\u00e0gines: 540<br>ISBN: 978-84-19715-04-3<br>ISMN: 979-0-3503-4332-2<\/p>\n\n\n\n<div class=\"wp-block-buttons is-layout-flex\">\n<div class=\"wp-block-button\"><a class=\"wp-block-button__link wp-element-button\" href=\"https:\/\/boileau-music.com\/ca\/obres\/composicion-y-orquestacion-para-bandas-sonoras-b.4136\" target=\"_blank\" rel=\"noreferrer noopener\">Comprar<\/a><\/div>\n<\/div>\n<\/div>\n<\/div>\n","protected":false},"excerpt":{"rendered":"<p>L&#8217;ajuda imprescindible per afrontar l&#8217;ambiciosa i complexa disciplina de la composici\u00f3 i l&#8217;orquestraci\u00f3 de bandes sonores. Un compendi d&#8217;aquelles q\u00fcestions fonamentals que tot compositor ha de saber. Composici\u00f3 i Orquestraci\u00f3 per a Bandes Sonores&nbsp;de Llu\u00eds Verg\u00e9s omple un buit en la bibliografia existent fins ara. A partir de l\u2019an\u00e0lisi de m\u00e9s de 700 exemples musicals, &hellip; <\/p>\n<p class=\"link-more\"><a href=\"https:\/\/www.myscores.es\/composicion-orquestacion-bandas-sonoras\/ca\/\" class=\"more-link\">Continua llegint <span class=\"screen-reader-text\">\u00abHome\u00bb<\/span><\/a><\/p>\n","protected":false},"author":1,"featured_media":0,"parent":0,"menu_order":0,"comment_status":"closed","ping_status":"closed","template":"","meta":[],"_links":{"self":[{"href":"https:\/\/www.myscores.es\/composicion-orquestacion-bandas-sonoras\/ca\/wp-json\/wp\/v2\/pages\/546"}],"collection":[{"href":"https:\/\/www.myscores.es\/composicion-orquestacion-bandas-sonoras\/ca\/wp-json\/wp\/v2\/pages"}],"about":[{"href":"https:\/\/www.myscores.es\/composicion-orquestacion-bandas-sonoras\/ca\/wp-json\/wp\/v2\/types\/page"}],"author":[{"embeddable":true,"href":"https:\/\/www.myscores.es\/composicion-orquestacion-bandas-sonoras\/ca\/wp-json\/wp\/v2\/users\/1"}],"replies":[{"embeddable":true,"href":"https:\/\/www.myscores.es\/composicion-orquestacion-bandas-sonoras\/ca\/wp-json\/wp\/v2\/comments?post=546"}],"version-history":[{"count":17,"href":"https:\/\/www.myscores.es\/composicion-orquestacion-bandas-sonoras\/ca\/wp-json\/wp\/v2\/pages\/546\/revisions"}],"predecessor-version":[{"id":922,"href":"https:\/\/www.myscores.es\/composicion-orquestacion-bandas-sonoras\/ca\/wp-json\/wp\/v2\/pages\/546\/revisions\/922"}],"wp:attachment":[{"href":"https:\/\/www.myscores.es\/composicion-orquestacion-bandas-sonoras\/ca\/wp-json\/wp\/v2\/media?parent=546"}],"curies":[{"name":"wp","href":"https:\/\/api.w.org\/{rel}","templated":true}]}}